{"id":667,"date":"2019-04-23T04:17:37","date_gmt":"2019-04-23T04:17:37","guid":{"rendered":"https:\/\/gintasset.com.vn\/co-cau-to-chuc\/ban-lanh-dao"},"modified":"2019-04-24T07:03:51","modified_gmt":"2019-04-24T07:03:51","slug":"ban-lanh-dao","status":"publish","type":"page","link":"https:\/\/gintasset.com.vn\/vi\/co-cau-to-chuc\/ban-lanh-dao\/","title":{"rendered":"Ban L\u00e3nh \u0111\u1ea1o"},"content":{"rendered":"<div class=\"nolwrap\">\t<div class=\"ex-tplist list-layout fct-lightbox list-style-1 style-classic\" id =\"extp-7172\">\r\n\t\t        \t\t<div class=\"ctlist\">\r\n\t\t<div class=\"tpitem-list item-grid\" data-id=\"ex_id-extp-7172-2534\"> \t\t\t\t\t<div class=\"exp-arrow exlightbox exlb-extp-7172\" \r\n\t\t\t\t\t href=\"https:\/\/gintasset.com.vn\/wp-content\/uploads\/2019\/05\/mrloi-1.jpg\" data-glightbox=\"descPosition: right;\" data-class=\"exlb-extp-7172\" >\r\n\t\t\t\t\t\t\t\t\t<div class=\"glightbox-desc\">\r\n\t\t      <div class=\"exp-lightbox-info\">\r\n\t<div class=\"lb-image\"><a href=\"https:\/\/gintasset.com.vn\/vi\/member\/ong-nguyen-van-loi-2\/\"><img loading=\"lazy\" decoding=\"async\" width=\"169\" height=\"244\" src=\"https:\/\/gintasset.com.vn\/wp-content\/uploads\/2019\/05\/mrloi-1.jpg\" class=\"attachment-full size-full wp-post-image\" alt=\"\" \/><\/a><\/div>\r\n    <div class=\"lb-info\">\r\n        <h3><a href=\"https:\/\/gintasset.com.vn\/vi\/member\/ong-nguyen-van-loi-2\/\">\u00d4ng Nguy\u1ec5n V\u0103n L\u1ee3i<\/a><\/h3>\r\n        <div class=\"exp-lightbox-meta\">\r\n            <div class=\"lb-social\"><\/div>\r\n                          <h5><span>Ch\u1ee9c v\u1ee5:<\/span>T\u1ed5ng Gi\u00e1m \u0111\u1ed1c<\/h5>\r\n                                                  <h5><span> Email: <\/span><a href=\"mailto:info@gintasset.com.vn\">info@gintasset.com.vn<\/a><\/h5>\r\n                    <\/div>\r\n        <p><div class=\"nolwrap\"><p>\u00d4ng L\u1ee3i l\u00e0 T\u1ed5ng gi\u00e1m \u0111\u1ed1c c\u1ee7a Gintasset, t\u1ed1t nghi\u1ec7p Tr\u01b0\u1eddng \u0110\u1ea1i H\u1ecdc Lu\u1eadt H\u00e0 N\u1ed9i. Tr\u01b0\u1edbc khi gia nh\u1eadp Gintasset v\u00e0o th\u00e1ng 9 n\u0103m 2013, Lu\u1eadt s\u01b0 L\u1ee3i c\u00f3 h\u01a1n 30 n\u0103m l\u00e0m th\u1ea9m ph\u00e1n t\u1ea1i T\u00f2a \u00e1n Nh\u00e2n d\u00e2n.<br \/>\n\u00d4ng c\u00f3 nhi\u1ec1u n\u0103m kinh nghi\u1ec7m trong vi\u1ec7c x\u00e9t x\u1eed c\u00e1c v\u1ee5 \u00e1n vi ph\u1ea1m v\u1ec1 s\u1edf h\u1eefu tr\u00ed tu\u1ec7, d\u00e2n s\u1ef1 v\u00e0 kinh t\u1ebf.<br \/>\n Ngo\u00e0i ra, \u00f4ng c\u00f2n tham gia \u0111\u00e0o t\u1ea1o, gi\u1ea3ng d\u1ea1y cho c\u00e1c h\u1ed9i th\u1ea3o c\u1ee7a m\u1ed9t s\u1ed1 B\u1ed9, Ng\u00e0nh v\u00e0 c\u00e1c tr\u01b0\u1eddng \u0110\u1ea1i h\u1ecdc trong c\u1ea3 n\u01b0\u1edbc.<br \/>\n\u00d4ng l\u00e0 th\u00e0nh vi\u00ean H\u1ed9i Lu\u1eadt gia Vi\u1ec7t Nam (VAL), Li\u00ean \u0110o\u00e0n Lu\u1eadt s\u01b0 Vi\u1ec7t Nam, Hi\u1ec7p h\u1ed9i c\u00e1c lu\u1eadt s\u01b0 S\u00e1ng ch\u1ebf Ch\u00e2u \u00e1 (APAA), Hi\u1ec7p h\u1ed9i Qu\u1ed1c t\u1ebf v\u1ec1 B\u1ea3o h\u1ed9 quy\u1ec1n S\u1edf h\u1eefu Tr\u00ed tu\u1ec7 (AIPPI).<\/p>\n<\/div><\/p>\r\n    <\/div>\r\n<\/div>\r\n\t\t    <\/div>\r\n    \t\t\t\t\t\t\t<figure class=\"tpstyle-list-1 tppost-2534\">\r\n  <div class=\"tplist-1-info\">\r\n    <div class=\"tplist-1-image\">\r\n        <a href=\"https:\/\/gintasset.com.vn\/vi\/member\/ong-nguyen-van-loi-2\/\"><img decoding=\"async\" src=\"https:\/\/gintasset.com.vn\/wp-content\/uploads\/2019\/05\/mrloi-1.jpg\"><\/a>\r\n    <\/div><figcaption>\r\n      <h3><a href=\"https:\/\/gintasset.com.vn\/vi\/member\/ong-nguyen-van-loi-2\/\">\u00d4ng Nguy\u1ec5n V\u0103n L\u1ee3i<\/a><\/h3><br>\r\n  \r\n<table class=\"list_nhan_su_style_1_table\">\r\n      <tr><td><b>Ch\u1ee9c v\u1ee5<\/b><\/td><td>:<\/td><td>T\u1ed5ng Gi\u00e1m \u0111\u1ed1c<\/td><\/tr>      \r\n\r\n      \r\n\r\n      <tr><td><b>Email<\/b><\/td><td>:<\/td><td><a href='mailto:info@gintasset.com.vn'>info@gintasset.com.vn<\/a><\/td><\/tr>      <\/table>\r\n\r\n\r\n            <p>\u00d4ng L\u1ee3i l\u00e0 T\u1ed5ng gi\u00e1m \u0111\u1ed1c c\u1ee7a Gintasset, t\u1ed1t nghi\u1ec7p Tr\u01b0\u1eddng \u0110\u1ea1i H\u1ecdc Lu\u1eadt H\u00e0 N\u1ed9i. Tr\u01b0\u1edbc khi gia nh\u1eadp Gintasset v\u00e0o th\u00e1ng 9 n\u0103m 2013, Lu\u1eadt s\u01b0 L\u1ee3i c\u00f3 h\u01a1n 30 n\u0103m l\u00e0m th\u1ea9m ph\u00e1n t\u1ea1i T\u00f2a \u00e1n Nh\u00e2n d\u00e2n. \u00d4ng c\u00f3 nhi\u1ec1u n\u0103m kinh nghi\u1ec7m trong vi\u1ec7c x\u00e9t...<\/p>\r\n                <\/figcaption>\r\n  <\/div>\r\n  <\/figure>\r\n\t\t\t\t\t<div class=\"exclearfix\"><\/div>\r\n\t\t\t\t\t<\/div>\r\n\t\t\t\t\t<\/div><div class=\"tpitem-list item-grid\" data-id=\"ex_id-extp-7172-558\"> \t\t\t\t\t<div class=\"exp-arrow exlightbox exlb-extp-7172\" \r\n\t\t\t\t\t href=\"https:\/\/gintasset.com.vn\/wp-content\/uploads\/2019\/05\/thuan.jpg\" data-glightbox=\"descPosition: right;\" data-class=\"exlb-extp-7172\" >\r\n\t\t\t\t\t\t\t\t\t<div class=\"glightbox-desc\">\r\n\t\t      <div class=\"exp-lightbox-info\">\r\n\t<div class=\"lb-image\"><a href=\"https:\/\/gintasset.com.vn\/vi\/member\/pham-quang-thuan\/\"><img loading=\"lazy\" decoding=\"async\" width=\"169\" height=\"244\" src=\"https:\/\/gintasset.com.vn\/wp-content\/uploads\/2019\/05\/thuan.jpg\" class=\"attachment-full size-full wp-post-image\" alt=\"\" \/><\/a><\/div>\r\n    <div class=\"lb-info\">\r\n        <h3><a href=\"https:\/\/gintasset.com.vn\/vi\/member\/pham-quang-thuan\/\">\u00d4ng Ph\u1ea1m Quang Thu\u1ea7n<\/a><\/h3>\r\n        <div class=\"exp-lightbox-meta\">\r\n            <div class=\"lb-social\"><\/div>\r\n                          <h5><span>Ch\u1ee9c v\u1ee5:<\/span>Tr\u01b0\u1edfng ph\u00f2ng t\u01b0 v\u1ea5n ph\u00e1p l\u00fd<\/h5>\r\n                                                  <h5><span> Email: <\/span><a href=\"mailto:info@gintasset.com.vn\">info@gintasset.com.vn<\/a><\/h5>\r\n                    <\/div>\r\n        <p><div class=\"nolwrap\"><p>\u00d4ng Thu\u1ea7n \u0111\u00e3 c\u00f3 b\u1eb1ng C\u1eed nh\u00e2n lu\u1eadt v\u00e0 Cao h\u1ecdc lu\u1eadt t\u1ea1i Tr\u01b0\u1eddng \u0110\u1ea1i H\u1ecdc lu\u1eadt H\u00e0 N\u1ed9i.<br \/>\nTr\u01b0\u1edbc khi l\u00e0m vi\u1ec7c \u1edf Gintasset, \u00f4ng \u0111\u00e3 l\u00e0m vi\u1ec7c t\u1ea1i m\u1ed9t s\u1ed1 h\u00e3ng lu\u1eadt danh ti\u1ebfng t\u1ea1i H\u00e0 N\u1ed9i, Vi\u1ec7t Nam. \u00d4ng Thu\u1ea7n \u0111\u00e3 g\u1eb7t h\u00e1i \u0111\u01b0\u1ee3c nhi\u1ec1u ki\u1ebfn th\u1ee9c v\u00e0 kinh nghi\u1ec7m qu\u00fd b\u00e1u trong c\u00e1c l\u0129nh v\u1ef1c ph\u00e1p lu\u1eadt v\u1ec1 \u0111\u1ea7u t\u01b0, th\u01b0\u01a1ng m\u1ea1i, c\u00f4ng ty, lao \u0111\u1ed9ng, thu\u1ebf, s\u1edf h\u1eefu tr\u00ed tu\u1ec7, v\u00e0 c\u00e1c l\u0129nh v\u1ef1c ph\u00e1p lu\u1eadt kh\u00e1c, m\u00e0 nh\u1edd \u0111\u00f3 \u00f4ng Thu\u1ea7n \u0111\u00e3 t\u1ea1o d\u1ef1ng \u0111\u01b0\u1ee3c cho m\u00ecnh m\u1ed9t n\u1ec1n t\u1ea3ng ph\u00e1p l\u00fd s\u00e2u r\u1ed9ng v\u00e0 v\u1eefng ch\u1eafc cho s\u1ef1 ph\u00e1t tri\u1ec3n chuy\u00ean m\u00f4n c\u1ee7a \u00f4ng Thu\u1ea7n sau n\u00e0y t\u1ea1i Gintasset.<br \/>\nLu\u1eadt s\u01b0 Thu\u1ea7n chuy\u00ean v\u1ec1 l\u0129nh v\u1ef1c t\u01b0 v\u1ea5n ph\u00e1p l\u00fd c\u1ea5u tr\u00fac doanh nghi\u1ec7p, mua b\u00e1n v\u00e0 s\u00e1p nh\u1eadp, tranh t\u1ee5ng th\u01b0\u01a1ng m\u1ea1i, v\u00e0 c\u00f2n m\u1edf r\u1ed9ng ra c\u00e1c l\u0129nh v\u1ef1c nh\u01b0 x\u00e2y d\u1ef1ng, c\u00f4ng ngh\u1ec7 th\u00f4ng tin, qu\u1ea3n l\u00fd c\u1ea3ng, b\u1ea3o hi\u1ec3m, v\u00e0 b\u1ea5t \u0111\u1ed9ng s\u1ea3n.<\/p>\n<\/div><\/p>\r\n    <\/div>\r\n<\/div>\r\n\t\t    <\/div>\r\n    \t\t\t\t\t\t\t<figure class=\"tpstyle-list-1 tppost-558\">\r\n  <div class=\"tplist-1-info\">\r\n    <div class=\"tplist-1-image\">\r\n        <a href=\"https:\/\/gintasset.com.vn\/vi\/member\/pham-quang-thuan\/\"><img decoding=\"async\" src=\"https:\/\/gintasset.com.vn\/wp-content\/uploads\/2019\/05\/thuan.jpg\"><\/a>\r\n    <\/div><figcaption>\r\n      <h3><a href=\"https:\/\/gintasset.com.vn\/vi\/member\/pham-quang-thuan\/\">\u00d4ng Ph\u1ea1m Quang Thu\u1ea7n<\/a><\/h3><br>\r\n  \r\n<table class=\"list_nhan_su_style_1_table\">\r\n      <tr><td><b>Ch\u1ee9c v\u1ee5<\/b><\/td><td>:<\/td><td>Tr\u01b0\u1edfng ph\u00f2ng t\u01b0 v\u1ea5n ph\u00e1p l\u00fd<\/td><\/tr>      \r\n\r\n      \r\n\r\n      <tr><td><b>Email<\/b><\/td><td>:<\/td><td><a href='mailto:info@gintasset.com.vn'>info@gintasset.com.vn<\/a><\/td><\/tr>      <\/table>\r\n\r\n\r\n            <p>\u00d4ng Thu\u1ea7n \u0111\u00e3 c\u00f3 b\u1eb1ng C\u1eed nh\u00e2n lu\u1eadt v\u00e0 Cao h\u1ecdc lu\u1eadt t\u1ea1i Tr\u01b0\u1eddng \u0110\u1ea1i H\u1ecdc lu\u1eadt H\u00e0 N\u1ed9i. Tr\u01b0\u1edbc khi l\u00e0m vi\u1ec7c \u1edf Gintasset, \u00f4ng \u0111\u00e3 l\u00e0m vi\u1ec7c t\u1ea1i m\u1ed9t s\u1ed1 h\u00e3ng lu\u1eadt danh ti\u1ebfng t\u1ea1i H\u00e0 N\u1ed9i, Vi\u1ec7t Nam. \u00d4ng Thu\u1ea7n \u0111\u00e3 g\u1eb7t h\u00e1i \u0111\u01b0\u1ee3c nhi\u1ec1u ki\u1ebfn th\u1ee9c...<\/p>\r\n                <\/figcaption>\r\n  <\/div>\r\n  <\/figure>\r\n\t\t\t\t\t<div class=\"exclearfix\"><\/div>\r\n\t\t\t\t\t<\/div>\r\n\t\t\t\t\t<\/div><div class=\"tpitem-list item-grid\" data-id=\"ex_id-extp-7172-2501\"> \t\t\t\t\t<div class=\"exp-arrow exlightbox exlb-extp-7172\" \r\n\t\t\t\t\t href=\"https:\/\/gintasset.com.vn\/wp-content\/uploads\/2019\/05\/hanh-1.jpg\" data-glightbox=\"descPosition: right;\" data-class=\"exlb-extp-7172\" >\r\n\t\t\t\t\t\t\t\t\t<div class=\"glightbox-desc\">\r\n\t\t      <div class=\"exp-lightbox-info\">\r\n\t<div class=\"lb-image\"><a href=\"https:\/\/gintasset.com.vn\/vi\/member\/ba-nguyen-bich-hanh\/\"><img loading=\"lazy\" decoding=\"async\" width=\"169\" height=\"244\" src=\"https:\/\/gintasset.com.vn\/wp-content\/uploads\/2019\/05\/hanh-1.jpg\" class=\"attachment-full size-full wp-post-image\" alt=\"\" \/><\/a><\/div>\r\n    <div class=\"lb-info\">\r\n        <h3><a href=\"https:\/\/gintasset.com.vn\/vi\/member\/ba-nguyen-bich-hanh\/\">B\u00e0 Nguy\u1ec5n B\u00edch H\u1ea1nh<\/a><\/h3>\r\n        <div class=\"exp-lightbox-meta\">\r\n            <div class=\"lb-social\"><\/div>\r\n                          <h5><span>Ch\u1ee9c v\u1ee5:<\/span>Gi\u00e1m \u0111\u1ed1c - Ban L\u00e3nh \u0111\u1ea1o<\/h5>\r\n                                                  <h5><span> Email: <\/span><a href=\"mailto:info@gintasset.com.vn\">info@gintasset.com.vn<\/a><\/h5>\r\n                    <\/div>\r\n        <p><div class=\"nolwrap\"><p>B\u00e0 H\u1ea1nh t\u1ed1t nghi\u1ec7p tr\u01b0\u1eddng \u0110\u1ea1i h\u1ecdc B\u00e1ch Khoa H\u00e0 N\u1ed9i v\u00e0 \u0110\u1ea1i H\u1ecdc Ngo\u1ea1i Ng\u1eef H\u00e0 N\u1ed9i. L\u0129nh v\u1ef1c chuy\u00ean m\u00f4n c\u1ee7a b\u00e0 l\u00e0 t\u01b0 v\u1ea5n v\u1ec1 s\u00e1ng ch\u1ebf v\u00e0 nh\u00e3n hi\u1ec7u. B\u00e0 H\u1ea1nh \u0111\u00e3 t\u01b0 v\u1ea5n v\u00e0 tr\u1ef1c ti\u1ebfp h\u1ed7 tr\u1ee3 c\u00e1c kh\u00e1ch h\u00e0ng \u1edf Vi\u1ec7t Nam, L\u00e0o, Campuchia v\u00e0 nhi\u1ec1u n\u01b0\u1edbc kh\u00e1c th\u1ef1c hi\u1ec7n vi\u1ec7c \u0111\u0103ng k\u00fd b\u1ea3o h\u1ed9 quy\u1ec1n s\u1edf h\u1eefu tr\u00ed tu\u1ec7 \u0111\u1ed1i v\u1edbi c\u00e1c s\u00e1ng ch\u1ebf, gi\u1ea3i ph\u00e1p h\u1eefu \u00edch, nh\u00e3n hi\u1ec7u v\u00e0 ki\u1ec3u d\u00e1ng c\u00f4ng nghi\u1ec7p. B\u00e0<span class=\"tlid-translation translation\" lang=\"vi\"><span class=\"\" title=\"\"> c\u0169ng \u0111\u00e3 ho\u00e0n th\u00e0nh nhi\u1ec1u kh\u00f3a \u0111\u00e0o t\u1ea1o v\u1ec1 IP do ASEAN IPA, WIPO v\u00e0 C\u1ee5c s\u1edf h\u1eefu tr\u00ed tu\u1ec7 Vi\u1ec7t Nam t\u1ed5 ch\u1ee9c.<\/span><\/span><\/p>\n<\/div><\/p>\r\n    <\/div>\r\n<\/div>\r\n\t\t    <\/div>\r\n    \t\t\t\t\t\t\t<figure class=\"tpstyle-list-1 tppost-2501\">\r\n  <div class=\"tplist-1-info\">\r\n    <div class=\"tplist-1-image\">\r\n        <a href=\"https:\/\/gintasset.com.vn\/vi\/member\/ba-nguyen-bich-hanh\/\"><img decoding=\"async\" src=\"https:\/\/gintasset.com.vn\/wp-content\/uploads\/2019\/05\/hanh-1.jpg\"><\/a>\r\n    <\/div><figcaption>\r\n      <h3><a href=\"https:\/\/gintasset.com.vn\/vi\/member\/ba-nguyen-bich-hanh\/\">B\u00e0 Nguy\u1ec5n B\u00edch H\u1ea1nh<\/a><\/h3><br>\r\n  \r\n<table class=\"list_nhan_su_style_1_table\">\r\n      <tr><td><b>Ch\u1ee9c v\u1ee5<\/b><\/td><td>:<\/td><td>Gi\u00e1m \u0111\u1ed1c - Ban L\u00e3nh \u0111\u1ea1o<\/td><\/tr>      \r\n\r\n      \r\n\r\n      <tr><td><b>Email<\/b><\/td><td>:<\/td><td><a href='mailto:info@gintasset.com.vn'>info@gintasset.com.vn<\/a><\/td><\/tr>      <\/table>\r\n\r\n\r\n            <p>B\u00e0 H\u1ea1nh t\u1ed1t nghi\u1ec7p tr\u01b0\u1eddng \u0110\u1ea1i h\u1ecdc B\u00e1ch Khoa H\u00e0 N\u1ed9i v\u00e0 \u0110\u1ea1i H\u1ecdc Ngo\u1ea1i Ng\u1eef H\u00e0 N\u1ed9i. L\u0129nh v\u1ef1c chuy\u00ean m\u00f4n c\u1ee7a b\u00e0 l\u00e0 t\u01b0 v\u1ea5n v\u1ec1 s\u00e1ng ch\u1ebf v\u00e0 nh\u00e3n hi\u1ec7u. B\u00e0 H\u1ea1nh \u0111\u00e3 t\u01b0 v\u1ea5n v\u00e0 tr\u1ef1c ti\u1ebfp h\u1ed7 tr\u1ee3 c\u00e1c kh\u00e1ch h\u00e0ng \u1edf Vi\u1ec7t Nam, L\u00e0o,...<\/p>\r\n                <\/figcaption>\r\n  <\/div>\r\n  <\/figure>\r\n\t\t\t\t\t<div class=\"exclearfix\"><\/div>\r\n\t\t\t\t\t<\/div>\r\n\t\t\t\t\t<\/div><div class=\"tpitem-list item-grid\" data-id=\"ex_id-extp-7172-648\"> \t\t\t\t\t<div class=\"exp-arrow exlightbox exlb-extp-7172\" \r\n\t\t\t\t\t href=\"https:\/\/gintasset.com.vn\/wp-content\/uploads\/2019\/05\/bo2.jpg\" data-glightbox=\"descPosition: right;\" data-class=\"exlb-extp-7172\" >\r\n\t\t\t\t\t\t\t\t\t<div class=\"glightbox-desc\">\r\n\t\t      <div class=\"exp-lightbox-info\">\r\n\t<div class=\"lb-image\"><a href=\"https:\/\/gintasset.com.vn\/vi\/member\/ong-le-dong-bo\/\"><img loading=\"lazy\" decoding=\"async\" width=\"169\" height=\"244\" src=\"https:\/\/gintasset.com.vn\/wp-content\/uploads\/2019\/05\/bo2.jpg\" class=\"attachment-full size-full wp-post-image\" alt=\"\" \/><\/a><\/div>\r\n    <div class=\"lb-info\">\r\n        <h3><a href=\"https:\/\/gintasset.com.vn\/vi\/member\/ong-le-dong-bo\/\">\u00d4ng L\u00ea \u0110\u00f4ng B\u1ed9<\/a><\/h3>\r\n        <div class=\"exp-lightbox-meta\">\r\n            <div class=\"lb-social\"><\/div>\r\n                          <h5><span>Ch\u1ee9c v\u1ee5:<\/span>Ph\u00f3 Gi\u00e1m \u0111\u1ed1c - Ban L\u00e3nh \u0111\u1ea1o<\/h5>\r\n                                                  <h5><span> Email: <\/span><a href=\"mailto:info@gintasset.com.vn\">info@gintasset.com.vn<\/a><\/h5>\r\n                    <\/div>\r\n        <p><div class=\"nolwrap\"><p>\u00d4ng B\u1ed9 l\u00e0 m\u1ed9t trong nh\u1eefng th\u00e0nh vi\u00ean s\u00e1ng l\u1eadp c\u1ee7a GINTASSET. \u00d4ng t\u1ed1t nghi\u1ec7p \u0110\u1ea1i h\u1ecdc Lu\u1eadt H\u00e0 N\u1ed9i. L\u0129nh v\u1ef1c chuy\u00ean m\u00f4n c\u1ee7a \u00f4ng l\u00e0 c\u00e1c v\u1ea5n \u0111\u1ec1 v\u1ec1 s\u00e1ng ch\u1ebf v\u00e0 s\u1edf h\u1eefu tr\u00ed tu\u1ec7 nh\u01b0 d\u1ecbch thu\u1eadt, chu\u1ea9n b\u1ecb v\u00e0 truy t\u1ed1 trong c\u00e1c v\u1ee5 vi\u1ec7c v\u1ec1 s\u00e1ng ch\u1ebf trong l\u0129nh v\u1ef1c \u0111i\u1ec7n t\u1eed, c\u00f4ng ngh\u1ec7 m\u00e1y t\u00ednh, c\u00f4ng ngh\u1ec7 sinh h\u1ecdc v\u00e0 c\u00f4ng ngh\u1ec7 h\u00f3a h\u1ecdc v\u00e0 t\u01b0 v\u1ea5n v\u1ec1 c\u00e1c chi\u1ebfn l\u01b0\u1ee3c \u0111\u1ec3 duy tr\u00ec v\u00e0 b\u1ea3o h\u1ed9 quy\u1ec1n s\u1edf h\u1eefu tr\u00ed tu\u1ec7 .<\/p>\n<\/div><\/p>\r\n    <\/div>\r\n<\/div>\r\n\t\t    <\/div>\r\n    \t\t\t\t\t\t\t<figure class=\"tpstyle-list-1 tppost-648\">\r\n  <div class=\"tplist-1-info\">\r\n    <div class=\"tplist-1-image\">\r\n        <a href=\"https:\/\/gintasset.com.vn\/vi\/member\/ong-le-dong-bo\/\"><img decoding=\"async\" src=\"https:\/\/gintasset.com.vn\/wp-content\/uploads\/2019\/05\/bo2.jpg\"><\/a>\r\n    <\/div><figcaption>\r\n      <h3><a href=\"https:\/\/gintasset.com.vn\/vi\/member\/ong-le-dong-bo\/\">\u00d4ng L\u00ea \u0110\u00f4ng B\u1ed9<\/a><\/h3><br>\r\n  \r\n<table class=\"list_nhan_su_style_1_table\">\r\n      <tr><td><b>Ch\u1ee9c v\u1ee5<\/b><\/td><td>:<\/td><td>Ph\u00f3 Gi\u00e1m \u0111\u1ed1c - Ban L\u00e3nh \u0111\u1ea1o<\/td><\/tr>      \r\n\r\n      \r\n\r\n      <tr><td><b>Email<\/b><\/td><td>:<\/td><td><a href='mailto:info@gintasset.com.vn'>info@gintasset.com.vn<\/a><\/td><\/tr>      <\/table>\r\n\r\n\r\n            <p>\u00d4ng B\u1ed9 l\u00e0 m\u1ed9t trong nh\u1eefng th\u00e0nh vi\u00ean s\u00e1ng l\u1eadp c\u1ee7a GINTASSET. \u00d4ng t\u1ed1t nghi\u1ec7p \u0110\u1ea1i h\u1ecdc Lu\u1eadt H\u00e0 N\u1ed9i. L\u0129nh v\u1ef1c chuy\u00ean m\u00f4n c\u1ee7a \u00f4ng l\u00e0 c\u00e1c v\u1ea5n \u0111\u1ec1 v\u1ec1 s\u00e1ng ch\u1ebf v\u00e0 s\u1edf h\u1eefu tr\u00ed tu\u1ec7 nh\u01b0 d\u1ecbch thu\u1eadt, chu\u1ea9n b\u1ecb v\u00e0 truy t\u1ed1 trong c\u00e1c v\u1ee5 vi\u1ec7c...<\/p>\r\n                <\/figcaption>\r\n  <\/div>\r\n  <\/figure>\r\n\t\t\t\t\t<div class=\"exclearfix\"><\/div>\r\n\t\t\t\t\t<\/div>\r\n\t\t\t\t\t<\/div><div class=\"tpitem-list item-grid\" data-id=\"ex_id-extp-7172-656\"> \t\t\t\t\t<div class=\"exp-arrow exlightbox exlb-extp-7172\" \r\n\t\t\t\t\t href=\"https:\/\/gintasset.com.vn\/wp-content\/uploads\/2019\/04\/hangnh.jpg\" data-glightbox=\"descPosition: right;\" data-class=\"exlb-extp-7172\" >\r\n\t\t\t\t\t\t\t\t\t<div class=\"glightbox-desc\">\r\n\t\t      <div class=\"exp-lightbox-info\">\r\n\t<div class=\"lb-image\"><a href=\"https:\/\/gintasset.com.vn\/vi\/member\/ba-nguyen-thuy-hang\/\"><img loading=\"lazy\" decoding=\"async\" width=\"169\" height=\"244\" src=\"https:\/\/gintasset.com.vn\/wp-content\/uploads\/2019\/04\/hangnh.jpg\" class=\"attachment-full size-full wp-post-image\" alt=\"\" \/><\/a><\/div>\r\n    <div class=\"lb-info\">\r\n        <h3><a href=\"https:\/\/gintasset.com.vn\/vi\/member\/ba-nguyen-thuy-hang\/\">B\u00e0 Nguy\u1ec5n Th\u00fay H\u1eb1ng<\/a><\/h3>\r\n        <div class=\"exp-lightbox-meta\">\r\n            <div class=\"lb-social\"><\/div>\r\n                          <h5><span>Ch\u1ee9c v\u1ee5:<\/span>Tr\u01b0\u1edfng ph\u00f2ng Nh\u00e3n hi\u1ec7u - Ban L\u00e3nh \u0111\u1ea1o<\/h5>\r\n                                                  <h5><span> Email: <\/span><a href=\"mailto:info@gintasset.com.vn\">info@gintasset.com.vn<\/a><\/h5>\r\n                    <\/div>\r\n        <p><div class=\"nolwrap\"><p>B\u00e0 H\u1eb1ng l\u00e0 th\u00e0nh vi\u00ean c\u1ee7a Gintasset, t\u1ed1t nghi\u1ec7p \u0110\u1ea1i h\u1ecdc Ngo\u1ea1i ng\u1eef H\u00e0 N\u1ed9i v\u00e0 \u0110\u1ea1i h\u1ecdc Lu\u1eadt H\u00e0 N\u1ed9i. Tr\u01b0\u1edbc khi gia nh\u1eadp Gintasset, b\u00e0 l\u00e0m vi\u1ec7c t\u1ea1i Ph\u00f2ng ph\u00e1p ch\u1ebf &#8211; T\u1ed5ng c\u00f4ng ty Th\u00e9p Vi\u1ec7t Nam. B\u00e0 \u0111\u1ea1i di\u1ec7n cho kh\u00e1ch h\u00e0ng trong v\u00e0 ngo\u00e0i n\u01b0\u1edbc trong c\u00e1c v\u1ea5n \u0111\u1ec1 li\u00ean quan \u0111\u1ebfn IP \u1edf Vi\u1ec7t Nam v\u00e0 c\u00e1c n\u01b0\u1edbc trong khu v\u1ef1c.<\/p>\n<p>B\u00e0 l\u00e0 th\u00e0nh vi\u00ean c\u1ee7a Hi\u1ec7p h\u1ed9i S\u1edf h\u1eefu tr\u00ed tu\u1ec7 ASEAN\u00a0 (ASEAN IPA), Hi\u1ec7p h\u1ed9i qu\u1ed1c t\u1ebf v\u1ec1 B\u1ea3o h\u1ed9 S\u1edf h\u1eefu tr\u00ed tu\u1ec7 (AIPPI), H i\u1ec7p h\u1ed9i Nh\u00e3n hi\u1ec7u Qu\u1ed1c t\u1ebf (INTA)<\/p>\n<\/div><\/p>\r\n    <\/div>\r\n<\/div>\r\n\t\t    <\/div>\r\n    \t\t\t\t\t\t\t<figure class=\"tpstyle-list-1 tppost-656\">\r\n  <div class=\"tplist-1-info\">\r\n    <div class=\"tplist-1-image\">\r\n        <a href=\"https:\/\/gintasset.com.vn\/vi\/member\/ba-nguyen-thuy-hang\/\"><img decoding=\"async\" src=\"https:\/\/gintasset.com.vn\/wp-content\/uploads\/2019\/04\/hangnh.jpg\"><\/a>\r\n    <\/div><figcaption>\r\n      <h3><a href=\"https:\/\/gintasset.com.vn\/vi\/member\/ba-nguyen-thuy-hang\/\">B\u00e0 Nguy\u1ec5n Th\u00fay H\u1eb1ng<\/a><\/h3><br>\r\n  \r\n<table class=\"list_nhan_su_style_1_table\">\r\n      <tr><td><b>Ch\u1ee9c v\u1ee5<\/b><\/td><td>:<\/td><td>Tr\u01b0\u1edfng ph\u00f2ng Nh\u00e3n hi\u1ec7u - Ban L\u00e3nh \u0111\u1ea1o<\/td><\/tr>      \r\n\r\n      \r\n\r\n      <tr><td><b>Email<\/b><\/td><td>:<\/td><td><a href='mailto:info@gintasset.com.vn'>info@gintasset.com.vn<\/a><\/td><\/tr>      <\/table>\r\n\r\n\r\n            <p>B\u00e0 H\u1eb1ng l\u00e0 th\u00e0nh vi\u00ean c\u1ee7a Gintasset, t\u1ed1t nghi\u1ec7p \u0110\u1ea1i h\u1ecdc Ngo\u1ea1i ng\u1eef H\u00e0 N\u1ed9i v\u00e0 \u0110\u1ea1i h\u1ecdc Lu\u1eadt H\u00e0 N\u1ed9i. Tr\u01b0\u1edbc khi gia nh\u1eadp Gintasset, b\u00e0 l\u00e0m vi\u1ec7c t\u1ea1i Ph\u00f2ng ph\u00e1p ch\u1ebf &#8211; T\u1ed5ng c\u00f4ng ty Th\u00e9p Vi\u1ec7t Nam. B\u00e0 \u0111\u1ea1i di\u1ec7n cho kh\u00e1ch h\u00e0ng trong v\u00e0 ngo\u00e0i n\u01b0\u1edbc...<\/p>\r\n                <\/figcaption>\r\n  <\/div>\r\n  <\/figure>\r\n\t\t\t\t\t<div class=\"exclearfix\"><\/div>\r\n\t\t\t\t\t<\/div>\r\n\t\t\t\t\t<\/div>\t\t<\/div>\r\n\t\t        \t<\/div>\r\n\t\r\n\t\n<\/div>","protected":false},"excerpt":{"rendered":"","protected":false},"author":1,"featured_media":0,"parent":588,"menu_order":4,"comment_status":"closed","ping_status":"closed","template":"","meta":{"footnotes":""},"class_list":["post-667","page","type-page","status-publish"],"_links":{"self":[{"href":"https:\/\/gintasset.com.vn\/vi\/wp-json\/wp\/v2\/pages\/667\/"}],"collection":[{"href":"https:\/\/gintasset.com.vn\/vi\/wp-json\/wp\/v2\/pages\/"}],"about":[{"href":"https:\/\/gintasset.com.vn\/vi\/wp-json\/wp\/v2\/types\/page\/"}],"author":[{"embeddable":true,"href":"https:\/\/gintasset.com.vn\/vi\/wp-json\/wp\/v2\/users\/1\/"}],"replies":[{"embeddable":true,"href":"https:\/\/gintasset.com.vn\/vi\/wp-json\/wp\/v2\/comments\/?post=667"}],"version-history":[{"count":1,"href":"https:\/\/gintasset.com.vn\/vi\/wp-json\/wp\/v2\/pages\/667\/revisions\/"}],"predecessor-version":[{"id":734,"href":"https:\/\/gintasset.com.vn\/vi\/wp-json\/wp\/v2\/pages\/667\/revisions\/734\/"}],"up":[{"embeddable":true,"href":"https:\/\/gintasset.com.vn\/vi\/wp-json\/wp\/v2\/pages\/588\/"}],"wp:attachment":[{"href":"https:\/\/gintasset.com.vn\/vi\/wp-json\/wp\/v2\/media\/?parent=667"}],"curies":[{"name":"wp","href":"https:\/\/api.w.org\/{rel}","templated":true}]}}