{"id":627,"date":"2019-04-17T18:39:24","date_gmt":"2019-04-17T18:39:24","guid":{"rendered":"https:\/\/gintasset.com.vn\/dich-vu\/sap-nhap-va-mua-lai-ma"},"modified":"2019-04-24T04:15:40","modified_gmt":"2019-04-24T04:15:40","slug":"sap-nhap-va-mua-lai-ma","status":"publish","type":"page","link":"https:\/\/gintasset.com.vn\/vi\/dich-vu\/sap-nhap-va-mua-lai-ma\/","title":{"rendered":"S\u00e1p nh\u1eadp v\u00e0 mua l\u1ea1i (M&#038;A)"},"content":{"rendered":"<div class=\"nolwrap\"><p><strong>C\u00e1c d\u1ecbch v\u1ee5 trong l\u0129nh v\u1ef1c n\u00e0y c\u1ee7a ch\u00fang t\u00f4i g\u1ed3m: <\/strong><\/p>\n<p>&#8211; H\u1ed7 tr\u1ee3 trong c\u00e1c cu\u1ed9c \u0111\u00e0m ph\u00e1n<\/p>\n<p>&#8211;\u00a0\u00a0Ki\u1ec3m to\u00e1n ph\u00e1p l\u00fd v\u00e0 t\u00e0i ch\u00ednh, datarooms, \u0111\u00e1nh gi\u00e1 v\u1edbi tr\u00e1ch nhi\u1ec7m cao nh\u1ea5t (due diligence)<\/p>\n<p>&#8211;\u00a0\u00a0Lu\u1eadt h\u1ee3p \u0111\u1ed3ng<\/p>\n<p>&#8211;\u00a0\u00a0Ch\u1ebf \u0111\u1ed9 thu\u1ebf kh\u00f3a trong v\u00e0 ngo\u00e0i n\u01b0\u1edbc<\/p>\n<p>&#8211;\u00a0\u00a0Lu\u1eadt C\u1ea1nh tranh<\/p>\n<p>&#8211;\u00a0\u00a0Ph\u00e1p lu\u1eadt v\u1ec1 lao \u0111\u1ed9ng, an sinh x\u00e3 h\u1ed9i<\/p>\n<p>&#8211;\u00a0\u00a0Lu\u1eadt doanh nghi\u1ec7p<\/p>\n<\/div>","protected":false},"excerpt":{"rendered":"<p>C\u00e1c d\u1ecbch v\u1ee5 trong l\u0129nh v\u1ef1c n\u00e0y c\u1ee7a ch\u00fang t\u00f4i g\u1ed3m: &#8211; H\u1ed7 tr\u1ee3 trong c\u00e1c cu\u1ed9c \u0111\u00e0m ph\u00e1n &#8211;\u00a0\u00a0Ki\u1ec3m to\u00e1n ph\u00e1p l\u00fd v\u00e0 t\u00e0i ch\u00ednh, datarooms, \u0111\u00e1nh gi\u00e1 v\u1edbi tr\u00e1ch nhi\u1ec7m cao nh\u1ea5t (due diligence) &#8211;\u00a0\u00a0Lu\u1eadt h\u1ee3p \u0111\u1ed3ng &#8211;\u00a0\u00a0Ch\u1ebf \u0111\u1ed9 thu\u1ebf kh\u00f3a trong v\u00e0 ngo\u00e0i n\u01b0\u1edbc &#8211;\u00a0\u00a0Lu\u1eadt C\u1ea1nh tranh &#8211;\u00a0\u00a0Ph\u00e1p lu\u1eadt v\u1ec1 lao \u0111\u1ed9ng, [&hellip;]<\/p>\n","protected":false},"author":1,"featured_media":0,"parent":600,"menu_order":12,"comment_status":"closed","ping_status":"closed","template":"","meta":{"footnotes":""},"class_list":["post-627","page","type-page","status-publish"],"_links":{"self":[{"href":"https:\/\/gintasset.com.vn\/vi\/wp-json\/wp\/v2\/pages\/627\/"}],"collection":[{"href":"https:\/\/gintasset.com.vn\/vi\/wp-json\/wp\/v2\/pages\/"}],"about":[{"href":"https:\/\/gintasset.com.vn\/vi\/wp-json\/wp\/v2\/types\/page\/"}],"author":[{"embeddable":true,"href":"https:\/\/gintasset.com.vn\/vi\/wp-json\/wp\/v2\/users\/1\/"}],"replies":[{"embeddable":true,"href":"https:\/\/gintasset.com.vn\/vi\/wp-json\/wp\/v2\/comments\/?post=627"}],"version-history":[{"count":1,"href":"https:\/\/gintasset.com.vn\/vi\/wp-json\/wp\/v2\/pages\/627\/revisions\/"}],"predecessor-version":[{"id":710,"href":"https:\/\/gintasset.com.vn\/vi\/wp-json\/wp\/v2\/pages\/627\/revisions\/710\/"}],"up":[{"embeddable":true,"href":"https:\/\/gintasset.com.vn\/vi\/wp-json\/wp\/v2\/pages\/600\/"}],"wp:attachment":[{"href":"https:\/\/gintasset.com.vn\/vi\/wp-json\/wp\/v2\/media\/?parent=627"}],"curies":[{"name":"wp","href":"https:\/\/api.w.org\/{rel}","templated":true}]}}