{"id":611,"date":"2019-04-17T18:35:04","date_gmt":"2019-04-17T18:35:04","guid":{"rendered":"https:\/\/gintasset.com.vn\/lien-he"},"modified":"2019-05-29T07:43:31","modified_gmt":"2019-05-29T07:43:31","slug":"lien-he","status":"publish","type":"page","link":"https:\/\/gintasset.com.vn\/vi\/lien-he\/","title":{"rendered":"Li\u00ean h\u1ec7"},"content":{"rendered":"<div class=\"nolwrap\"><aside class=\"td_block_template_1 extendedwopts-col col-md-12 col-sm-12 col-xs-12 widget widget_text\" data-animation-event=\"enters\">\n<div class=\"textwidget\">\n<p><b>V\u0103n ph\u00f2ng t\u1ea1i H\u00e0 N\u1ed9i<\/b><br \/>\nS\u1ed1 54 Tr\u1ea7n Qu\u1ed1c V\u01b0\u1ee3ng, C\u1ea7u Gi\u1ea5y, H\u00e0 N\u1ed9i<br \/>\nEmail: <a href=\"mailto:info@gintasset.com.vn\">info@gintasset.com.vn<\/a><br \/>\n\u0110i\u1ec7n tho\u1ea1i: (+84) 024 3775 5989 | Fax: (+84) 024 3775 4852<br \/>\nWebsite: <a href=\"http:\/\/gintasset.com.vn\">www.gintasset.com.vn<\/a><\/p>\n<p><b>V\u0103n ph\u00f2ng chi nh\u00e1nh TPHCM<\/b><br \/>\nT\u00f2a nh\u00e0 Harbour View, 35 Nguy\u1ec5n Hu\u1ec7, L\u1ea7u 2, ph\u00f2ng 204, ph\u01b0\u1eddng B\u1ebfn Ngh\u00e9, qu\u1eadn 1, TP.HCM, Vi\u1ec7t Nam<br \/>\nEmail: saigon@gintasset.com.vn<br \/>\nTel: (+84) 028 38210608 | Fax: (+84) 028 38218292<\/p>\n<p><img loading=\"lazy\" decoding=\"async\" class=\"aligncenter wp-image-2625 size-full\" src=\"http:\/\/gintasset.com.vn\/wp-content\/uploads\/2019\/05\/map-new_gintasset-1-3-e1559115687571.jpg\" alt=\"\" width=\"2339\" height=\"1408\" \/><\/p>\n<\/div>\n<\/aside>\n<\/div>","protected":false},"excerpt":{"rendered":"<p>V\u0103n ph\u00f2ng t\u1ea1i H\u00e0 N\u1ed9i S\u1ed1 54 Tr\u1ea7n Qu\u1ed1c V\u01b0\u1ee3ng, C\u1ea7u Gi\u1ea5y, H\u00e0 N\u1ed9i Email: info@gintasset.com.vn \u0110i\u1ec7n tho\u1ea1i: (+84) 024 3775 5989 | Fax: (+84) 024 3775 4852 Website: www.gintasset.com.vn V\u0103n ph\u00f2ng chi nh\u00e1nh TPHCM T\u00f2a nh\u00e0 Harbour View, 35 Nguy\u1ec5n Hu\u1ec7, L\u1ea7u 2, ph\u00f2ng 204, ph\u01b0\u1eddng B\u1ebfn Ngh\u00e9, qu\u1eadn 1, TP.HCM, Vi\u1ec7t Nam Email: [&hellip;]<\/p>\n","protected":false},"author":1,"featured_media":0,"parent":0,"menu_order":44,"comment_status":"closed","ping_status":"closed","template":"","meta":{"footnotes":""},"class_list":["post-611","page","type-page","status-publish"],"_links":{"self":[{"href":"https:\/\/gintasset.com.vn\/vi\/wp-json\/wp\/v2\/pages\/611\/"}],"collection":[{"href":"https:\/\/gintasset.com.vn\/vi\/wp-json\/wp\/v2\/pages\/"}],"about":[{"href":"https:\/\/gintasset.com.vn\/vi\/wp-json\/wp\/v2\/types\/page\/"}],"author":[{"embeddable":true,"href":"https:\/\/gintasset.com.vn\/vi\/wp-json\/wp\/v2\/users\/1\/"}],"replies":[{"embeddable":true,"href":"https:\/\/gintasset.com.vn\/vi\/wp-json\/wp\/v2\/comments\/?post=611"}],"version-history":[{"count":2,"href":"https:\/\/gintasset.com.vn\/vi\/wp-json\/wp\/v2\/pages\/611\/revisions\/"}],"predecessor-version":[{"id":2628,"href":"https:\/\/gintasset.com.vn\/vi\/wp-json\/wp\/v2\/pages\/611\/revisions\/2628\/"}],"wp:attachment":[{"href":"https:\/\/gintasset.com.vn\/vi\/wp-json\/wp\/v2\/media\/?parent=611"}],"curies":[{"name":"wp","href":"https:\/\/api.w.org\/{rel}","templated":true}]}}