{"id":608,"date":"2019-04-17T18:34:05","date_gmt":"2019-04-17T18:34:05","guid":{"rendered":"https:\/\/gintasset.com.vn\/dich-vu\/dich-vu-phap-ly"},"modified":"2019-04-24T04:17:42","modified_gmt":"2019-04-24T04:17:42","slug":"dich-vu-phap-ly","status":"publish","type":"page","link":"https:\/\/gintasset.com.vn\/vi\/dich-vu\/dich-vu-phap-ly\/","title":{"rendered":"D\u1ecbch v\u1ee5 ph\u00e1p l\u00fd"},"content":{"rendered":"<div class=\"nolwrap\"><p><strong>C\u00e1c d\u1ecbch v\u1ee5 trong l\u0129nh v\u1ef1c n\u00e0y c\u1ee7a ch\u00fang t\u00f4i g\u1ed3m: <\/strong><\/p>\n<p>&#8211; Tham gia tranh t\u1ee5ng b\u00e0o ch\u1eefa cho c\u00e1c b\u1ecb can, b\u1ecb c\u00e1o, b\u1ea3o v\u1ec7 quy\u1ec1n l\u1ee3i ng\u01b0\u1eddi b\u1ecb h\u1ea1i, nguy\u00ean \u0111\u01a1n d\u00e2n s\u1ef1, b\u1ecb \u0111\u01a1n d\u00e2n s\u1ef1 trong nh\u1eefng v\u1ee5 \u00e1n h\u00ecnh s\u1ef1.<\/p>\n<p>&#8211; Tham gia tranh t\u1ee5ng v\u1edbi t\u01b0 c\u00e1ch l\u00e0 Lu\u1eadt s\u01b0 ho\u1eb7c \u0111\u1ea1i di\u1ec7n theo u\u1ef7 quy\u1ec1n, b\u1ea3o v\u1ec7 quy\u1ec1n v\u00e0 l\u1ee3i \u00edch h\u1ee3p ph\u00e1p cho c\u00e1c t\u1ed5 ch\u1ee9c, c\u00e1 nh\u00e2n trong c\u00e1c v\u1ee5, vi\u1ec7c v\u1ec1 S\u1edf h\u1eefu Tr\u00ed tu\u1ec7, D\u00e2n s\u1ef1, Kinh t\u1ebf, Lao \u0111\u1ed9ng, H\u00e0nh ch\u00ednh,&#8230;<\/p>\n<p>&#8211; \u0110\u1ea1i di\u1ec7n cho kh\u00e1ch h\u00e0ng l\u00e0m th\u1ee7 t\u1ee5c th\u00e0nh l\u1eadp, thay \u0111\u1ed5i n\u1ed9i dung \u0111\u0103ng k\u00fd kinh doanh, chia t\u00e1ch, s\u00e1p nh\u1eadp, gi\u1ea3i th\u1ec3, ph\u00e1 s\u1ea3n, c\u1ed5 ph\u1ea7n ho\u00e1 c\u00e1c lo\u1ea1i h\u00ecnh doanh nghi\u1ec7p, tham gia t\u1ed1 t\u1ee5ng tr\u01b0\u1edbc Trung t\u00e2m Tr\u1ecdng t\u00e0i th\u01b0\u01a1ng m\u1ea1i \u0111\u1ec3 gi\u1ea3i quy\u1ebft c\u00e1c tranh ch\u1ea5p kinh t\u1ebf, y\u00eau c\u1ea7u c\u00f4ng nh\u1eadn v\u00e0 cho thi h\u00e0nh c\u00e1c b\u1ea3n \u00e1n.<\/p>\n<p>&#8211; \u0110\u1ea1i di\u1ec7n kh\u00e1ch h\u00e0ng kh\u1edfi ki\u1ec7n, \u0111\u00f2i b\u1ed3i th\u01b0\u1eddng thi\u1ec7t h\u1ea1i v\u1edbi c\u00e1c h\u00e0nh vi x\u00e2m ph\u1ea1m quy\u1ec1n s\u1edf h\u1eefu c\u00f4ng nghi\u1ec7p, quy\u1ec1n t\u00e1c gi\u1ea3 nh\u00e3n hi\u1ec7u.<\/p>\n<p>&#8211; \u0110\u1ea1i di\u1ec7n s\u1edf h\u1eefu tr\u00ed tu\u1ec7, \u0111\u1ea1i di\u1ec7n theo \u1ee7y quy\u1ec1n th\u1ef1c hi\u1ec7n c\u00e1c d\u1ecbch v\u1ee5 ph\u00e1p l\u00fd kh\u00e1c.<\/p>\n<p>I\/<strong>T\u01b0 v\u1ea5n ph\u00e1p lu\u1eadt &#8211; Th\u1ef1c hi\u1ec7n c\u00e1c d\u1ecbch v\u1ee5 ph\u00e1p l\u00fd kh\u00e1c :<\/strong><\/p>\n<p>&#8211; T\u00ad\u01b0 v\u1ea5n th\u1ee7 t\u1ee5c, gi\u1edbi thi\u1ec7u, mua , b\u00e1n, thu\u00ea nh\u00e0 \u0111\u1ea5t. Bao g\u1ed3m : \u0110\u1ea5t \u1edf, \u0111\u1ea5t s\u1ea3n xu\u1ea5t, d\u1ecbch v\u1ee5 trong v\u00e0 ngo\u00e0i khu c\u00f4ng nghi\u1ec7p.<\/p>\n<p>&#8211; T\u01b0 v\u1ea5n ho\u1eb7c \u0111\u1ea1i di\u1ec7n theo u\u1ef7 quy\u1ec1n \u0111\u1ec3 th\u1ef1c hi\u1ec7n th\u1ee7 t\u1ee5c th\u00e0nh l\u1eadp, s\u00e1p nh\u1eadp, gi\u1ea3i th\u1ec3, ph\u00e1 s\u1ea3n \u0111\u1ed1i v\u1edbi : Doanh nghi\u1ec7p trong n\u01b0\u1edbc ; Doanh nghi\u1ec7p li\u00ean doanh; Doanh nghi\u1ec7p 100% v\u1ed1n \u0111\u1ea7u t\u01b0 n\u01b0\u1edbc ngo\u00e0i.<\/p>\n<p>&#8211; T\u01b0 v\u1ea5n, d\u1ecbch v\u1ee5 : L\u1eadp d\u1ef1 \u00e1n \u0111\u1ea7u t\u01b0, so\u1ea1n th\u1ea3o \u0111i\u1ec1u l\u1ec7 doanh nghi\u1ec7p. X\u00e2y d\u1ef1ng quy ch\u1ebf t\u00e0i ch\u00ednh, Quy ch\u1ebf d\u00e2n s\u1ef1, n\u1ed9i quy lao \u0111\u1ed9ng, Tho\u1ea3 \u01b0\u1edbc lao \u0111\u1ed9ng t\u1eadp th\u1ec3,&#8230;<\/p>\n<p>&#8211; T\u01b0 v\u1ea5n thu\u1ebf : T\u01b0 v\u1ea5n ch\u00ednh s\u00e1ch thu\u1ebf, thi\u1ebft l\u1eadp h\u1ed3 s\u01a1 ban \u0111\u1ea7u, b\u00e1o c\u00e1o thu\u1ebf h\u00e0ng th\u00e1ng, vi\u1ebft s\u1ed5 s\u00e1ch k\u1ebf to\u00e1n, quy\u1ebft to\u00e1n thu\u1ebf.<\/p>\n<p>&#8211; T\u01b0 v\u1ea5n th\u01b0\u1eddng xuy\u00ean cho doanh nghi\u1ec7p : Ki\u1ec3m so\u00e1t t\u00ednh ph\u00e1p l\u00fd cho to\u00e0n b\u1ed9 ho\u1ea1t \u0111\u1ed9ng c\u1ee7a doanh nghi\u1ec7p, t\u1ea1o m\u1ed9t h\u00e0nh lang ph\u00e1p l\u00fd an to\u00e0n v\u1ec1 m\u1eb7t lu\u1eadt ph\u00e1p \u0111\u1ec3 Doanh nghi\u1ec7p c\u00f3 th\u1ec3 y\u00ean t\u00e2m trong vi\u1ec7c t\u00ecm ki\u1ebfm, khai th\u00e1c v\u00e0 tri\u1ec3n khai k\u1ebf ho\u1ea1ch kinh doanh c\u1ee7a m\u00ecnh.<\/p>\n<p>&#8211; T\u01b0 v\u1ea5n tr\u00e1nh n\u1ee3 x\u1ea5u, thu h\u1ed3i n\u1ee3 kh\u00f3 \u0111\u00f2i.\u00a0\u00a0Th\u1ea9m \u0111\u1ecbnh n\u0103ng l\u1ef1c \u0111\u1ed1i t\u00e1c, \u0111\u00e0m ph\u00e1n k\u00fd k\u1ebft h\u1ee3p \u0111\u1ed3ng, gi\u00e1m s\u00e1t th\u1ef1c hi\u1ec7n h\u1ee3p \u0111\u1ed3ng \u0111\u1ec3 gi\u1ea3m thi\u1ec3u nh\u1eefng kho\u1ea3n n\u1ee3 x\u1ea5u. Th\u1ef1c hi\u1ec7n c\u00e1c bi\u1ec7n ph\u00e1p kh\u00e1c theo quy \u0111\u1ecbnh ph\u00e1p lu\u1eadt \u0111\u1ec3 thu h\u1ed3i nh\u1eefng kho\u1ea3n n\u1ee3 kh\u00f3 \u0111\u00f2i.<\/p>\n<p>&#8211; T\u01b0 v\u1ea5n, th\u1ef1c hi\u1ec7n d\u1ecbch v\u1ee5 : \u0110\u0103ng k\u00fd m\u00e3 v\u1ea1ch s\u1ea3n ph\u1ea9m.<\/p>\n<p>&#8211; T\u01b0 v\u1ea5n, th\u1ef1c hi\u1ec7n d\u1ecbch v\u1ee5 v\u1ec1 s\u1edf h\u1eefu tr\u00ed tu\u1ec7 : \u0110\u0103ng k\u00fd b\u1ea3o h\u1ed9 \u0111\u1ed9c quy\u1ec1n nh\u00e3n hi\u1ec7u h\u00e0ng ho\u00e1, s\u00e1ng ch\u1ebf, gi\u1ea3i ph\u00e1p h\u1eefu \u00edch, ki\u1ec3u d\u00e1ng c\u00f4ng nghi\u1ec7p, quy\u1ec1n t\u00e1c gi\u1ea3 v\u00e0 c\u00e1c quy\u1ec1n s\u1edf h\u1eefu tr\u00ed tu\u1ec7 kh\u00e1c, &#8230;<\/p>\n<p>&#8211; Lu\u1eadt s\u01b0 \u0111\u1ea1i di\u1ec7n : Khi b\u1ea1n mu\u1ed1n\u00a0nh\u01b0ng kh\u00f4ng c\u00f3 \u0111i\u1ec1u ki\u1ec7n \u0111\u1ec3 \u0111\u00e0m ph\u00e1n v\u1edbi \u0111\u1ed1i t\u00e1c, l\u00e0m vi\u1ec7c v\u1edbi To\u00e0 \u00e1n, Tr\u1ecdng t\u00e0i ho\u1eb7c c\u00e1c c\u01a1 quan Nh\u00e0 n\u01b0\u1edbc c\u00f3 th\u1ea9m quy\u1ec1n kh\u00e1c, lu\u1eadt s\u01b0 c\u00f3 th\u1ec3 \u0111\u1ea1i di\u1ec7n, thay m\u1eb7t \u0111\u1ec3 l\u00e0m nh\u1eefng vi\u1ec7c \u0111\u00f3.<\/p>\n<p>&#8211; T\u01b0 v\u1ea5n th\u1ee7 t\u1ee5c k\u1ebft h\u00f4n, ly h\u00f4n, nh\u1eadn con nu\u00f4i c\u00f3 y\u1ebfu t\u1ed1 n\u01b0\u1edbc ngo\u00e0i v\u00e0 c\u00e1c vi\u1ec7c b\u1ed5 tr\u1ee3 t\u01b0 ph\u00e1p kh\u00e1c .<\/p>\n<p>&#8211; Cung c\u1ea5p v\u0103n b\u1ea3n ph\u00e1p lu\u1eadt,&#8230;<\/p>\n<p><strong>II\/ T\u01b0 v\u1ea5n ph\u00e1p lu\u1eadt d\u00e2n s\u1ef1, <\/strong>h\u1ed7 tr\u1ee3 ph\u00e1p l\u00fd, so\u1ea1n th\u1ea3o v\u00e0 r\u00e0 so\u00e1t l\u1ea1i c\u00e1c v\u0103n b\u1ea3n li\u00ean quan \u0111\u1ebfn c\u00e1c giao d\u1ecbch d\u00e2n s\u1ef1:<\/p>\n<ol>\n<li>T\u01b0 v\u1ea5n, h\u1ed7 tr\u1ee3 ph\u00e1p l\u00fd, so\u1ea1n th\u1ea3o v\u00e0 r\u00e0 so\u00e1t l\u1ea1i c\u00e1c v\u0103n b\u1ea3n li\u00ean quan \u0111\u1ebfn c\u00e1c giao d\u1ecbch v\u00e0 ngh\u0129a v\u1ee5 d\u00e2n s\u1ef1 nh\u01b0: c\u1ea7m c\u1ed1, th\u1ebf ch\u1ea5p, \u0111\u1eb7t c\u1ecdc, b\u1ea3o l\u00e3nh\u2026;<\/li>\n<li>\u00a0T\u01b0 v\u1ea5n ph\u00e1p lu\u1eadt, h\u1ed7 tr\u1ee3 ph\u00e1p l\u00fd, so\u1ea1n th\u1ea3o v\u00e0 r\u00e0 so\u00e1t l\u1ea1i c\u00e1c v\u0103n b\u1ea3n li\u00ean quan \u0111\u1ebfn h\u1ee3p \u0111\u1ed3ng mua b\u00e1n, t\u1eb7ng, cho, vay m\u01b0\u1ee3n t\u00e0i s\u1ea3n;<\/li>\n<\/ol>\n<p>T\u01b0 v\u1ea5n, h\u1ed7 tr\u1ee3 ph\u00e1p l\u00fd, so\u1ea1n th\u1ea3o v\u00e0 r\u00e0 so\u00e1t l\u1ea1i c\u00e1c v\u0103n b\u1ea3n li\u00ean quan \u0111\u1ebfn h\u1ee3p \u0111\u1ed3ng thu\u00ea, thu\u00ea kho\u00e1n t\u00e0i s\u1ea3n v\u00e0 c\u00e1c quy \u0111\u1ecbnh ph\u00e1p lu\u1eadt li\u00ean quan;<\/p>\n<ol start=\"3\">\n<li>\u00a0T\u01b0 v\u1ea5n, h\u1ed7 tr\u1ee3 ph\u00e1p l\u00fd, so\u1ea1n th\u1ea3o v\u00e0 r\u00e0 so\u00e1t l\u1ea1i c\u00e1c v\u0103n b\u1ea3n li\u00ean quan \u0111\u1ebfn h\u1ee3p \u0111\u1ed3ng d\u1ecbch v\u1ee5, h\u1ee3p \u0111\u1ed3ng v\u1eadn chuy\u1ec3n h\u00e0ng h\u00f3a, h\u1ee3p \u0111\u1ed3ng gia c\u00f4ng, h\u1ee3p \u0111\u1ed3ng b\u1ea3o hi\u1ec3m v\u00e0 c\u00e1c quy \u0111\u1ecbnh ph\u00e1p lu\u1eadt li\u00ean quan;<\/li>\n<li>T\u01b0 v\u1ea5n, h\u1ed7 tr\u1ee3 ph\u00e1p l\u00fd, so\u1ea1n th\u1ea3o v\u00e0 r\u00e0 so\u00e1t l\u1ea1i c\u00e1c v\u0103n b\u1ea3n li\u00ean quan \u0111\u1ebfn h\u1ee3p \u0111\u1ed3ng \u1ee7y quy\u1ec1n, gi\u1ea5y \u1ee7y quy\u1ec1n v\u00e0 c\u00e1c quy \u0111\u1ecbnh ph\u00e1p lu\u1eadt li\u00ean quan \u0111\u1ebfn v\u1ea5n \u0111\u1ec1 \u1ee7y quy\u1ec1n.<\/li>\n<li>T\u01b0 v\u1ea5n, so\u1ea1n th\u1ea3o v\u00e0 r\u00e0 so\u00e1t l\u1ea1i c\u00e1c v\u0103n b\u1ea3n li\u00ean quan \u0111\u1ebfn th\u1eeba k\u1ebf nh\u01b0: t\u01b0 v\u1ea5n, h\u1ed7 tr\u1ee3 ph\u00e1p l\u00fd v\u1ec1 th\u1eeba k\u1ebf cho ng\u01b0\u1eddi \u0111\u1ec3 l\u1ea1i th\u1eeba k\u1ebf, ng\u01b0\u1eddi th\u1eeba k\u1ebf; so\u1ea1n th\u1ea3o di ch\u00fac v\u00e0 c\u00e1c v\u0103n b\u1ea3n kh\u00e1c; t\u01b0 v\u1ea5n, h\u1ed7 tr\u1ee3 ph\u00e1p l\u00fd c\u00e1c v\u1ea5n \u0111\u1ec1 th\u1eeba k\u1ebf kh\u00e1c c\u00f3 li\u00ean quan;<\/li>\n<\/ol>\n<p>6. T\u01b0 v\u1ea5n, h\u1ed7 tr\u1ee3 ph\u00e1p l\u00fd li\u00ean quan \u0111\u1ebfn c\u00e1c quan h\u1ec7 d\u00e2n s\u1ef1 c\u00f3 y\u00eau t\u1ed1 n\u01b0\u1edbc ngo\u00e0i.<\/p>\n<\/div>","protected":false},"excerpt":{"rendered":"<p>C\u00e1c d\u1ecbch v\u1ee5 trong l\u0129nh v\u1ef1c n\u00e0y c\u1ee7a ch\u00fang t\u00f4i g\u1ed3m: &#8211; Tham gia tranh t\u1ee5ng b\u00e0o ch\u1eefa cho c\u00e1c b\u1ecb can, b\u1ecb c\u00e1o, b\u1ea3o v\u1ec7 quy\u1ec1n l\u1ee3i ng\u01b0\u1eddi b\u1ecb h\u1ea1i, nguy\u00ean \u0111\u01a1n d\u00e2n s\u1ef1, b\u1ecb \u0111\u01a1n d\u00e2n s\u1ef1 trong nh\u1eefng v\u1ee5 \u00e1n h\u00ecnh s\u1ef1. &#8211; Tham gia tranh t\u1ee5ng v\u1edbi t\u01b0 c\u00e1ch l\u00e0 Lu\u1eadt [&hellip;]<\/p>\n","protected":false},"author":1,"featured_media":0,"parent":600,"menu_order":11,"comment_status":"closed","ping_status":"closed","template":"","meta":{"footnotes":""},"class_list":["post-608","page","type-page","status-publish"],"_links":{"self":[{"href":"https:\/\/gintasset.com.vn\/vi\/wp-json\/wp\/v2\/pages\/608\/"}],"collection":[{"href":"https:\/\/gintasset.com.vn\/vi\/wp-json\/wp\/v2\/pages\/"}],"about":[{"href":"https:\/\/gintasset.com.vn\/vi\/wp-json\/wp\/v2\/types\/page\/"}],"author":[{"embeddable":true,"href":"https:\/\/gintasset.com.vn\/vi\/wp-json\/wp\/v2\/users\/1\/"}],"replies":[{"embeddable":true,"href":"https:\/\/gintasset.com.vn\/vi\/wp-json\/wp\/v2\/comments\/?post=608"}],"version-history":[{"count":1,"href":"https:\/\/gintasset.com.vn\/vi\/wp-json\/wp\/v2\/pages\/608\/revisions\/"}],"predecessor-version":[{"id":711,"href":"https:\/\/gintasset.com.vn\/vi\/wp-json\/wp\/v2\/pages\/608\/revisions\/711\/"}],"up":[{"embeddable":true,"href":"https:\/\/gintasset.com.vn\/vi\/wp-json\/wp\/v2\/pages\/600\/"}],"wp:attachment":[{"href":"https:\/\/gintasset.com.vn\/vi\/wp-json\/wp\/v2\/media\/?parent=608"}],"curies":[{"name":"wp","href":"https:\/\/api.w.org\/{rel}","templated":true}]}}