{"id":604,"date":"2019-04-17T18:32:47","date_gmt":"2019-04-17T18:32:47","guid":{"rendered":"https:\/\/gintasset.com.vn\/dich-vu\/bat-dong-san-va-ha-tang"},"modified":"2019-04-24T04:22:48","modified_gmt":"2019-04-24T04:22:48","slug":"bat-dong-san-va-ha-tang","status":"publish","type":"page","link":"https:\/\/gintasset.com.vn\/vi\/dich-vu\/bat-dong-san-va-ha-tang\/","title":{"rendered":"B\u1ea5t \u0111\u1ed9ng s\u1ea3n v\u00e0 h\u1ea1 t\u1ea7ng"},"content":{"rendered":"<div class=\"nolwrap\"><p><strong>C\u00e1c d\u1ecbch v\u1ee5 c\u1ee7a ch\u00fang t\u00f4i trong l\u0129nh v\u1ef1c n\u00e0y bao g\u1ed3m:<\/strong><\/p>\n<p>&#8211; H\u1ee3p \u0111\u1ed3ng thu\u00ea nh\u00e0 \u0111\u1ea5t<\/p>\n<p>&#8211;\u00a0\u00a0X\u00e2y d\u1ef1ng &#8211; Ph\u00e1t tri\u1ec3n B\u1ea5t \u0111\u1ed9ng s\u1ea3n<\/p>\n<p>&#8211;\u00a0\u00a0M\u00f4i tr\u01b0\u1eddng<\/p>\n<p>&#8211;\u00a0\u00a0C\u00e1c \u0111\u00e1nh gi\u00e1<\/p>\n<p>&#8211;\u00a0\u00a0Quy\u1ec1n s\u1edf h\u1eefu &#8211; \u0110\u1ed3ng s\u1edf h\u1eefu<\/p>\n<p>&#8211;\u00a0\u00a0Quy ho\u1ea1ch \u0111\u00f4 th\u1ecb<\/p>\n<p>+\u00a0\u00a0H\u1ed7 tr\u1ee3 c\u00e1c giao d\u1ecbch b\u1ea5t \u0111\u1ed9ng s\u1ea3n trong c\u00e1c d\u1ef1 \u00e1n \u0111\u1ea7u t\u01b0 c\u00f4ng nghi\u1ec7p ho\u1eb7c \u0111\u1ea7u t\u01b0 ri\u00eang r\u1ebd<\/p>\n<p>+\u00a0H\u1ed7 tr\u1ee3 cho c\u00e1c d\u1ef1 \u00e1n ph\u00e1t tri\u1ec3n b\u1ea5t \u0111\u1ed9ng s\u1ea3n to\u00e0n c\u1ea7u.<\/p>\n<\/div>","protected":false},"excerpt":{"rendered":"<p>C\u00e1c d\u1ecbch v\u1ee5 c\u1ee7a ch\u00fang t\u00f4i trong l\u0129nh v\u1ef1c n\u00e0y bao g\u1ed3m: &#8211; H\u1ee3p \u0111\u1ed3ng thu\u00ea nh\u00e0 \u0111\u1ea5t &#8211;\u00a0\u00a0X\u00e2y d\u1ef1ng &#8211; Ph\u00e1t tri\u1ec3n B\u1ea5t \u0111\u1ed9ng s\u1ea3n &#8211;\u00a0\u00a0M\u00f4i tr\u01b0\u1eddng &#8211;\u00a0\u00a0C\u00e1c \u0111\u00e1nh gi\u00e1 &#8211;\u00a0\u00a0Quy\u1ec1n s\u1edf h\u1eefu &#8211; \u0110\u1ed3ng s\u1edf h\u1eefu &#8211;\u00a0\u00a0Quy ho\u1ea1ch \u0111\u00f4 th\u1ecb +\u00a0\u00a0H\u1ed7 tr\u1ee3 c\u00e1c giao d\u1ecbch b\u1ea5t \u0111\u1ed9ng s\u1ea3n trong c\u00e1c d\u1ef1 \u00e1n \u0111\u1ea7u [&hellip;]<\/p>\n","protected":false},"author":1,"featured_media":0,"parent":600,"menu_order":14,"comment_status":"closed","ping_status":"closed","template":"","meta":{"footnotes":""},"class_list":["post-604","page","type-page","status-publish"],"_links":{"self":[{"href":"https:\/\/gintasset.com.vn\/vi\/wp-json\/wp\/v2\/pages\/604\/"}],"collection":[{"href":"https:\/\/gintasset.com.vn\/vi\/wp-json\/wp\/v2\/pages\/"}],"about":[{"href":"https:\/\/gintasset.com.vn\/vi\/wp-json\/wp\/v2\/types\/page\/"}],"author":[{"embeddable":true,"href":"https:\/\/gintasset.com.vn\/vi\/wp-json\/wp\/v2\/users\/1\/"}],"replies":[{"embeddable":true,"href":"https:\/\/gintasset.com.vn\/vi\/wp-json\/wp\/v2\/comments\/?post=604"}],"version-history":[{"count":1,"href":"https:\/\/gintasset.com.vn\/vi\/wp-json\/wp\/v2\/pages\/604\/revisions\/"}],"predecessor-version":[{"id":716,"href":"https:\/\/gintasset.com.vn\/vi\/wp-json\/wp\/v2\/pages\/604\/revisions\/716\/"}],"up":[{"embeddable":true,"href":"https:\/\/gintasset.com.vn\/vi\/wp-json\/wp\/v2\/pages\/600\/"}],"wp:attachment":[{"href":"https:\/\/gintasset.com.vn\/vi\/wp-json\/wp\/v2\/media\/?parent=604"}],"curies":[{"name":"wp","href":"https:\/\/api.w.org\/{rel}","templated":true}]}}