{"id":603,"date":"2019-04-17T18:32:17","date_gmt":"2019-04-17T18:32:17","guid":{"rendered":"https:\/\/gintasset.com.vn\/dich-vu\/tai-chinh-ngan-hang"},"modified":"2019-04-24T04:20:45","modified_gmt":"2019-04-24T04:20:45","slug":"tai-chinh-ngan-hang","status":"publish","type":"page","link":"https:\/\/gintasset.com.vn\/vi\/dich-vu\/tai-chinh-ngan-hang\/","title":{"rendered":"T\u00e0i ch\u00ednh \u2013 Ng\u00e2n h\u00e0ng"},"content":{"rendered":"<div class=\"nolwrap\"><p>C\u00e1c lu\u1eadt s\u01b0 c\u1ee7a ch\u00fang t\u00f4i \u0111\u1ea1i di\u1ec7n cho r\u1ea5t nhi\u1ec1u d\u1ea1ng nh\u00e0 \u0111\u1ea7u t\u01b0, bao g\u1ed3m c\u1ea3 nh\u1eefng qu\u1ef9 ch\u1ee7 s\u1edf h\u1eefu t\u01b0 nh\u00e2n v\u00e0 nh\u1eefng c\u00f4ng ty qu\u1ea3n l\u00fd \u0111\u1ea7u t\u01b0 \u0111\u1ec3 t\u00ecm ki\u1ebfm c\u01a1 h\u1ed9i \u0111\u1ea7u t\u01b0 v\u00e0o c\u00e1c ng\u00e2n h\u00e0ng v\u00e0 c\u00e1c t\u1ed5 ch\u1ee9c t\u00e0i ch\u00ednh t\u1ea1i Vi\u1ec7t Nam.<\/p>\n<p>Ch\u00fang t\u00f4i cung c\u1ea5p nh\u1eefng gi\u1ea3i ph\u00e1p th\u1ef1c ti\u1ec5n v\u00e0 thi\u1ebft th\u1ef1c \u0111\u1ec3 \u0111\u1ea1t \u0111\u01b0\u1ee3c nh\u1eefng k\u1ebft qu\u1ea3 th\u01b0\u01a1ng m\u1ea1i th\u00e0nh c\u00f4ng cho Q\u00fay kh\u00e1ch h\u00e0ng th\u00f4ng qua d\u1ecbch v\u1ee5\u00a0T\u01b0 v\u1ea5n ph\u00e1p l\u00fd trong l\u0129nh v\u1ef1c T\u00e0i ch\u00ednh \u2013 Ng\u00e2n h\u00e0ng.<\/p>\n<p>C\u00e1c d\u1ecbch v\u1ee5 c\u1ee7a ch\u00fang t\u00f4i trong l\u0129nh v\u1ef1c n\u00e0y bao g\u1ed3m:<\/p>\n<ul>\n<li>T\u01b0 v\u1ea5n, so\u1ea1n th\u1ea3o, r\u00e0 so\u00e1t v\u00e0 tham gia \u0111\u00e0m ph\u00e1n c\u00e1c h\u1ee3p \u0111\u1ed3ng t\u00edn d\u1ee5ng, h\u1ee3p \u0111\u1ed3ng c\u1ea7m c\u1ed1, th\u1ebf ch\u1ea5p, cho thu\u00ea t\u00e0i ch\u00ednh, h\u1ee3p \u0111\u1ed3ng b\u1ea3o hi\u1ec3m, h\u1ee3p \u0111\u1ed3ng vay, t\u00e0i tr\u1ee3 d\u1ef1 \u00e1n;<\/li>\n<li>Th\u1ef1c hi\u1ec7n th\u1ee7 t\u1ee5c \u0111\u0103ng k\u00fd giao d\u1ecbch b\u1ea3o \u0111\u1ea3m v\u00e0 x\u1eed l\u00fd t\u00e0i s\u1ea3n b\u1ea3o \u0111\u1ea3m t\u1ea1i C\u01a1 quan nh\u00e0 n\u01b0\u1edbc c\u00f3 th\u1ea9m quy\u1ec1n;<\/li>\n<li>T\u01b0 v\u1ea5n, h\u1ed7 tr\u1ee3 th\u1ee7 t\u1ee5c vay v\u1ed1n, l\u00e3i su\u1ea5t vay, \u0111\u00e1o h\u1ea1n, gi\u1ea3i ch\u1ea5p t\u00e0i s\u1ea3n th\u1ebf ch\u1ea5p;<\/li>\n<li>T\u01b0 v\u1ea5n v\u1ec1 b\u1ea3o hi\u1ec3m v\u1ed1n vay v\u00e0 qu\u1ea3n tr\u1ecb r\u1ee7i ro trong ho\u1ea1t \u0111\u1ed9ng ng\u00e2n h\u00e0ng, t\u00e0i ch\u00ednh;<\/li>\n<li>T\u01b0 v\u1ea5n gi\u1ea3i quy\u1ebft c\u00e1c tranh ch\u1ea5p trong l\u0129nh v\u1ef1c t\u00e0i ch\u00ednh, ng\u00e2n h\u00e0ng t\u1ea1i c\u00e1c C\u01a1 quan t\u00e0i ph\u00e1n nh\u01b0 tr\u1ecdng t\u00e0i v\u00e0 t\u00f2a \u00e1n.<\/li>\n<li>T\u01b0 v\u1ea5n ph\u00e1p l\u00fd v\u1ec1 ch\u1ee9ng kho\u00e1n, th\u1ecb tr\u01b0\u1eddng ch\u1ee9ng kho\u00e1n, th\u1ecb tr\u01b0\u1eddng v\u1ed1n;<\/li>\n<li>T\u01b0 v\u1ea5n c\u00e1c th\u1ee7 t\u1ee5c th\u00e0nh l\u1eadp, t\u1ed5 ch\u1ee9c v\u00e0 c\u00e1c th\u1ee9c ho\u1ea1t \u0111\u1ed9ng trong l\u0129nh v\u1ef1c ch\u1ee9ng kho\u00e1n nh\u01b0 c\u00f4ng ty ch\u1ee9ng kho\u00e1n, c\u00f4ng ty qu\u1ea3n l\u00fd qu\u1ef9;<\/li>\n<li>T\u01b0 v\u1ea5n ph\u00e1p l\u00fd v\u1ec1 c\u00e1c nghi\u1ec7p v\u1ee5 ch\u1ee9ng kho\u00e1n nh\u01b0 ho\u1ea1t \u0111\u1ed9ng m\u00f4i gi\u1edbi, b\u1ea3o l\u00e3nh, \u0111\u1ea7u t\u01b0 ch\u1ee9ng kho\u00e1n,\u2026;<\/li>\n<li>T\u01b0 v\u1ea5n ph\u00e1p l\u00fd v\u1ec1 c\u00e1c th\u1ee7 t\u1ee5c li\u00ean quan \u0111\u1ebfn ho\u1ea1t \u0111\u1ed9ng ch\u00e0o b\u00e1n, ni\u00eam y\u1ebft, \u0111\u0103ng k\u00fd, giao d\u1ecbch ch\u1ee9ng kho\u00e1n, c\u1ea7m c\u1ed1 ch\u1ee9ng kho\u00e1n t\u1ea1i c\u00e1c s\u1edf giao d\u1ecbch;<\/li>\n<li>T\u01b0 v\u1ea5n ph\u00e1p l\u00fd v\u1ec1 v\u1ea5n \u0111\u1ec1 t\u0103ng v\u1ed1n, ch\u00e0o b\u00e1n c\u1ed5 phi\u1ebfu, ph\u00e1t h\u00e0nh ri\u00eang l\u1ebb c\u1ee7a c\u00e1c doanh nghi\u1ec7p;<\/li>\n<li>T\u01b0 v\u1ea5n v\u00e0 tham gia \u0111\u00e0m ph\u00e1n, gi\u1ea3i quy\u1ebft c\u00e1c tranh ch\u1ea5p ph\u00e1t sinh li\u00ean quan \u0111\u1ebfn ho\u1ea1t \u0111\u1ed9ng \u0111\u1ea7u t\u01b0 ch\u1ee9ng kho\u00e1n.<\/li>\n<li>T\u01b0 v\u1ea5n ph\u00e1p l\u00fd v\u1ec1 T\u00e0i s\u1ea3n g\u00f3p v\u1ed1n;<\/li>\n<li>T\u01b0 v\u1ea5n v\u1ec1 chuy\u1ec3n quy\u1ec1n s\u1ee1 h\u1eefu t\u00e0i s\u1ea3n g\u00f3p v\u1ed1n;<\/li>\n<li>Nghi\u00ean c\u1ee9u v\u00e0 \u0111\u1ecbnh gi\u00e1 t\u00e0i s\u1ea3n g\u00f3p v\u1ed1n;<\/li>\n<li>T\u01b0 v\u1ea5n, th\u1ef1c hi\u1ec7n c\u00e1c th\u1ee7 t\u1ee5c g\u00f3p v\u1ed1n;<\/li>\n<li>T\u01b0 v\u1ea5n quy\u1ec1n v\u00e0 ngh\u0129a v\u1ee5 c\u1ee7a th\u00e0nh vi\u00ean g\u00f3p v\u1ed1n;<\/li>\n<li>T\u01b0 v\u1ea5n x\u1eed l\u00fd ph\u1ea7n v\u1ed1n g\u00f3p trong m\u1ed9t s\u1ed1 tr\u01b0\u1eddng h\u1ee3p \u0111\u1eb7c bi\u1ec7t.<\/li>\n<\/ul>\n<\/div>","protected":false},"excerpt":{"rendered":"<p>C\u00e1c lu\u1eadt s\u01b0 c\u1ee7a ch\u00fang t\u00f4i \u0111\u1ea1i di\u1ec7n cho r\u1ea5t nhi\u1ec1u d\u1ea1ng nh\u00e0 \u0111\u1ea7u t\u01b0, bao g\u1ed3m c\u1ea3 nh\u1eefng qu\u1ef9 ch\u1ee7 s\u1edf h\u1eefu t\u01b0 nh\u00e2n v\u00e0 nh\u1eefng c\u00f4ng ty qu\u1ea3n l\u00fd \u0111\u1ea7u t\u01b0 \u0111\u1ec3 t\u00ecm ki\u1ebfm c\u01a1 h\u1ed9i \u0111\u1ea7u t\u01b0 v\u00e0o c\u00e1c ng\u00e2n h\u00e0ng v\u00e0 c\u00e1c t\u1ed5 ch\u1ee9c t\u00e0i ch\u00ednh t\u1ea1i Vi\u1ec7t Nam. Ch\u00fang t\u00f4i [&hellip;]<\/p>\n","protected":false},"author":1,"featured_media":0,"parent":600,"menu_order":13,"comment_status":"closed","ping_status":"closed","template":"","meta":{"footnotes":""},"class_list":["post-603","page","type-page","status-publish"],"_links":{"self":[{"href":"https:\/\/gintasset.com.vn\/vi\/wp-json\/wp\/v2\/pages\/603\/"}],"collection":[{"href":"https:\/\/gintasset.com.vn\/vi\/wp-json\/wp\/v2\/pages\/"}],"about":[{"href":"https:\/\/gintasset.com.vn\/vi\/wp-json\/wp\/v2\/types\/page\/"}],"author":[{"embeddable":true,"href":"https:\/\/gintasset.com.vn\/vi\/wp-json\/wp\/v2\/users\/1\/"}],"replies":[{"embeddable":true,"href":"https:\/\/gintasset.com.vn\/vi\/wp-json\/wp\/v2\/comments\/?post=603"}],"version-history":[{"count":1,"href":"https:\/\/gintasset.com.vn\/vi\/wp-json\/wp\/v2\/pages\/603\/revisions\/"}],"predecessor-version":[{"id":714,"href":"https:\/\/gintasset.com.vn\/vi\/wp-json\/wp\/v2\/pages\/603\/revisions\/714\/"}],"up":[{"embeddable":true,"href":"https:\/\/gintasset.com.vn\/vi\/wp-json\/wp\/v2\/pages\/600\/"}],"wp:attachment":[{"href":"https:\/\/gintasset.com.vn\/vi\/wp-json\/wp\/v2\/media\/?parent=603"}],"curies":[{"name":"wp","href":"https:\/\/api.w.org\/{rel}","templated":true}]}}