{"id":602,"date":"2019-04-17T18:32:00","date_gmt":"2019-04-17T18:32:00","guid":{"rendered":"https:\/\/gintasset.com.vn\/dich-vu\/doanh-nghiep"},"modified":"2019-04-24T04:09:55","modified_gmt":"2019-04-24T04:09:55","slug":"doanh-nghiep","status":"publish","type":"page","link":"https:\/\/gintasset.com.vn\/vi\/dich-vu\/doanh-nghiep\/","title":{"rendered":"Doanh nghi\u1ec7p"},"content":{"rendered":"<div class=\"nolwrap\"><p>V\u1edbi \u0111\u1ed9i ng\u0169 lu\u1eadt s\u01b0 c\u00f3 kinh nghi\u1ec7m v\u00e0 ki\u1ebfn th\u1ee9c s\u00e2u r\u1ed9ng trong l\u0129nh v\u1ef1c Doanh nghi\u1ec7p t\u1ea1i Vi\u1ec7t Nam s\u1ebd mang \u0111\u1ebfn nh\u1eefng gi\u1ea3i ph\u00e1p hi\u1ec7u qu\u1ea3 cho doanh nghi\u1ec7p c\u1ee7a b\u1ea1n.<\/p>\n<p>C\u00e1c l\u0129nh v\u1ef1c h\u00e0nh ngh\u1ec1 c\u1ee7a c\u00e1c lu\u1eadt s\u01b0 trong B\u1ed9 ph\u1eadn n\u00e0y bao g\u1ed3m:<\/p>\n<p>&#8211; T\u01b0 v\u1ea5n v\u1ec1 ng\u01b0\u1eddi s\u00e1ng l\u1eadp c\u1ee7a c\u00f4ng ty : T\u01b0 v\u1ea5n \u0111\u1ed1i t\u01b0\u1ee3ng \u0111\u01b0\u1ee3c th\u00e0nh l\u1eadp doanh nghi\u1ec7p v\u00e0 \u0111\u1ed1i t\u01b0\u1ee3ng kh\u00f4ng \u0111\u01b0\u1ee3c th\u00e0nh l\u1eadp doanh nghi\u1ec7p<\/p>\n<p>&#8211; T\u01b0 v\u1ea5n l\u1ef1a ch\u1ecdn lo\u1ea1i h\u00ecnh doanh nghi\u1ec7p (C\u00f4ng ty Tr\u00e1ch nhi\u1ec7m h\u1eefu h\u1ea1n, c\u00f4ng ty c\u1ed5 ph\u1ea7n, c\u00f4ng ty H\u1ee3p danh, Doanh nghi\u1ec7p t\u01b0 nh\u00e2n &#8230;)<br \/>\n&#8211; T\u01b0 v\u1ea5n t\u00ean c\u00f4ng ty : (L\u1ef1a ch\u1ecdn t\u00ean v\u00e0 tra c\u1ee9u t\u00ean)<br \/>\n&#8211; T\u01b0 v\u1ea5n tr\u1ee5 s\u1edf c\u00f4ng ty (Thu\u1ed9c quy\u1ec3n s\u1eed d\u1ee5ng h\u1ee3p ph\u00e1p c\u1ee7a doanh nghi\u1ec7p)<br \/>\n&#8211; T\u01b0 v\u1ea5n v\u1ed1n \u0111i\u1ec1u l\u1ec7 : (Ph\u00f9 h\u1ee3p v\u1edbi t\u1eebng ng\u00e0nh ngh\u1ec1 kinh doanh v\u00e0 lo\u1ea1i h\u00ecnh doanh nghi\u1ec7p, kh\u1ea3 n\u0103ng th\u1ef1c t\u1ebf c\u1ee7a doanh nghi\u1ec7p)<br \/>\n&#8211; T\u01b0 v\u1ea5n\u00a0ng\u00e0nh ngh\u1ec1 kinh doanh<br \/>\n&#8211; T\u01b0 v\u1ea5n th\u1ee7 t\u1ee5c, c\u00e1c v\u1ea5n \u0111\u1ec1 li\u00ean quan \u0111\u1ebfn n\u1ed9i b\u1ed9 doanh nghi\u1ec7p : (T\u01b0 v\u1ea5n t\u1ed5 ch\u1ee9c b\u1ed9 m\u00e1y v\u00e0 ho\u1ea1t \u0111\u1ed9ng c\u1ee7a c\u00f4ng ty)<br \/>\n&#8211; So\u1ea1n th\u1ea3o h\u1ed3 s\u01a1 th\u00e0nh l\u1eadp doanh nghi\u1ec7p g\u1ed3m: \u0110\u01a1n \u0111\u0103ng k\u00fd kinh doanh, \u0111i\u1ec1u l\u1ec7 c\u00f4ng ty, danh s\u00e1ch c\u1ed5 \u0111\u00f4ng v\u00e0 c\u00e1c t\u00e0i li\u1ec7u kh\u00e1c theo quy \u0111\u1ecbnh c\u1ee7a ph\u00e1p lu\u1eadt.<\/p>\n<p>&#8211; \u0110\u1ea1i di\u1ec7n cho kh\u00e1ch h\u00e0ng n\u1ed9p, r\u00fat, nh\u1eadn h\u1ed3 s\u01a1 \u0111\u0103ng k\u00fd kinh doanh t\u1ea1i Ph\u00f2ng \u0111\u0103ng k\u00fd kinh doanh;<br \/>\n&#8211; Ti\u1ebfn h\u00e0nh th\u1ee7 t\u1ee5c \u0111\u1ec3 kh\u1eafc d\u1ea5u cho Doanh nghi\u1ec7p (d\u1ea5u c\u00f4ng ty, d\u1ea5u ch\u1ee9c danh, d\u1ea5u \u0111\u0103ng k\u00fd m\u00e3 s\u1ed1 thu\u1ebf);<br \/>\n&#8211; Ti\u1ebfn h\u00e0nh th\u1ee7 t\u1ee5c \u0111\u0103ng k\u00fd m\u00e3 s\u1ed1 thu\u1ebf v\u00e0 ch\u1ee9c n\u0103ng xu\u1ea5t nh\u1eadp kh\u1ea9u cho doanh nghi\u1ec7p.<\/p>\n<p>&#8211; T\u01b0 v\u1ea5n kh\u1edfi nghi\u1ec7p (C\u00e1c c\u00f4ng vi\u1ec7c c\u1ea7n l\u00e0m c\u1ee7a m\u1ed9t doanh nghi\u1ec7p m\u1edbi, b\u01b0\u1edbc \u0111\u1ea7u x\u00e2y d\u1ef1ng th\u01b0\u01a1ng hi\u1ec7u th\u1ed1ng nh\u1ea5t\u2026)<br \/>\n&#8211; T\u01b0 v\u1ea5n ho\u1ea1t \u0111\u1ed9ng c\u1ee7a doanh nghi\u1ec7p (qua email, th\u01b0, fax);<br \/>\n&#8211; Cung c\u1ea5p v\u0103n b\u1ea3n ph\u00e1p lu\u1eadt theo y\u00eau c\u1ea7u<br \/>\n&#8211; So\u1ea1n th\u1ea3o h\u1ed3 s\u01a1 n\u1ed9i b\u1ed9 c\u1ee7a doanh nghi\u1ec7p, g\u1ed3m: \u0110i\u1ec1u l\u1ec7, Bi\u00ean b\u1ea3n g\u00f3p v\u1ed1n th\u00e0nh l\u1eadp c\u00f4ng ty, b\u1ea7u ch\u1ee7 t\u1ecbch, c\u1eed ng\u01b0\u1eddi \u0111\u1ea1i di\u1ec7n theo ph\u00e1p lu\u1eadt, Quy\u1ebft \u0111\u1ecbnh b\u1ed5 nhi\u1ec7m gi\u00e1m \u0111\u1ed1c, Quy\u1ebft \u0111\u1ecbnh b\u1ed5 nhi\u1ec7m k\u1ebf to\u00e1n tr\u01b0\u1edfng, Ch\u1ee9ng nh\u1eadn s\u1edf h\u1eefu c\u1ed5 ph\u1ea7n, S\u1ed5 c\u1ed5 \u0111\u00f4ng, Th\u00f4ng b\u00e1o l\u1eadp s\u1ed5 c\u1ed5 \u0111\u00f4ng\u2026<\/p>\n<\/div>","protected":false},"excerpt":{"rendered":"<p>V\u1edbi \u0111\u1ed9i ng\u0169 lu\u1eadt s\u01b0 c\u00f3 kinh nghi\u1ec7m v\u00e0 ki\u1ebfn th\u1ee9c s\u00e2u r\u1ed9ng trong l\u0129nh v\u1ef1c Doanh nghi\u1ec7p t\u1ea1i Vi\u1ec7t Nam s\u1ebd mang \u0111\u1ebfn nh\u1eefng gi\u1ea3i ph\u00e1p hi\u1ec7u qu\u1ea3 cho doanh nghi\u1ec7p c\u1ee7a b\u1ea1n. C\u00e1c l\u0129nh v\u1ef1c h\u00e0nh ngh\u1ec1 c\u1ee7a c\u00e1c lu\u1eadt s\u01b0 trong B\u1ed9 ph\u1eadn n\u00e0y bao g\u1ed3m: &#8211; T\u01b0 v\u1ea5n v\u1ec1 ng\u01b0\u1eddi s\u00e1ng [&hellip;]<\/p>\n","protected":false},"author":1,"featured_media":0,"parent":600,"menu_order":10,"comment_status":"closed","ping_status":"closed","template":"","meta":{"footnotes":""},"class_list":["post-602","page","type-page","status-publish"],"_links":{"self":[{"href":"https:\/\/gintasset.com.vn\/vi\/wp-json\/wp\/v2\/pages\/602\/"}],"collection":[{"href":"https:\/\/gintasset.com.vn\/vi\/wp-json\/wp\/v2\/pages\/"}],"about":[{"href":"https:\/\/gintasset.com.vn\/vi\/wp-json\/wp\/v2\/types\/page\/"}],"author":[{"embeddable":true,"href":"https:\/\/gintasset.com.vn\/vi\/wp-json\/wp\/v2\/users\/1\/"}],"replies":[{"embeddable":true,"href":"https:\/\/gintasset.com.vn\/vi\/wp-json\/wp\/v2\/comments\/?post=602"}],"version-history":[{"count":1,"href":"https:\/\/gintasset.com.vn\/vi\/wp-json\/wp\/v2\/pages\/602\/revisions\/"}],"predecessor-version":[{"id":706,"href":"https:\/\/gintasset.com.vn\/vi\/wp-json\/wp\/v2\/pages\/602\/revisions\/706\/"}],"up":[{"embeddable":true,"href":"https:\/\/gintasset.com.vn\/vi\/wp-json\/wp\/v2\/pages\/600\/"}],"wp:attachment":[{"href":"https:\/\/gintasset.com.vn\/vi\/wp-json\/wp\/v2\/media\/?parent=602"}],"curies":[{"name":"wp","href":"https:\/\/api.w.org\/{rel}","templated":true}]}}