{"id":601,"date":"2019-04-17T18:31:21","date_gmt":"2019-04-17T18:31:21","guid":{"rendered":"https:\/\/gintasset.com.vn\/dich-vu\/so-huu-tri-tue"},"modified":"2019-04-24T04:07:05","modified_gmt":"2019-04-24T04:07:05","slug":"so-huu-tri-tue","status":"publish","type":"page","link":"https:\/\/gintasset.com.vn\/vi\/dich-vu\/so-huu-tri-tue\/","title":{"rendered":"S\u1edf h\u1eefu tr\u00ed tu\u1ec7"},"content":{"rendered":"<div class=\"nolwrap\"><p><strong>C\u00f4ng ty Lu\u1eadt Gintasset cung c\u1ea5p d\u1ecbch v\u1ee5 t\u01b0 v\u1ea5n ph\u00e1p lu\u1eadt to\u00e0n di\u1ec7n trong l\u0129nh v\u1ef1c s\u1edf h\u1eefu tr\u00ed tu\u1ec7:<\/strong><\/p>\n<p>&#8211; T\u01b0 v\u1ea5n ph\u00e1p lu\u1eadt v\u00e0 \u0111\u0103ng k\u00fd b\u1ea3o h\u1ed9 nh\u00e3n hi\u1ec7u (T\u01b0 v\u1ea5n c\u00e1c quy \u0111\u1ecbnh ph\u00e1p lu\u1eadt li\u00ean quan \u0111\u1ebfn nh\u00e3n hi\u1ec7u h\u00e0ng h\u00f3a, t\u01b0 v\u1ea5n v\u1ec1 quy tr\u00ecnh tra c\u1ee9u v\u00e0 \u0111\u0103ng k\u00fd nh\u00e3n hi\u1ec7u h\u00e0ng h\u00f3a t\u1ea1i Vi\u1ec7t Nam v\u00e0 n\u01b0\u1edbc ngo\u00e0i\u2026<\/p>\n<p>&#8211; T\u01b0 v\u1ea5n ph\u00e1p lu\u1eadt v\u00e0 \u0111\u0103ng k\u00fd b\u1ea3o h\u1ed9 quy\u1ec1n t\u00e1c gi\u00e1 v\u00e0 quy\u1ec1n li\u00ean quan (T\u01b0 v\u1ea5n c\u00e1c quy \u0111\u1ecbnh ph\u00e1p lu\u1eadt li\u00ean quan \u0111\u1ebfn quy\u1ec1n t\u00e1c gi\u1ea3 v\u00e0 quy\u1ec1n li\u00ean quan, t\u01b0 v\u1ea5n v\u1ec1 quy \u0111\u0103ng k\u00fd b\u1ea3o h\u1ed9 quy\u1ec1n t\u00e1c gi\u1ea3 v\u00e0 quy\u1ec1n li\u00ean quan \u2026<\/p>\n<p>&#8211; T\u01b0 v\u1ea5n ph\u00e1p lu\u1eadt v\u00e0 \u0111\u0103ng k\u00fd b\u1ea3o h\u1ed9 s\u00e1ng ch\u1ebf (T\u01b0 v\u1ea5n c\u00e1c quy \u0111\u1ecbnh ph\u00e1p lu\u1eadt li\u00ean quan \u0111\u1ebfn S\u00e1ng ch\u1ebf, t\u01b0 v\u1ea5n v\u1ec1 quy tr\u00ecnh \u0111\u0103ng k\u00fd s\u00e1ng ch\u1ebf\u2026<\/p>\n<p>&#8211; T\u01b0 v\u1ea5n ph\u00e1p lu\u1eadt v\u00e0 \u0111\u0103ng k\u00fd b\u1ea3o h\u1ed9 ki\u1ec3u d\u00e1ng c\u00f4ng nghi\u1ec7p (T\u01b0 v\u1ea5n c\u00e1c quy \u0111\u1ecbnh ph\u00e1p lu\u1eadt li\u00ean quan \u0111\u1ebfn ki\u1ec3u d\u00e1ng c\u00f4ng nghi\u1ec7p, t\u01b0 v\u1ea5n v\u1ec1 quy tr\u00ecnh tra c\u1ee9u v\u00e0 \u0111\u0103ng k\u00fd ki\u1ec3u d\u00e1ng c\u00f4ng nghi\u1ec7p\u2026<\/p>\n<p>&#8211; T\u01b0 v\u1ea5n ph\u00e1p lu\u1eadt v\u00e0 \u0111\u0103ng k\u00fd b\u1ea3o h\u1ed9 thi\u1ebft k\u1ebf b\u1ed1 tr\u00ed m\u1ea1ch t\u00edch h\u1ee3p;<\/p>\n<p>&#8211; T\u01b0 v\u1ea5n ph\u00e1p lu\u1eadt v\u00e0 \u0111\u0103ng k\u00fd b\u1ea3o h\u1ed9 gi\u1ed1ng c\u00e2y tr\u1ed3ng;<\/p>\n<p>&#8211; T\u01b0 v\u1ea5n ph\u00e1p lu\u1eadt v\u1ec1 chuy\u1ec3n giao quy\u1ec1n s\u1edf h\u1eefu c\u00f4ng ngh\u1ec7 (T\u01b0 v\u1ea5n c\u00e1c quy \u0111\u1ecbnh ph\u00e1p lu\u1eadt li\u00ean quan \u0111\u1ebfn quy\u1ec1n s\u1edf h\u1eefu tr\u00ed tu\u1ec7, t\u01b0 v\u1ea5n v\u1ec1 quy tr\u00ecnh v\u00e0 kh\u1ea3 n\u0103ng chuy\u1ec3n giao quy\u1ec1n s\u1edf h\u1eefu c\u00f4ng ngh\u1ec7 \u2026<\/p>\n<p>&#8211; T\u01b0 v\u1ea5n c\u1ea5p ph\u00e9p ho\u1ea1t \u0111\u1ed9ng trang tin \u0111i\u1ec7n t\u1eed;<\/p>\n<p>&#8211; T\u01b0 v\u1ea5n x\u1eed l\u00fd vi ph\u1ea1m trong l\u0129nh v\u1ef1c s\u1edf h\u1eefu tr\u00ed tu\u1ec7 ( Vi ph\u1ea1m, tranh ch\u1ea5p \u0111\u1ed1i v\u1edbi nh\u00e3n hi\u1ec7u h\u00e0ng h\u00f3a, b\u1ea3n quy\u1ec1n, c\u1ea1nh tranh \u2026.<\/p>\n<\/div>","protected":false},"excerpt":{"rendered":"<p>C\u00f4ng ty Lu\u1eadt Gintasset cung c\u1ea5p d\u1ecbch v\u1ee5 t\u01b0 v\u1ea5n ph\u00e1p lu\u1eadt to\u00e0n di\u1ec7n trong l\u0129nh v\u1ef1c s\u1edf h\u1eefu tr\u00ed tu\u1ec7: &#8211; T\u01b0 v\u1ea5n ph\u00e1p lu\u1eadt v\u00e0 \u0111\u0103ng k\u00fd b\u1ea3o h\u1ed9 nh\u00e3n hi\u1ec7u (T\u01b0 v\u1ea5n c\u00e1c quy \u0111\u1ecbnh ph\u00e1p lu\u1eadt li\u00ean quan \u0111\u1ebfn nh\u00e3n hi\u1ec7u h\u00e0ng h\u00f3a, t\u01b0 v\u1ea5n v\u1ec1 quy tr\u00ecnh tra c\u1ee9u v\u00e0 [&hellip;]<\/p>\n","protected":false},"author":1,"featured_media":0,"parent":600,"menu_order":9,"comment_status":"closed","ping_status":"closed","template":"","meta":{"footnotes":""},"class_list":["post-601","page","type-page","status-publish"],"_links":{"self":[{"href":"https:\/\/gintasset.com.vn\/vi\/wp-json\/wp\/v2\/pages\/601\/"}],"collection":[{"href":"https:\/\/gintasset.com.vn\/vi\/wp-json\/wp\/v2\/pages\/"}],"about":[{"href":"https:\/\/gintasset.com.vn\/vi\/wp-json\/wp\/v2\/types\/page\/"}],"author":[{"embeddable":true,"href":"https:\/\/gintasset.com.vn\/vi\/wp-json\/wp\/v2\/users\/1\/"}],"replies":[{"embeddable":true,"href":"https:\/\/gintasset.com.vn\/vi\/wp-json\/wp\/v2\/comments\/?post=601"}],"version-history":[{"count":1,"href":"https:\/\/gintasset.com.vn\/vi\/wp-json\/wp\/v2\/pages\/601\/revisions\/"}],"predecessor-version":[{"id":704,"href":"https:\/\/gintasset.com.vn\/vi\/wp-json\/wp\/v2\/pages\/601\/revisions\/704\/"}],"up":[{"embeddable":true,"href":"https:\/\/gintasset.com.vn\/vi\/wp-json\/wp\/v2\/pages\/600\/"}],"wp:attachment":[{"href":"https:\/\/gintasset.com.vn\/vi\/wp-json\/wp\/v2\/media\/?parent=601"}],"curies":[{"name":"wp","href":"https:\/\/api.w.org\/{rel}","templated":true}]}}