{"id":586,"date":"2019-04-17T18:21:51","date_gmt":"2019-04-17T18:21:51","guid":{"rendered":"https:\/\/gintasset.com.vn\/?page_id=586"},"modified":"2020-09-28T08:51:30","modified_gmt":"2020-09-28T01:51:30","slug":"gioi-thieu","status":"publish","type":"page","link":"https:\/\/gintasset.com.vn\/vi\/gioi-thieu\/","title":{"rendered":"Gi\u1edbi thi\u1ec7u"},"content":{"rendered":"<div class=\"nolwrap\"><p style=\"text-align: justify;\"><strong>C\u00f4ng ty S\u1edf h\u1eefu Tr\u00ed tu\u1ec7 V\u00e0ng GINTASSET<\/strong> l\u00e0 m\u1ed9t T\u1ed5 ch\u1ee9c \u0111\u1ea1i di\u1ec7n s\u1edf h\u1eefu tr\u00ed tu\u1ec7 c\u00f3 ch\u1ee9c n\u0103ng t\u01b0 v\u1ea5n v\u00e0 th\u1ef1c hi\u1ec7n c\u00e1c d\u1ecbch v\u1ee5 ph\u00e1p l\u00fd v\u1ec1 s\u1edf h\u1eefu tr\u00ed tu\u1ec7. C\u00f4ng ty \u0111\u01b0\u1ee3c th\u00e0nh l\u1eadp theo Gi\u1ea5y ch\u1ee9ng nh\u1eadn \u0111\u0103ng k\u00fd kinh doanh s\u1ed1 0102014504 ng\u00e0y 19 th\u00e1ng 10 n\u0103m 2004 v\u00e0 theo Quy\u1ebft \u0111\u1ecbnh c\u1ee7a C\u1ee5c S\u1edf h\u1eefu Tr\u00ed tu\u1ec7 s\u1ed1 777\/Q\u0110-PCCS ng\u00e0y 24 th\u00e1ng 12 n\u0103m 2004 v\u1ec1 vi\u1ec7c ghi nh\u1eadn T\u1ed5 ch\u1ee9c d\u1ecbch v\u1ee5 \u0111\u1ea1i di\u1ec7n SHCN.<br \/>\n<strong><br \/>\nGINTASSET<\/strong> \u0111\u01b0\u1ee3c th\u00e0nh l\u1eadp b\u1edfi c\u00e1c lu\u1eadt s\u01b0, k\u1ef9 s\u01b0, c\u00e1c chuy\u00ean gia gi\u00e0u kinh nghi\u1ec7m trong l\u0129nh v\u1ef1c s\u1edf h\u1eefu tr\u00ed tu\u1ec7. Th\u00e0nh vi\u00ean c\u1ee7a GINTASSET l\u00e0 nh\u1eefng ng\u01b0\u1eddi \u0111\u00e3 c\u00f3 nhi\u1ec1u n\u0103m kinh nghi\u1ec7m v\u00e0 \u0111\u01b0\u1ee3c \u0111\u00e0o t\u1ea1o c\u01a1 b\u1ea3n c\u1ea3 trong v\u00e0 ngo\u00e0i n\u01b0\u1edbc trong l\u0129nh v\u1ef1c s\u1edf h\u1eefu tr\u00ed tu\u1ec7.<br \/>\n<strong><br \/>\nGINTASSET<\/strong> c\u00f3 quan h\u1ec7 h\u1ee3p t\u00e1c ch\u1eb7t ch\u1ebd v\u1edbi h\u00e0ng tr\u0103m V\u0103n ph\u00f2ng lu\u1eadt s\u01b0 v\u00e0 C\u00f4ng ty s\u1edf h\u1eefu tr\u00ed tu\u1ec7 c\u1ee7a h\u1ea7u h\u1ebft t\u1ea5t c\u1ea3 c\u00e1c qu\u1ed1c gia tr\u00ean th\u1ebf gi\u1edbi. GINTASSET l\u00e0 th\u00e0nh vi\u00ean c\u1ee7a nhi\u1ec1u hi\u1ec7p h\u1ed9i, t\u1ed5 ch\u1ee9c ngh\u1ec1 nghi\u1ec7p c\u1ee7a Vi\u1ec7t Nam v\u00e0 Qu\u1ed1c t\u1ebf v\u1ec1 s\u1edf h\u1eefu tr\u00ed tu\u1ec7, c\u1ee5 th\u1ec3 l\u00e0:<br \/>\n\u2022 H\u1ed9i S\u1edf h\u1eefu Tr\u00ed tu\u1ec7 Vi\u1ec7t Nam (VIPA)<br \/>\n\u2022 H\u1ed9i Lu\u1eadt gia Vi\u1ec7t Nam (VAL)<br \/>\n\u2022 Hi\u1ec7p h\u1ed9i c\u00e1c \u0111\u1ea1i di\u1ec7n S\u1edf h\u1eefu c\u00f4ng nghi\u1ec7p Ch\u00e2u \u00c1 (APAA)<br \/>\n\u2022 T\u1ed5 ch\u1ee9c c\u00e1c \u0110\u1ea1i di\u1ec7n s\u1edf h\u1eefu c\u00f4ng nghi\u1ec7p Qu\u1ed1c t\u1ebf (INTA)<br \/>\n\u2022 T\u1ed5 ch\u1ee9c Nh\u00e3n hi\u1ec7u C\u1ed9ng \u0111\u1ed3ng Ch\u00e2u \u00c2u (ECTA)<\/p>\n<p>C\u00f4ng ty \u0111\u00e3 c\u00f3 nhi\u1ec1u kinh nghi\u1ec7m trong vi\u1ec7c \u0111\u1ea1i di\u1ec7n cho kh\u00e1ch h\u00e0ng Vi\u1ec7t Nam v\u00e0 qu\u1ed1c t\u1ebf trong vi\u1ec7c x\u00e1c l\u1eadp v\u00e0 b\u1ea3o h\u1ed9 quy\u1ec1n s\u1edf h\u1eefu tr\u00ed tu\u1ec7, gi\u1ea3i quy\u1ebft tranh ch\u1ea5p, vi ph\u1ea1m trong l\u0129nh v\u1ef1c s\u1edf h\u1eefu tr\u00ed tu\u1ec7. Ch\u00fang t\u00f4i s\u1eb5n s\u00e0ng t\u01b0 v\u1ea5n cho c\u00e1c do\u1ea1nh nghi\u1ec7p v\u1ec1 th\u01b0\u01a1ng hi\u1ec7u c\u0169ng nh\u01b0 c\u00e1c v\u1ea5n \u0111\u1ec1 li\u00ean quan \u0111\u1ebfn ph\u00e1p lu\u1eadt s\u1edf h\u1eefu tr\u00ed tu\u1ec7, gi\u00fap kh\u00e1ch h\u00e0ng \u0111\u0103ng k\u00fd b\u1ea3n quy\u1ec1n t\u00e1c gi\u1ea3, x\u00e1c l\u1eadp v\u00e0 th\u1ef1c thi quy\u1ec1n s\u1edf h\u1eefu c\u00f4ng nghi\u1ec7p \u0111\u1ed1i v\u1edbi c\u00e1c \u0111\u1ed1i t\u01b0\u1ee3ng: s\u00e1ng ch\u1ebf, gi\u1ea3i ph\u00e1p h\u1eefu \u00edch, nh\u00e3n hi\u1ec7u h\u00e0ng h\u00f3a, ki\u1ec3u d\u00e1ng c\u00f4ng nghi\u1ec7p&#8230; c\u1ee7a Qu\u00fd kh\u00e1ch h\u00e0ng t\u1ea1i Vi\u1ec7t Nam c\u0169ng nh\u01b0 \u1edf n\u01b0\u1edbc ngo\u00e0i.<\/p>\n<p style=\"text-align: justify;\">M\u1ee5c ti\u00eau c\u1ee7a C\u00f4ng ty l\u00e0 h\u1ed7 tr\u1ee3 \u0111\u1eafc l\u1ef1c ho\u1ea1t \u0111\u1ed9ng s\u1ea3n xu\u1ea5t kinh doanh c\u1ee7a c\u00e1c doanh nghi\u1ec7p trong v\u00e0 ngo\u00e0i n\u01b0\u1edbc th\u00f4ng qua vi\u1ec7c b\u1ea3o v\u1ec7 hi\u1ec7u qu\u1ea3 t\u00e0i s\u1ea3n tr\u00ed tu\u1ec7 c\u1ee7a h\u1ecd \u1edf Vi\u1ec7t Nam c\u0169ng nh\u01b0 tr\u00ean th\u1ebf gi\u1edbi, gi\u00fap kh\u00e1ch h\u00e0ng c\u00f3 \u0111\u01b0\u1ee3c l\u1ee3i \u00edch cao nh\u1ea5t t\u1eeb c\u00e1c quy\u1ec1n s\u1edf h\u1eefu tr\u00ed tu\u1ec7 c\u1ee7a h\u1ecd.<\/p>\n<\/div>","protected":false},"excerpt":{"rendered":"<p>C\u00f4ng ty S\u1edf h\u1eefu Tr\u00ed tu\u1ec7 V\u00e0ng GINTASSET l\u00e0 m\u1ed9t T\u1ed5 ch\u1ee9c \u0111\u1ea1i di\u1ec7n s\u1edf h\u1eefu tr\u00ed tu\u1ec7 c\u00f3 ch\u1ee9c n\u0103ng t\u01b0 v\u1ea5n v\u00e0 th\u1ef1c hi\u1ec7n c\u00e1c d\u1ecbch v\u1ee5 ph\u00e1p l\u00fd v\u1ec1 s\u1edf h\u1eefu tr\u00ed tu\u1ec7. C\u00f4ng ty \u0111\u01b0\u1ee3c th\u00e0nh l\u1eadp theo Gi\u1ea5y ch\u1ee9ng nh\u1eadn \u0111\u0103ng k\u00fd kinh doanh s\u1ed1 0102014504 ng\u00e0y 19 th\u00e1ng 10 [&hellip;]<\/p>\n","protected":false},"author":1,"featured_media":0,"parent":0,"menu_order":2,"comment_status":"closed","ping_status":"closed","template":"","meta":{"footnotes":""},"class_list":["post-586","page","type-page","status-publish"],"_links":{"self":[{"href":"https:\/\/gintasset.com.vn\/vi\/wp-json\/wp\/v2\/pages\/586\/"}],"collection":[{"href":"https:\/\/gintasset.com.vn\/vi\/wp-json\/wp\/v2\/pages\/"}],"about":[{"href":"https:\/\/gintasset.com.vn\/vi\/wp-json\/wp\/v2\/types\/page\/"}],"author":[{"embeddable":true,"href":"https:\/\/gintasset.com.vn\/vi\/wp-json\/wp\/v2\/users\/1\/"}],"replies":[{"embeddable":true,"href":"https:\/\/gintasset.com.vn\/vi\/wp-json\/wp\/v2\/comments\/?post=586"}],"version-history":[{"count":7,"href":"https:\/\/gintasset.com.vn\/vi\/wp-json\/wp\/v2\/pages\/586\/revisions\/"}],"predecessor-version":[{"id":3437,"href":"https:\/\/gintasset.com.vn\/vi\/wp-json\/wp\/v2\/pages\/586\/revisions\/3437\/"}],"wp:attachment":[{"href":"https:\/\/gintasset.com.vn\/vi\/wp-json\/wp\/v2\/media\/?parent=586"}],"curies":[{"name":"wp","href":"https:\/\/api.w.org\/{rel}","templated":true}]}}