{"id":2168,"date":"2019-05-07T01:18:40","date_gmt":"2019-05-07T01:18:40","guid":{"rendered":"https:\/\/gintasset.com.vn\/huong-dan-nop-don\/lien-ket-huu-ich\/cac-to-chuc-nghe-nghiep"},"modified":"2019-05-07T01:18:40","modified_gmt":"2019-05-07T01:18:40","slug":"cac-to-chuc-nghe-nghiep","status":"publish","type":"page","link":"https:\/\/gintasset.com.vn\/vi\/lien-ket-huu-ich\/cac-to-chuc-nghe-nghiep\/","title":{"rendered":"C\u00e1c t\u1ed5 ch\u1ee9c ngh\u1ec1 nghi\u1ec7p"},"content":{"rendered":"<div class=\"nolwrap\"><div id=\"tdi_1\" class=\"tdc-row\"><div class=\"vc_row tdi_2  wpb_row td-pb-row\" >\r\n<style scoped>\r\n\/* custom css - generated by TagDiv Composer *\/\r\n\r\n\/* custom css - generated by TagDiv Composer *\/\r\n.tdi_2,\r\n                .tdi_2 .tdc-columns{\r\n                    min-height: 0;\r\n                }.tdi_2,\r\n\t\t\t\t.tdi_2 .tdc-columns{\r\n\t\t\t\t    display: block;\r\n\t\t\t\t}.tdi_2 .tdc-columns{\r\n\t\t\t\t    width: 100%;\r\n\t\t\t\t}.tdi_2:before,\r\n\t\t\t\t.tdi_2:after{\r\n\t\t\t\t    display: table;\r\n\t\t\t\t}\r\n<\/style><div class=\"vc_column tdi_4  wpb_column vc_column_container tdc-column td-pb-span12\">\r\n<style scoped>\r\n\/* custom css - generated by TagDiv Composer *\/\r\n\r\n\/* custom css - generated by TagDiv Composer *\/\r\n.tdi_4{\r\n                    vertical-align: baseline;\r\n                }.tdi_4 > .wpb_wrapper,\r\n\t\t\t\t.tdi_4 > .wpb_wrapper > .tdc-elements{\r\n\t\t\t\t    display: block;\r\n\t\t\t\t}.tdi_4 > .wpb_wrapper > .tdc-elements{\r\n\t\t\t\t    width: 100%;\r\n\t\t\t\t}.tdi_4 > .wpb_wrapper > .vc_row_inner{\r\n\t\t\t\t    width: auto;\r\n\t\t\t\t}.tdi_4 > .wpb_wrapper{\r\n\t\t\t\t    width: auto;\r\n\t\t\t\t    height: auto;\r\n\t\t\t\t}\r\n<\/style><div class=\"wpb_wrapper\" ><div class=\"wpb_wrapper wpb_text_column td_block_wrap td_block_wrap vc_column_text tdi_5  tagdiv-type td-pb-border-top td_block_template_1\"  data-td-block-uid=\"tdi_5\" >\r\n<style>\r\n\/* custom css - generated by TagDiv Composer *\/\r\n.vc_column_text > .td-element-style{\r\n\t\t\t\t\tz-index: -1;\r\n\t\t\t\t}\r\n<\/style><div class=\"td-fix-index\"><p><a href=\"http:\/\/hoiluatgiavn.org.vn\/\">H\u1ed9i Lu\u1eadt gia Vi\u1ec7t Nam<\/a><\/p>\n<p><a href=\"https:\/\/luatsuhanoi.vn\/\" target=\"_blank\" rel=\"noopener\">\u0110o\u00e0n Lu\u1eadt s\u01b0 Th\u00e0nh ph\u1ed1 H\u00e0 N\u1ed9i<\/a><\/p>\n<p><a href=\"http:\/\/www.hcmcbar.org\/\" target=\"_blank\" rel=\"noopener\">\u0110o\u00e0n Lu\u1eadt s\u01b0 TP HCM <\/a><\/p>\n<p><a href=\"http:\/\/www.vipa.com.vn\/\" target=\"_blank\" rel=\"noopener\">H\u1ed9i S\u1edf h\u1eefu Tr\u00ed tu\u1ec7 Vi\u1ec7t Nam (VIPA)<\/a><\/p>\n<p><a href=\"https:\/\/ipba.org\/\">Hi\u1ec7p h\u1ed9i Lu\u1eadt s\u01b0 Li\u00ean Th\u00e1i B\u00ecnh D\u01b0\u01a1ng (IPBA)<\/a><\/p>\n<p><a href=\"https:\/\/www.inta.org\">Hi\u1ec7p h\u1ed9i Nh\u00e3n hi\u1ec7u H\u00e0ng ho\u00e1 Qu\u1ed1c t\u1ebf (INTA)<\/a><\/p>\n<p><a href=\"http:\/\/apaaonline.org\/\">Hi\u1ec7p h\u1ed9i Lu\u1eadt s\u01b0 S\u00e1ng ch\u1ebf ch\u00e2u \u00c1 (APAA)<\/a><\/p>\n<p><a href=\"http:\/\/vietnamip.com.vn\/vn\/\" target=\"_blank\" rel=\"noopener\">Hi\u1ec7p h\u1ed9i B\u1ea3o h\u1ed9 SHTT Qu\u1ed1c t\u1ebf (AIPPI)<\/a><\/p>\n<p><a href=\"https:\/\/www.aseanip.org\/\">Hi\u1ec7p h\u1ed9i SHTT ASEAN (ASEAN-IP)<\/a><\/p>\n<p><a href=\"https:\/\/www.lawasia.asn.au\/\">Hi\u1ec7p h\u1ed9i Lu\u1eadt s\u01b0 ch\u00e2u \u00c1-Th\u00e1i B\u00ecnh D\u01b0\u01a1ng (LawAsia)<\/a><\/p>\n<p><a href=\"https:\/\/www.interlaw.com\/\">Hi\u1ec7p h\u1ed9i Qu\u1ed1c t\u1ebf c\u00e1c C\u00f4ng ty Lu\u1eadt \u0110\u1ed9c l\u1eadp (InterLaw)<\/a><\/p>\n<\/div><\/div><\/div><\/div><\/div><\/div><\/div>","protected":false},"excerpt":{"rendered":"","protected":false},"author":1,"featured_media":0,"parent":2125,"menu_order":1,"comment_status":"closed","ping_status":"closed","template":"","meta":{"footnotes":""},"class_list":["post-2168","page","type-page","status-publish"],"_links":{"self":[{"href":"https:\/\/gintasset.com.vn\/vi\/wp-json\/wp\/v2\/pages\/2168\/"}],"collection":[{"href":"https:\/\/gintasset.com.vn\/vi\/wp-json\/wp\/v2\/pages\/"}],"about":[{"href":"https:\/\/gintasset.com.vn\/vi\/wp-json\/wp\/v2\/types\/page\/"}],"author":[{"embeddable":true,"href":"https:\/\/gintasset.com.vn\/vi\/wp-json\/wp\/v2\/users\/1\/"}],"replies":[{"embeddable":true,"href":"https:\/\/gintasset.com.vn\/vi\/wp-json\/wp\/v2\/comments\/?post=2168"}],"version-history":[{"count":0,"href":"https:\/\/gintasset.com.vn\/vi\/wp-json\/wp\/v2\/pages\/2168\/revisions\/"}],"up":[{"embeddable":true,"href":"https:\/\/gintasset.com.vn\/vi\/wp-json\/wp\/v2\/pages\/2125\/"}],"wp:attachment":[{"href":"https:\/\/gintasset.com.vn\/vi\/wp-json\/wp\/v2\/media\/?parent=2168"}],"curies":[{"name":"wp","href":"https:\/\/api.w.org\/{rel}","templated":true}]}}