{"id":2167,"date":"2019-05-07T01:18:40","date_gmt":"2019-05-07T01:18:40","guid":{"rendered":"https:\/\/gintasset.com.vn\/huong-dan-nop-don\/lien-ket-huu-ich\/cac-co-quan-nha-nuoc-viet-nam"},"modified":"2019-05-07T02:43:53","modified_gmt":"2019-05-07T02:43:53","slug":"cac-co-quan-nha-nuoc-viet-nam","status":"publish","type":"page","link":"https:\/\/gintasset.com.vn\/vi\/lien-ket-huu-ich\/cac-co-quan-nha-nuoc-viet-nam\/","title":{"rendered":"C\u00e1c C\u01a1 quan Nh\u00e0 n\u01b0\u1edbc Vi\u1ec7t Nam"},"content":{"rendered":"<div class=\"nolwrap\"><div id=\"tdi_1\" class=\"tdc-row\"><div class=\"vc_row tdi_2  wpb_row td-pb-row\" >\r\n<style scoped>\r\n\/* custom css - generated by TagDiv Composer *\/\r\n\r\n\/* custom css - generated by TagDiv Composer *\/\r\n.tdi_2,\r\n                .tdi_2 .tdc-columns{\r\n                    min-height: 0;\r\n                }.tdi_2,\r\n\t\t\t\t.tdi_2 .tdc-columns{\r\n\t\t\t\t    display: block;\r\n\t\t\t\t}.tdi_2 .tdc-columns{\r\n\t\t\t\t    width: 100%;\r\n\t\t\t\t}.tdi_2:before,\r\n\t\t\t\t.tdi_2:after{\r\n\t\t\t\t    display: table;\r\n\t\t\t\t}\r\n<\/style><div class=\"vc_column tdi_4  wpb_column vc_column_container tdc-column td-pb-span12\">\r\n<style scoped>\r\n\/* custom css - generated by TagDiv Composer *\/\r\n\r\n\/* custom css - generated by TagDiv Composer *\/\r\n.tdi_4{\r\n                    vertical-align: baseline;\r\n                }.tdi_4 > .wpb_wrapper,\r\n\t\t\t\t.tdi_4 > .wpb_wrapper > .tdc-elements{\r\n\t\t\t\t    display: block;\r\n\t\t\t\t}.tdi_4 > .wpb_wrapper > .tdc-elements{\r\n\t\t\t\t    width: 100%;\r\n\t\t\t\t}.tdi_4 > .wpb_wrapper > .vc_row_inner{\r\n\t\t\t\t    width: auto;\r\n\t\t\t\t}.tdi_4 > .wpb_wrapper{\r\n\t\t\t\t    width: auto;\r\n\t\t\t\t    height: auto;\r\n\t\t\t\t}\r\n<\/style><div class=\"wpb_wrapper\" ><div class=\"wpb_wrapper wpb_text_column td_block_wrap td_block_wrap vc_column_text tdi_5  tagdiv-type td-pb-border-top td_block_template_1\"  data-td-block-uid=\"tdi_5\" >\r\n<style>\r\n\/* custom css - generated by TagDiv Composer *\/\r\n.vc_column_text > .td-element-style{\r\n\t\t\t\t\tz-index: -1;\r\n\t\t\t\t}\r\n<\/style><div class=\"td-fix-index\"><p><a href=\"http:\/\/www.na.gov.vn\" target=\"_blank\" rel=\"noopener\">Qu\u1ed1c H\u1ed9i<\/a><br \/>\n<a href=\"http:\/\/www.mofa.gov.vn\" target=\"_blank\" rel=\"noopener\">B\u1ed9 Ngo\u1ea1i giao<\/a><br \/>\n<a href=\"http:\/\/www.noip.gov.vn\/\" target=\"_blank\" rel=\"noopener\">C\u1ee5c S\u1edf h\u1eefu C\u00f4ng nghi\u1ec7p<\/a><\/p>\n<p><a href=\"http:\/\/ipdl.noip.gov.vn\/\" target=\"_blank\" rel=\"noopener\">C\u1ee5c S\u1edf h\u1eefu C\u00f4ng nghi\u1ec7p (Tra c\u1ee9u Nh\u00e3n hi\u1ec7u h\u00e0ng ho\u00e1)<\/a><br \/>\n<a href=\"http:\/\/www.cinet.vnn.vn\" target=\"_blank\" rel=\"noopener\">B\u1ed9 V\u01cen ho\u00e1 &amp; Th\u00f4ng tin<\/a><br \/>\n<a href=\"http:\/\/www.mpi.gov.vn\" target=\"_blank\" rel=\"noopener\">B\u1ed9 K\u1ebf ho\u1ea1ch v\u00e0 \u0110\u1ea7u t\u01b0<\/a><br \/>\n<a href=\"http:\/\/www.moste.gov.vn\/\" target=\"_blank\" rel=\"noopener\">B\u1ed9 Khoa h\u1ecdc &amp; C\u00f4ng ngh\u1ec7<\/a><br \/>\n<a href=\"http:\/\/www.mof.gov.vn\/DefaultE.aspx?tabid=197\" target=\"_blank\" rel=\"noopener\">B\u1ed9 T\u00e0i ch\u00ednh<\/a><br \/>\n<a href=\"http:\/\/www.mot.gov.vn\" target=\"_blank\" rel=\"noopener\">B\u1ed9 Th\u01b0\u01a1ng m\u1ea1i<\/a><\/p>\n<p><a href=\"http:\/\/www.chinhphu.vn\" target=\"_blank\" rel=\"noopener\">Ch\u00ednh ph\u1ee7<\/a><br \/>\n<a href=\"http:\/\/www.vietlaw.gov.vn\" target=\"_blank\" rel=\"noopener\">Lu\u1eadt vi\u1ec7t nam<\/a><br \/>\n<a href=\"https:\/\/luatvietnam.vn\/\" target=\"_blank\" rel=\"noopener\">Lu\u1eadt vi\u1ec7t<\/a><br \/>\n<a href=\"http:\/\/www.thuvienphapluat.com\/\" target=\"_blank\" rel=\"noopener\">Th\u01b0 vi\u1ec7n ph\u00e1p lu\u1eadt<\/a><\/p>\n<p><a href=\"http:\/\/www.moj.gov.vn\/\" target=\"_blank\" rel=\"noopener\">B\u1ed9 T\u01b0 ph\u00e1p (MOJ)<\/a><br \/>\n<a href=\"http:\/\/www.moit.gov.vn\/\" target=\"_blank\" rel=\"noopener\">B\u1ed9 C\u00f4ng th\u01b0\u01a1ng (MOIT)<\/a><br \/>\n<a href=\"https:\/\/www.sbv.gov.vn\/\" target=\"_blank\" rel=\"noopener\">Ng\u00e2n h\u00e0ng Nh\u00e0 n\u01b0\u1edbc Vi\u1ec7t Nam (SBV)<\/a><br \/>\n<a href=\"http:\/\/www.gdt.gov.vn\/\" target=\"_blank\" rel=\"noopener\">T\u1ed5ng c\u1ee5c Thu\u1ebf (GTO)<\/a><br \/>\n<a href=\"https:\/\/www.gso.gov.vn\/\" target=\"_blank\" rel=\"noopener\">T\u1ed5ng c\u1ee5c Th\u1ed1ng k\u00ea (GSO)<\/a><br \/>\n<a href=\"http:\/\/www.noip.gov.vn\/\" target=\"_blank\" rel=\"noopener\">C\u1ee5c S\u1edf h\u1eefu Tr\u00ed tu\u1ec7 (NOIP)<\/a><br \/>\n<a href=\"http:\/\/www.ssc.gov.vn\/\" target=\"_blank\" rel=\"noopener\">U\u1ef7 ban Ch\u1ee9ng kho\u00e1n Nh\u00e0 n\u01b0\u1edbc (SSC)<\/a><br \/>\n<a href=\"http:\/\/www.hapi.gov.vn\/\" target=\"_blank\" rel=\"noopener\">S\u1edf K\u1ebf ho\u1ea1ch v\u00e0 \u0110\u1ea7u t\u01b0 H\u00e0 N\u1ed9i (HAPI)<\/a><br \/>\n<a href=\"http:\/\/congthuong.hanoi.gov.vn\/\" target=\"_blank\" rel=\"noopener\">S\u1edf C\u00f4ng th\u01b0\u01a1ng H\u00e0 N\u1ed9i (Hanoi DOIT)<\/a><br \/>\n<a href=\"http:\/\/www.dpi.hochiminhcity.gov.vn\/\" target=\"_blank\" rel=\"noopener\">S\u1edf K\u1ebf ho\u1ea1ch v\u00e0 \u0110\u1ea7u t\u01b0 TP HCM (HCMC DPI)<\/a><br \/>\n<a href=\"http:\/\/congthuong.hochiminhcity.gov.vn\/\" target=\"_blank\" rel=\"noopener\">S\u1edf C\u00f4ng th\u01b0\u01a1ng TP HCM (HCMC DOIT)<\/a><\/p>\n<\/div><\/div><\/div><\/div><\/div><\/div><\/div>","protected":false},"excerpt":{"rendered":"","protected":false},"author":1,"featured_media":0,"parent":2125,"menu_order":0,"comment_status":"closed","ping_status":"closed","template":"","meta":{"footnotes":""},"class_list":["post-2167","page","type-page","status-publish"],"_links":{"self":[{"href":"https:\/\/gintasset.com.vn\/vi\/wp-json\/wp\/v2\/pages\/2167\/"}],"collection":[{"href":"https:\/\/gintasset.com.vn\/vi\/wp-json\/wp\/v2\/pages\/"}],"about":[{"href":"https:\/\/gintasset.com.vn\/vi\/wp-json\/wp\/v2\/types\/page\/"}],"author":[{"embeddable":true,"href":"https:\/\/gintasset.com.vn\/vi\/wp-json\/wp\/v2\/users\/1\/"}],"replies":[{"embeddable":true,"href":"https:\/\/gintasset.com.vn\/vi\/wp-json\/wp\/v2\/comments\/?post=2167"}],"version-history":[{"count":3,"href":"https:\/\/gintasset.com.vn\/vi\/wp-json\/wp\/v2\/pages\/2167\/revisions\/"}],"predecessor-version":[{"id":2234,"href":"https:\/\/gintasset.com.vn\/vi\/wp-json\/wp\/v2\/pages\/2167\/revisions\/2234\/"}],"up":[{"embeddable":true,"href":"https:\/\/gintasset.com.vn\/vi\/wp-json\/wp\/v2\/pages\/2125\/"}],"wp:attachment":[{"href":"https:\/\/gintasset.com.vn\/vi\/wp-json\/wp\/v2\/media\/?parent=2167"}],"curies":[{"name":"wp","href":"https:\/\/api.w.org\/{rel}","templated":true}]}}