{"id":2164,"date":"2019-05-07T01:17:13","date_gmt":"2019-05-07T01:17:13","guid":{"rendered":"https:\/\/gintasset.com.vn\/huong-dan-nop-don\/myanmar\/kieu-dang-cong-nghiep"},"modified":"2020-09-30T06:58:47","modified_gmt":"2020-09-29T23:58:47","slug":"kieu-dang-cong-nghiep","status":"publish","type":"page","link":"https:\/\/gintasset.com.vn\/vi\/huong-dan-nop-don\/myanmar\/kieu-dang-cong-nghiep\/","title":{"rendered":"Ki\u1ec3u d\u00e1ng c\u00f4ng nghi\u1ec7p"},"content":{"rendered":"<div class=\"nolwrap\"><h2 style=\"text-align: justify;\"><span style=\"font-size: 14pt;\"><strong>TH\u00d4NG TIN B\u1eaeT BU\u1ed8C<\/strong><\/span><\/h2>\n<ul style=\"text-align: justify;\">\n<li>T\u00ean, \u0111\u1ecba ch\u1ec9 v\u00e0 qu\u1ed1c t\u1ecbch c\u1ee7a ng\u01b0\u1eddi n\u1ed9p \u0111\u01a1n;<\/li>\n<li>T\u00ean, \u0111\u1ecba ch\u1ec9 v\u00e0 qu\u1ed1c t\u1ecbch c\u1ee7a nh\u00e0 thi\u1ebft k\u1ebf;<\/li>\n<li>Ti\u00eau \u0111\u1ec1 c\u1ee7a ki\u1ec3u d\u00e1ng c\u00f4ng nghi\u1ec7p;<\/li>\n<li>Qu\u1ed1c gia, s\u1ed1 \u0111\u01a1n v\u00e0 ng\u00e0y n\u1ed9p \u0111\u01a1n c\u1ee7a \u0111\u01a1n n\u01b0\u1edbc ngo\u00e0i g\u1ed1c m\u00e0 t\u1eeb \u0111\u00f3 y\u00eau c\u1ea7u \u01b0u ti\u00ean (n\u1ebfu c\u00f3 y\u00eau c\u1ea7u \u01b0u ti\u00ean);<\/li>\n<li>Ch\u1ec9 s\u1ed1 ph\u00e2n lo\u1ea1i Locarno.<\/li>\n<\/ul>\n<h2 style=\"text-align: justify;\"><span style=\"font-size: 14pt;\"><strong>T\u00c0I LI\u1ec6U B\u1eaeT BU\u1ed8C<\/strong><\/span><\/h2>\n<ul style=\"text-align: justify;\">\n<li>Gi\u1ea5y x\u00e1c nh\u1eadn quy\u1ec1n s\u1edf h\u1eefu (ch\u1ec9 c\u00f3 ch\u1eef k\u00fd v\u00e0 c\u00f4ng ch\u1ee9ng); Tuy\u00ean b\u1ed1 ph\u1ea3i ch\u1ee9a d\u1eef li\u1ec7u \u0111\u1ea7y \u0111\u1ee7 v\u1ec1 Thi\u1ebft k\u1ebf, bao g\u1ed3m t\u00ean thi\u1ebft k\u1ebf, s\u1ed1 \u0111\u0103ng k\u00fd v\u00e0 qu\u1ed1c gia n\u1ebfu thi\u1ebft k\u1ebf \u0111\u00e3 \u0111\u01b0\u1ee3c \u0111\u0103ng k\u00fd \u1edf n\u01a1i kh\u00e1c (v\u00ed d\u1ee5: S\u1ed1 \u0111\u01a1n \u0111\u0103ng k\u00fd c\u1ee7a Hoa K\u1ef3), v\u00e0 th\u00f4ng tin v\u1ec1 ch\u1ee7 s\u1edf h\u1eefu thi\u1ebft k\u1ebf v\u00e0 c\u00e1c nh\u00e0 thi\u1ebft k\u1ebf;<\/li>\n<li>Gi\u1ea5y \u1ee7y quy\u1ec1n \u0111\u1eb7c bi\u1ec7t (do \u0110\u1ea1i s\u1ee9 qu\u00e1n Myanmar k\u00fd, c\u00f4ng ch\u1ee9ng v\u00e0 h\u1ee3p ph\u00e1p h\u00f3a);<\/li>\n<li>B\u1ed9 \u1ea3nh \/ b\u1ea3n v\u1ebd c\u1ee7a thi\u1ebft k\u1ebf;<\/li>\n<li>M\u00f4 t\u1ea3 thi\u1ebft k\u1ebf;<\/li>\n<li>B\u1ea3n sao c\u1ee7a t\u00e0i li\u1ec7u \u0111\u0103ng k\u00fd g\u1ed1c.<\/li>\n<\/ul>\n<p style=\"text-align: justify;\"><strong>L\u01b0u \u00fd:<\/strong> ng\u01b0\u1eddi k\u00fd t\u00ean trong Tuy\u00ean b\u1ed1 S\u1edf h\u1eefu v\u00e0 Gi\u1ea5y \u1ee7y quy\u1ec1n \u0110\u1eb7c bi\u1ec7t ph\u1ea3i gi\u1ed1ng nhau.<\/p>\n<h2 style=\"text-align: justify;\"><strong><span style=\"font-size: 14pt;\">TH\u00d4NG TIN CHUNG<\/span><\/strong><\/h2>\n<p style=\"text-align: justify;\">\u0110\u1ea1o lu\u1eadt v\u1ec1 ki\u1ec3u d\u00e1ng v\u00e0 s\u00e1ng ch\u1ebf c\u1ee7a Mi\u1ebfn \u0110i\u1ec7n n\u0103m 1945 \u0111\u00e3 b\u1ecb b\u00e3i b\u1ecf v\u00e0o n\u0103m 1993. V\u0103n ph\u00f2ng T\u1ed5ng ch\u01b0\u1edfng l\u00fd \u0111\u00e3 so\u1ea1n th\u1ea3o l\u1ea1i lu\u1eadt SHTT bao g\u1ed3m lu\u1eadt thi\u1ebft k\u1ebf \u0111\u1ec3 tu\u00e2n th\u1ee7 Hi\u1ec7p \u0111\u1ecbnh TRIPS do Myanmar l\u00e0 th\u00e0nh vi\u00ean c\u1ee7a WTO, ASEAN v\u00e0 m\u1edbi nh\u1ea5t l\u00e0 WIPO v\u00e0o n\u0103m 2002. C\u00e1c lu\u1eadt m\u1edbi v\u1ec1 thi\u1ebft k\u1ebf v\u00e0 b\u1eb1ng s\u00e1ng ch\u1ebf v\u1eabn ch\u01b0a \u0111\u01b0\u1ee3c ban h\u00e0nh cho \u0111\u1ebfn th\u1eddi \u0111i\u1ec3m n\u00e0y.<\/p>\n<p style=\"text-align: justify;\">Trong th\u1eddi gian t\u1ea1m th\u1eddi n\u00e0y, b\u1eb1ng s\u00e1ng ch\u1ebf \/ thi\u1ebft k\u1ebf c\u00f3 th\u1ec3 \u0111\u01b0\u1ee3c \u0111\u0103ng k\u00fd theo m\u1ee5c 18 (f) c\u1ee7a \u0110\u1ea1o lu\u1eadt \u0110\u0103ng k\u00fd v\u1edbi C\u01a1 quan \u0110\u0103ng k\u00fd Ch\u1ee9ng th\u01b0 v\u00e0 B\u1ea3o \u0111\u1ea3m b\u1eb1ng Tuy\u00ean b\u1ed1 Quy\u1ec1n s\u1edf h\u1eefu, l\u00e0 m\u1ed9t tuy\u00ean b\u1ed1 long tr\u1ecdng v\u1ec1 c\u00e1c s\u1ef1 ki\u1ec7n do ch\u1ee7 s\u1edf h\u1eefu b\u1eb1ng s\u00e1ng ch\u1ebf \u0111\u01b0a ra.<\/p>\n<p style=\"text-align: justify;\">Vi\u1ec7c xu\u1ea5t b\u1ea3n th\u00f4ng b\u00e1o c\u1ea3nh gi\u00e1c tr\u00ean m\u1ed9t t\u1ea1p ch\u00ed ho\u1eb7c t\u1edd b\u00e1o \u0111\u01b0\u1ee3c ch\u1ec9 \u0111\u1ecbnh t\u1ea1i \u0111\u1ecba ph\u01b0\u01a1ng d\u1ef1a tr\u00ean \u0111\u0103ng k\u00fd l\u00e0 quy tr\u00ecnh duy nh\u1ea5t \u0111\u1ec3 nh\u1eafc nh\u1edf c\u00f4ng ch\u00fang v\u1ec1 m\u1ecdi h\u00e0nh vi c\u00f3 th\u1ec3 x\u1ea3y ra v\u00e0 vi ph\u1ea1m quy\u1ec1n s\u1edf h\u1eefu b\u1eb1ng s\u00e1ng ch\u1ebf \/ thi\u1ebft k\u1ebf trong th\u1eddi k\u1ef3 thi\u1ebfu lu\u1eadt, quy t\u1eafc v\u00e0 quy \u0111\u1ecbnh \u0111\u01b0\u1ee3c ban h\u00e0nh b\u1ecb li\u00ean l\u1ee5y. Do \u0111\u00f3, \u0111\u01a1n \u0111\u0103ng k\u00fd thi\u1ebft k\u1ebf \/ s\u00e1ng ch\u1ebf c\u00f3 th\u1ec3 \u0111\u01b0\u1ee3c \u0111\u0103ng k\u00fd t\u1ea1i Myanmar b\u1eb1ng Tuy\u00ean b\u1ed1 Quy\u1ec1n s\u1edf h\u1eefu v\u00e0 theo sau l\u00e0 Th\u00f4ng b\u00e1o C\u1ea3nh b\u00e1o tr\u00ean m\u1ed9t t\u1ea1p ch\u00ed ho\u1eb7c t\u1edd b\u00e1o \u0111\u01b0\u1ee3c ch\u1ec9 \u0111\u1ecbnh t\u1ea1i \u0111\u1ecba ph\u01b0\u01a1ng d\u1ef1a tr\u00ean \u0111\u0103ng k\u00fd \u0111\u00f3. Kh\u00f4ng b\u1eaft bu\u1ed9c ph\u1ea3i tr\u1ea3 ph\u00ed duy tr\u00ec ho\u1eb7c h\u00e0ng n\u0103m.<\/p>\n<\/div>","protected":false},"excerpt":{"rendered":"<p>TH\u00d4NG TIN B\u1eaeT BU\u1ed8C T\u00ean, \u0111\u1ecba ch\u1ec9 v\u00e0 qu\u1ed1c t\u1ecbch c\u1ee7a ng\u01b0\u1eddi n\u1ed9p \u0111\u01a1n; T\u00ean, \u0111\u1ecba ch\u1ec9 v\u00e0 qu\u1ed1c t\u1ecbch c\u1ee7a nh\u00e0 thi\u1ebft k\u1ebf; Ti\u00eau \u0111\u1ec1 c\u1ee7a ki\u1ec3u d\u00e1ng c\u00f4ng nghi\u1ec7p; Qu\u1ed1c gia, s\u1ed1 \u0111\u01a1n v\u00e0 ng\u00e0y n\u1ed9p \u0111\u01a1n c\u1ee7a \u0111\u01a1n n\u01b0\u1edbc ngo\u00e0i g\u1ed1c m\u00e0 t\u1eeb \u0111\u00f3 y\u00eau c\u1ea7u \u01b0u ti\u00ean (n\u1ebfu c\u00f3 y\u00eau c\u1ea7u [&hellip;]<\/p>\n","protected":false},"author":1,"featured_media":0,"parent":2122,"menu_order":34,"comment_status":"closed","ping_status":"closed","template":"","meta":{"footnotes":""},"class_list":["post-2164","page","type-page","status-publish"],"_links":{"self":[{"href":"https:\/\/gintasset.com.vn\/vi\/wp-json\/wp\/v2\/pages\/2164\/"}],"collection":[{"href":"https:\/\/gintasset.com.vn\/vi\/wp-json\/wp\/v2\/pages\/"}],"about":[{"href":"https:\/\/gintasset.com.vn\/vi\/wp-json\/wp\/v2\/types\/page\/"}],"author":[{"embeddable":true,"href":"https:\/\/gintasset.com.vn\/vi\/wp-json\/wp\/v2\/users\/1\/"}],"replies":[{"embeddable":true,"href":"https:\/\/gintasset.com.vn\/vi\/wp-json\/wp\/v2\/comments\/?post=2164"}],"version-history":[{"count":5,"href":"https:\/\/gintasset.com.vn\/vi\/wp-json\/wp\/v2\/pages\/2164\/revisions\/"}],"predecessor-version":[{"id":3446,"href":"https:\/\/gintasset.com.vn\/vi\/wp-json\/wp\/v2\/pages\/2164\/revisions\/3446\/"}],"up":[{"embeddable":true,"href":"https:\/\/gintasset.com.vn\/vi\/wp-json\/wp\/v2\/pages\/2122\/"}],"wp:attachment":[{"href":"https:\/\/gintasset.com.vn\/vi\/wp-json\/wp\/v2\/media\/?parent=2164"}],"curies":[{"name":"wp","href":"https:\/\/api.w.org\/{rel}","templated":true}]}}