{"id":2163,"date":"2019-05-07T01:17:13","date_gmt":"2019-05-07T01:17:13","guid":{"rendered":"https:\/\/gintasset.com.vn\/huong-dan-nop-don\/myanmar\/nhan-hieu"},"modified":"2019-05-07T01:17:13","modified_gmt":"2019-05-07T01:17:13","slug":"nhan-hieu","status":"publish","type":"page","link":"https:\/\/gintasset.com.vn\/vi\/huong-dan-nop-don\/myanmar\/nhan-hieu\/","title":{"rendered":"Nh\u00e3n hi\u1ec7u"},"content":{"rendered":"<div class=\"nolwrap\"><p style=\"text-align: center;\"><span style=\"color: #800000;\"><b><strong><span style=\"font-family: Times New Roman,Times,serif; font-size: x-large;\">H\u01b0\u1edbng d\u1eabn n\u1ed9p \u0111\u01a1n \u0111\u0103ng k\u00fd nh\u00e3n hi\u1ec7u<br \/>\nt\u1ea1i Myanmar<\/span><\/strong><\/b><\/span><\/p>\n<p style=\"text-align: justify;\"><b><span style=\"font-family: Verdana; font-size: small;\">Th\u00f4ng tin c\u1ea7n cung c\u1ea5p:\u00a0<\/span><\/b><\/p>\n<ol>\n<li style=\"margin-left: 40px; text-align: justify;\"><span style=\"font-family: Verdana; font-size: small;\">T\u00ean, \u0111\u1ecba ch\u1ec9 \u0111\u1ea7y \u0111\u1ee7 v\u00e0 qu\u1ed1c t\u1ecbch c\u1ee7a ng\u01b0\u1eddi n\u1ed9p \u0111\u01a1n;\u00a0<\/span><\/li>\n<li style=\"margin-left: 40px; text-align: justify;\"><span style=\"font-family: Verdana; font-size: small;\">B\u1ea3n m\u00f4 t\u1ea3 nh\u00e3n hi\u1ec7u: \u00fd ngh\u0129a, m\u00e0u s\u1eafc. N\u1ebfu nh\u00e3n hi\u1ec7u c\u00f3 ch\u1ee9a c\u00e1c ch\u1eef thu\u1ed9c ng\u00f4n ng\u1eef n\u01b0\u1edbc ngo\u00e0i, ph\u1ea3i cung c\u1ea5p ph\u1ea7n d\u1ecbch v\u00e0 phi\u00ean \u00e2m c\u1ee7a c\u00e1c ch\u1eef n\u01b0\u1edbc ngo\u00e0i \u0111\u00f3;<\/span><\/li>\n<li style=\"margin-left: 40px; text-align: justify;\"><span style=\"font-family: Verdana; font-size: small;\">Danh m\u1ee5c h\u00e0ng ho\u00e1\/d\u1ecbch v\u1ee5 s\u1eed d\u1ee5ng nh\u00e3n hi\u1ec7u n\u00e0y v\u00e0 n\u1ebfu c\u00f3 th\u1ec3, c\u00e1c nh\u00f3m h\u00e0ng ho\u00e1\/d\u1ecbch v\u1ee5 c\u1ee7a c\u00e1c h\u00e0ng ho\u00e1\/d\u1ecbch v\u1ee5 t\u01b0\u01a1ng \u1ee9ng theo b\u1ea3ng ph\u00e2n lo\u1ea1i qu\u1ed1c t\u1ebf (n\u1ebfu bi\u1ebft).<\/span><\/li>\n<\/ol>\n<p style=\"text-align: justify;\"><b><span style=\"font-family: Verdana; font-size: small;\">T\u00e0i li\u1ec7u c\u1ea7n cung c\u1ea5p:\u00a0<\/span><\/b><\/p>\n<ol>\n<li style=\"text-align: justify; margin-left: 40px;\"><span style=\"font-family: Verdana; font-size: small;\">01 Gi\u1ea5y u\u1ef7 quy\u1ec1n \u0111\u1eb7c bi\u1ec7t (Gi\u1ea5y u\u1ef7 quy\u1ec1n n\u00e0y ph\u1ea3i \u0111\u01b0\u1ee3c c\u00f4ng ch\u1ee9ng, x\u00e1c nh\u1eadn v\u00e0 ch\u1ee9ng th\u1ef1c b\u1edfi \u0110\u1ea1i s\u1ee9 qu\u00e1n\/ L\u00e3nh s\u1ef1 qu\u00e1n\/ Ph\u00f3 l\u00e3nh s\u1ef1 qu\u00e1n ho\u1eb7c \u0111\u1ea1i di\u1ec7n c\u1ee7a Ch\u00ednh ph\u1ee7 Li\u00ean hi\u1ec7p Myanma \u1edf n\u01b0\u1edbc c\u1ee7a ng\u01b0\u1eddi n\u1ed9p \u0111\u01a1n) (s\u1ebd \u0111\u01b0\u1ee3c cung c\u1ea5p);\u00a0<\/span><\/li>\n<li style=\"text-align: justify; margin-left: 40px;\"><span style=\"font-family: Verdana; font-size: small;\">B\u1ea3n tuy\u00ean b\u1ed1 v\u1ec1 quy\u1ec1n s\u1edf h\u1eefu Nh\u00e3n hi\u1ec7u (Ng\u01b0\u1eddi k\u00fd Gi\u1ea5y u\u1ef7 quy\u1ec1n \u0111\u1eb7c bi\u1ec7t \u1edf tr\u00ean ch\u1ec9 c\u1ea7n k\u00fd v\u00e0o B\u1ea3n tuy\u00ean b\u1ed1 n\u00e0y);\u00a0<\/span><\/li>\n<li style=\"text-align: justify; margin-left: 40px;\"><span style=\"font-family: Verdana; font-size: small;\">20 m\u1eabu Nh\u00e3n hi\u1ec7u (k\u00edch th\u01b0\u1edbc kh\u00f4ng qu\u00e1 80mm x 80mm v\u00e0 kh\u00f4ng nh\u1ecf h\u01a1n 15mm x 15mm);<\/span><\/li>\n<li style=\"text-align: justify; margin-left: 40px;\"><span style=\"font-family: Verdana; font-size: small;\">T\u00e0i li\u1ec7u xin h\u01b0\u1edfng quy\u1ec1n \u01b0u ti\u00ean c\u00f3 x\u00e1c nh\u1eadn c\u1ee7a c\u01a1 quan n\u1ed9p \u0111\u01a1n (n\u1ebfu xin h\u01b0\u1edfng quy\u1ec1n \u01b0u ti\u00ean).\u00a0<\/span><\/li>\n<\/ol>\n<p style=\"text-align: justify;\"><b><span style=\"font-family: Verdana; font-size: small;\">Th\u00f4ng tin chung:\u00a0<\/span><\/b><\/p>\n<ol>\n<li style=\"text-align: justify; margin-left: 40px;\"><span style=\"font-family: Verdana; font-size: small;\">M\u1ed9t \u0111\u01a1n \u0111\u0103ng k\u00fd Nh\u00e3n hi\u1ec7u t\u1ea1i Myanama c\u00f3 th\u1ec3 d\u00f9ng \u0111\u1ec3 \u0111\u0103ng k\u00fd cho m\u1ed9t Nh\u00e3n hi\u1ec7u v\u1edbi m\u1ed9t ho\u1eb7c nhi\u1ec1u nh\u00f3m h\u00e0ng ho\u00e1\/d\u1ecbch v\u1ee5 kh\u00e1c nhau;\u00a0<\/span><\/li>\n<li style=\"text-align: justify; margin-left: 40px;\"><span style=\"font-family: Verdana; font-size: small;\">Th\u1eddi gian t\u1eeb khi n\u1ed9p \u0111\u01a1n \u0111\u0103ng k\u00fd Nh\u00e3n hi\u1ec7u \u0111\u1ebfn khi c\u1ea5p Gi\u1ea5y ch\u1ee9ng nh\u1eadn \u0111\u0103ng k\u00fd nh\u00e3n hi\u1ec7u t\u1ea1i Myanma l\u00e0 04-06 tu\u1ea7n;\u00a0<\/span><\/li>\n<li style=\"text-align: justify; margin-left: 40px;\"><span style=\"font-family: Verdana; font-size: small;\">Gi\u1ea5y ch\u1ee9ng nh\u1eadn \u0111\u0103ng k\u00fd nh\u00e3n hi\u1ec7u c\u1ea7n ti\u1ebfn h\u00e0nh gia h\u1ea1n 3 n\u0103m m\u1ed9t l\u1ea7n;\u00a0<\/span><\/li>\n<li style=\"text-align: justify; margin-left: 40px;\"><span style=\"font-family: Verdana; font-size: small;\">\u1edf Myanma, cho \u0111\u1ebfn nay v\u1eabn ch\u01b0a c\u00f3 lu\u1eadt v\u1ec1 nh\u00e3n hi\u1ec7u, n\u00ean ngay sau khi ho\u00e0n t\u1ea5t vi\u1ec7c \u0111\u0103ng k\u00fd nh\u00e3n hi\u1ec7u, ch\u1ee7 s\u1edf h\u1eefu Nh\u00e3n hi\u1ec7u c\u1ea7n ti\u1ebfn h\u00e0nh l\u00e0m &#8220;Cautionary Notice&#8221; &#8211; Th\u00f4ng b\u00e1o khuy\u1ebfn c\u00e1o v\u1ec1 Nh\u00e3n hi\u1ec7u c\u1ee7a m\u00ecnh tr\u00ean b\u00e1o ch\u00ed c\u1ee7a Myanma. M\u1eb7c d\u00f9 vi\u1ec7c n\u00e0y l\u00e0 kh\u00f4ng b\u1eaft bu\u1ed9c, nh\u01b0ng c\u00f3 t\u00e1c d\u1ee5ng gi\u00fap d\u00e2n ch\u00fang bi\u1ebft \u0111\u01b0\u1ee3c quy\u1ec1n s\u1edf h\u1eefu nh\u00e3n hi\u1ec7u c\u1ee7a ch\u1ee7 nh\u00e3n hi\u1ec7u. Ngo\u00e0i ra, m\u1ed9t t\u00e1c d\u1ee5ng quan tr\u1ecdng kh\u00e1c l\u00e0 n\u00f3 gi\u00fap c\u1ea3nh b\u00e1o c\u00e1c b\u00ean c\u00f3 \u00fd \u0111\u1ecbnh x\u00e2m ph\u1ea1m kh\u00f4ng \u0111\u01b0\u1ee3c vi ph\u1ea1m quy\u1ec1n nh\u00e3n hi\u1ec7u c\u1ee7a ch\u1ee7 Nh\u00e3n hi\u1ec7u.<\/span><\/li>\n<\/ol>\n<p style=\"line-height: 120%; margin-left: 15;\" align=\"right\">\n<\/div>","protected":false},"excerpt":{"rendered":"<p>H\u01b0\u1edbng d\u1eabn n\u1ed9p \u0111\u01a1n \u0111\u0103ng k\u00fd nh\u00e3n hi\u1ec7u t\u1ea1i Myanmar Th\u00f4ng tin c\u1ea7n cung c\u1ea5p:\u00a0 T\u00ean, \u0111\u1ecba ch\u1ec9 \u0111\u1ea7y \u0111\u1ee7 v\u00e0 qu\u1ed1c t\u1ecbch c\u1ee7a ng\u01b0\u1eddi n\u1ed9p \u0111\u01a1n;\u00a0 B\u1ea3n m\u00f4 t\u1ea3 nh\u00e3n hi\u1ec7u: \u00fd ngh\u0129a, m\u00e0u s\u1eafc. N\u1ebfu nh\u00e3n hi\u1ec7u c\u00f3 ch\u1ee9a c\u00e1c ch\u1eef thu\u1ed9c ng\u00f4n ng\u1eef n\u01b0\u1edbc ngo\u00e0i, ph\u1ea3i cung c\u1ea5p ph\u1ea7n d\u1ecbch v\u00e0 phi\u00ean [&hellip;]<\/p>\n","protected":false},"author":1,"featured_media":0,"parent":2122,"menu_order":33,"comment_status":"closed","ping_status":"closed","template":"","meta":{"footnotes":""},"class_list":["post-2163","page","type-page","status-publish"],"_links":{"self":[{"href":"https:\/\/gintasset.com.vn\/vi\/wp-json\/wp\/v2\/pages\/2163\/"}],"collection":[{"href":"https:\/\/gintasset.com.vn\/vi\/wp-json\/wp\/v2\/pages\/"}],"about":[{"href":"https:\/\/gintasset.com.vn\/vi\/wp-json\/wp\/v2\/types\/page\/"}],"author":[{"embeddable":true,"href":"https:\/\/gintasset.com.vn\/vi\/wp-json\/wp\/v2\/users\/1\/"}],"replies":[{"embeddable":true,"href":"https:\/\/gintasset.com.vn\/vi\/wp-json\/wp\/v2\/comments\/?post=2163"}],"version-history":[{"count":0,"href":"https:\/\/gintasset.com.vn\/vi\/wp-json\/wp\/v2\/pages\/2163\/revisions\/"}],"up":[{"embeddable":true,"href":"https:\/\/gintasset.com.vn\/vi\/wp-json\/wp\/v2\/pages\/2122\/"}],"wp:attachment":[{"href":"https:\/\/gintasset.com.vn\/vi\/wp-json\/wp\/v2\/media\/?parent=2163"}],"curies":[{"name":"wp","href":"https:\/\/api.w.org\/{rel}","templated":true}]}}