{"id":2160,"date":"2019-05-07T01:16:00","date_gmt":"2019-05-07T01:16:04","guid":{"rendered":"https:\/\/gintasset.com.vn\/huong-dan-nop-don\/campuchia\/nhan-hieu-hang-hoa"},"modified":"2019-05-07T01:44:38","modified_gmt":"2019-05-07T01:44:38","slug":"nhan-hieu-hang-hoa","status":"publish","type":"page","link":"https:\/\/gintasset.com.vn\/vi\/huong-dan-nop-don\/campuchia\/nhan-hieu-hang-hoa\/","title":{"rendered":"Nh\u00e3n hi\u1ec7u h\u00e0ng h\u00f3a"},"content":{"rendered":"<div class=\"nolwrap\"><p><span style=\"color: #800000;\"><strong>I. TH\u1ee6 T\u1ee4C \u0110\u0102NG K\u00dd NH\u00c3N HI\u1ec6U<\/strong><\/span><\/p>\n<p>Cambodia th\u00f4ng qua Ph\u00e2n nh\u00f3m S\u1ea3n ph\u1ea9m v\u00e0 D\u1ecbch v\u1ee5 Qu\u1ed1c t\u1ebf theo Th\u1ecfa \u01b0\u1edbc Nice (l\u1ea7n th\u1ee9 8). Nh\u00e3n hi\u1ec7u h\u00e0ng h\u00f3a, Nh\u00e3n hi\u1ec7u d\u1ecbch v\u1ee5 v\u00e0 Nh\u00e3n hi\u1ec7u t\u1eadp th\u1ec3 \u0111\u01b0\u1ee3c \u0111\u0103ng k\u00fd t\u1ea1i Cambodia. Tuy nhi\u00ean, m\u1ed7i \u0111\u01a1n nh\u00e3n hi\u1ec7u ch\u1ec9 \u0111\u01b0\u1ee3c n\u1ed9p cho 1 nh\u00e3n hi\u1ec7u v\u00e0 1 nh\u00f3m s\u1ea3n ph\u1ea9m\/d\u1ecbch v\u1ee5. Ng\u01b0\u1eddi n\u1ed9p \u0111\u01a1n c\u00f3 th\u1ec3 y\u00eau c\u1ea7u h\u01b0\u1edfng quy\u1ec1n \u01b0u ti\u00ean \u0111\u1ed1i v\u1edbi nh\u00e3n hi\u1ec7u theo C\u00f4ng \u01b0\u1edbc Paris.<\/p>\n<p>Khi n\u1ed9p \u0111\u01a1n \u0111\u0103ng k\u00fd Nh\u00e3n hi\u1ec7u \u1edf Cambodia, C\u01a1 quan Nh\u00e3n hi\u1ec7u s\u1ebd ti\u1ebfn h\u00e0nh th\u1ee7 t\u1ee5c x\u00e9t nghi\u1ec7m h\u00ecnh th\u1ee9c v\u00e0 x\u00e9t nghi\u1ec7m n\u1ed9i dung \u0111\u1ed1i v\u1edbi t\u1ea5t c\u1ea3 c\u00e1c \u0111\u01a1n \u0111\u01b0\u1ee3c n\u1ed9p. Vi\u1ec7c s\u1ebd nghi\u1ec7m n\u1ed9i dung \u0111\u01b0\u1ee3c th\u1ef1c hi\u1ec7n \u0111\u1ec3 ki\u1ec3m tra li\u1ec7u nh\u00e3n hi\u1ec7u n\u1ed9p \u0111\u01a1n \u0111\u0103ng k\u00fd c\u00f3 tr\u00f9ng ho\u1eb7c t\u01b0\u01a1ng t\u1ef1 g\u00e2y nh\u1ea7m l\u1eabn v\u1edbi c\u00e1c nh\u00e3n hi\u1ec7u \u0111\u00e3 \u0111\u01b0\u1ee3c n\u1ed9p \u0111\u01a1n ho\u1eb7c \u0111\u0103ng k\u00fd tr\u01b0\u1edbc \u0111\u00f3 hay kh\u00f4ng.<\/p>\n<p>Gi\u1ea5y ch\u1ee9ng nh\u1eadn \u0111\u0103ng k\u00fd Nh\u00e3n hi\u1ec7u t\u1ea1i Cambodia s\u1ebd \u0111\u01b0\u1ee3c c\u1ea5p trong v\u00f2ng 6-8 th\u00e1ng k\u1ec3 t\u1eeb ng\u00e0y n\u1ed9p \u0111\u01a1n.<br \/>\n<strong><br \/>\n<span style=\"color: #800000;\">1. T\u00e0i li\u1ec7u n\u1ed9p \u0111\u01a1n<br \/>\n<\/span><\/strong><\/p>\n<p>\u0110\u1ec3 n\u1ed9p \u0111\u01a1n \u0111\u0103ng k\u00fd Nh\u00e3n hi\u1ec7u t\u1ea1i Cambodia, Ng\u01b0\u1eddi n\u1ed9p \u0111\u01a1n c\u1ea7n cung c\u1ea5p c\u00e1c th\u00f4ng tin v\u00e0 t\u00e0i li\u1ec7u sau \u0111\u00e2y:<\/p>\n<p>(i) \u00a0\u00a0 \u00a0T\u00ean v\u00e0 \u0111\u1ecba ch\u1ec9 \u0111\u1ea7y \u0111\u1ee7 c\u1ee7a Ng\u01b0\u1eddi n\u1ed9p \u0111\u01a1n;<br \/>\n(ii) \u00a0\u00a0 \u00a0M\u1eabu nh\u00e3n hi\u1ec7u (15 m\u1eabu) kh\u00f4ng l\u1edbn h\u01a1n 80mm x 80mm v\u00e0 kh\u00f4ng nh\u1ecf h\u01a1n 50mm x 50mm;<br \/>\n(iii) \u00a0\u00a0 B\u1ea3n d\u1ecbch ti\u1ebfng Anh v\u00e0 d\u1ecbch ngh\u0129a c\u1ee7a Nh\u00e3n hi\u1ec7u n\u1ebfu nh\u00e3n hi\u1ec7u kh\u00f4ng ph\u1ea3i b\u1eb1ng ti\u1ebfng Anh;<br \/>\n(iv) \u00a0\u00a0 Danh m\u1ee5c s\u1ea3n ph\u1ea9m\/d\u1ecbch v\u1ee5 y\u00eau c\u1ea7u b\u1ea3o h\u1ed9 v\u00e0 Ph\u00e2n nh\u00f3m qu\u1ed1c t\u1ebf c\u1ee7a s\u1ea3n ph\u1ea9m\/d\u1ecbch v\u1ee5 t\u01b0\u01a1ng \u1ee9ng (n\u1ebfu bi\u1ebft);<br \/>\n(v)\u00a0\u00a0 \u00a0M\u00e3 ph\u00e2n lo\u1ea1i h\u00ecnh c\u1ee7a Nh\u00e3n hi\u1ec7u theo M\u00e3 Vienna (n\u1ebfu bi\u1ebft);<br \/>\n(v) \u00a0\u00a0 Th\u00f4ng tin xin h\u01b0\u1edfng quy\u1ec1n \u01b0u ti\u00ean theo C\u00f4ng \u01b0\u01a1c Paris (n\u1ebfu c\u00f3), bao g\u1ed3m s\u1ed1 \u0111\u01a1n, ng\u00e0y n\u1ed9p \u0111\u01a1n \u01b0u ti\u00ean v\u00e0 qu\u1ed1c gia \u0111\u00e3 n\u1ed9p \u0111\u01a1n. B\u1ea3n sao c\u00f3 x\u00e1c nh\u1eadn c\u1ee7a \u0111\u01a1n \u01b0u ti\u00ean v\u00e0 b\u1ea3n d\u1ecbch ti\u1ebfng Anh t\u00e0i li\u1ec7u n\u00e0y ph\u1ea3i \u0111\u01b0\u1ee3c n\u1ed9p sau \u0111\u00f3; v\u00e0<br \/>\n(vi) \u00a0\u00a0 \u00a0M\u1ed9t b\u1ea3n sao c\u00f4ng ch\u1ee9ng Gi\u1ea5y \u1ee7y quy\u1ec1n c\u1ee7a Ng\u01b0\u1eddi n\u1ed9p \u0111\u01a1n theo h\u00ecnh th\u1ee9c \u0111\u01b0\u1ee3c quy \u0111\u1ecbnh t\u1ea1i M\u1ee5c 7 c\u1ee7a H\u01b0\u1edbng d\u1eabn n\u00e0y. Gi\u1ea5y \u1ee7y quy\u1ec1n c\u00f3 th\u1ec3 \u0111\u01b0\u1ee3c c\u00f4ng ch\u1ee9ng b\u1edfi c\u01a1 quan c\u00f4ng ch\u1ee9ng c\u1ee7a b\u1ea5t k\u1ef3 qu\u1ed1c gia n\u00e0y v\u00e0 Gi\u1ea5y \u1ee7y quy\u1ec1n kh\u00f4ng c\u1ea7n ph\u1ea3i qua th\u1ee7 t\u1ee5c h\u1ee3p ph\u00e1p h\u00f3a l\u00e3nh s\u1ef1 \u0111\u1ec3 \u0111\u01b0\u1ee3c s\u1eed d\u1ee5ng t\u1ea1i Cambodia. M\u1ed9t t\u00e0i li\u1ec7u \u1ee6y quy\u1ec1n c\u00f3 th\u1ec3 \u0111\u01b0\u1ee3c s\u1eed d\u1ee5ng cho nhi\u1ec1u \u0111\u01a1n nh\u00e3n hi\u1ec7u kh\u00e1c nhau n\u1ebfu nh\u01b0 m\u1ed9t nh\u00e3n hi\u1ec7u c\u1ee5 th\u1ec3 kh\u00f4ng \u0111\u01b0\u1ee3c \u0111\u01b0a ra trong ph\u1ea1m vi c\u1ee7a Gi\u1ea5y \u1ee7y quy\u1ec1n. B\u1ea3n sao Gi\u1ea5y \u1ee7y quy\u1ec1n c\u00f3 th\u1ec3 \u0111\u01b0\u1ee3c n\u1ed9p t\u1ea1i th\u1eddi \u0111i\u1ec3m n\u1ed9p \u0111\u01a1n v\u1edbi \u0111i\u1ec1u ki\u1ec7n b\u1ea3o g\u1ed1c t\u00e0i li\u1ec7u n\u00e0y ph\u1ea3i \u0111\u01b0\u1ee3c n\u1ed9p sau \u0111\u00f3.<\/p>\n<p><span style=\"color: #800000;\"><strong>2. Th\u1eddi h\u1ea1n b\u1ea3o h\u1ed9 v\u00e0 gia h\u1ea1n<\/strong><\/span><\/p>\n<p>Th\u1eddi h\u1ea1n b\u1ea3o h\u1ed9 nh\u00e3n hi\u1ec7u t\u1ea1i Cambodia l\u00e0 10 n\u0103m k\u1ec3 t\u1eeb ng\u00e0y n\u1ed9p \u0111\u01a1n (ho\u1eb7c k\u1ec3 t\u1eeb ng\u00e0y \u01b0u ti\u00ean, n\u1ebfu c\u00f3). Nh\u00e3n hi\u1ec7u \u0111\u01b0\u1ee3c \u0111\u0103ng k\u00fd c\u00f3 th\u1ec3 \u0111\u01b0\u1ee3c gia h\u1ea1n nhi\u1ec1u l\u1ea7n, m\u1ed7i l\u1ea7n 10 n\u0103m.<\/p>\n<p>Ch\u1ee7 s\u1edf h\u1eefu nh\u00e3n hi\u1ec7u \u0111\u0103ng k\u00fd c\u00f3 ngh\u0129a v\u1ee5 s\u1eed d\u1ee5ng Nh\u00e3n hi\u1ec7u t\u1ea1i Cambodia. T\u1ea1i n\u0103m cu\u1ed1i c\u1ee7a m\u1ed7i giai \u0111o\u1ea1n 5 n\u0103m k\u1ec3 t\u1eeb ng\u00e0y \u0111\u0103ng k\u00fd, B\u1ea3n Tuy\u00ean th\u1ec7 S\u1eed d\u1ee5ng Nh\u00e3n hi\u1ec7u, n\u1ebfu Nh\u00e3n hi\u1ec7u \u0111\u00e3 \u0111\u01b0\u1ee3c s\u1eed d\u1ee5ng t\u1ea1i Cambodia, ho\u1eb7c B\u1ea3n Tuy\u00ean th\u1ec7 kh\u00f4ng s\u1eed d\u1ee5ng, n\u1ebfu nh\u00e3n hi\u1ec7u ch\u01b0a \u0111\u01b0\u1ee3c s\u1eed d\u1ee5ng t\u1ea1i Cambodia, ph\u1ea3i \u0111\u01b0\u1ee3c n\u1ed9p t\u1ea1i C\u01a1 quan Nh\u00e3n hi\u1ec7u Cambodia. N\u1ebfu c\u00e1c B\u1ea3n tuy\u00ean th\u1ec7 s\u1eed d\u1ee5ng\/kh\u00f4ng s\u1eed d\u1ee5ng nh\u00e3n hi\u1ec7u kh\u00f4ng \u0111\u01b0\u1ee3c n\u1ed9p v\u00e0o C\u01a1 quan Nh\u00e3n hi\u1ec7u, nh\u00e3n hi\u1ec7u s\u1ebd b\u1ecb h\u1ee7y b\u1ecf theo y\u00eau c\u1ea7u c\u1ee7a b\u00ean th\u1ee9 ba.<\/p>\n<p><span style=\"color: #800000;\"><strong>II. GIA H\u1ea0N<\/strong><\/span><\/p>\n<p><strong><span style=\"color: #800000;\">1. T\u00e0i li\u1ec7u y\u00eau c\u1ea7u khi gia h\u1ea1n<\/span><br \/>\n<\/strong><\/p>\n<p>(i) \u00a0\u00a0 \u00a0B\u1ea3n g\u1ed1c Gi\u1ea5y \u1ee7y quy\u1ec1n c\u00f3 c\u00f4ng ch\u1ee9ng;<br \/>\n(ii) \u00a0\u00a0 B\u1ea3n sao Gi\u1ea5y ch\u1ee9ng nh\u1eadn \u0111\u0103ng k\u00fd Nh\u00e3n hi\u1ec7u;<br \/>\n(iii) \u00a0 15 m\u1eabu nh\u00e3n hi\u1ec7u;<\/p>\n<p>L\u01b0u \u00fd, n\u1ebfu B\u1ea3n Tuy\u00ean th\u1ec7 s\u1eed d\u1ee5ng\/kh\u00f4ng s\u1eed d\u1ee5ng nh\u00e3n hi\u1ec7u ch\u01b0a \u0111\u01b0\u1ee3c n\u1ed9p th\u00ec ch\u1ee7 s\u1edf h\u1eefu nh\u00e3n hi\u1ec7u c\u1ea7n n\u1ed9p t\u00e0i li\u1ec7u n\u00e0y t\u1ea1i th\u1eddi \u0111i\u1ec3m n\u1ed9p \u0111\u01a1n gia h\u1ea1n.<\/p>\n<p><strong><span style=\"color: #800000;\">2. Th\u1eddi gian<\/span><br \/>\n<\/strong><\/p>\n<p>Tr\u00ean th\u1ef1c t\u1ebf, th\u1eddi gian \u0111\u1ec3 ho\u00e0n th\u00e0nh th\u1ee7 t\u1ee5c gia h\u1ea1n nh\u00e3n hi\u1ec7u t\u1ea1i Cambodia l\u00e0 5-7 th\u00e1ng k\u1ec3 t\u1eeb ng\u00e0y n\u1ed9p \u0111\u01a1n.<\/p>\n<p><span style=\"color: #800000;\"><strong>III. N\u1ed8P B\u1ea2N TUY\u00caN TH\u1ec6 S\u1eec D\u1ee4NG\/KH\u00d4NG S\u1eec D\u1ee4NG NH\u00c3N HI\u1ec6U<\/strong><\/span><\/p>\n<p><strong><span style=\"color: #800000;\">1. T\u00e0i li\u1ec7u n\u1ed9p \u0111\u01a1n<\/span><br \/>\n<\/strong><\/p>\n<p>(i) \u00a0\u00a0 \u00a0B\u1ea3n g\u1ed1c Gi\u1ea5y ch\u1ee9ng nh\u1eadn \u0111\u0103ng k\u00fd nh\u00e3n hi\u1ec7u;<br \/>\n(ii) \u00a0\u00a0 B\u1ea3n g\u1ed1c c\u00f3 ch\u1eef k\u00fd B\u1ea3n tuy\u00ean th\u1ec7 S\u1eed d\u1ee5ng\/kh\u00f4ng s\u1eed d\u1ee5ng Nh\u00e3n hi\u1ec7u;<br \/>\n(iii) \u00a0 B\u1eb1ng ch\u1ee9ng v\u1ec1 vi\u1ec7c s\u1eed d\u1ee5ng Nh\u00e3n hi\u1ec7u t\u1ea1i Cambodia n\u1ebfu kh\u00e1ch h\u00e0ng n\u1ed9p B\u1ea3n tuy\u00ean th\u1ec7 S\u1eed d\u1ee5ng Nh\u00e3n hi\u1ec7u (v\u00ed d\u1ee5 h\u00f3a \u0111\u01a1n, v\u1eadn \u0111\u01a1n, bao g\u00f3i s\u1ea3n ph\u1ea9m, t\u00e0i li\u1ec7u qu\u1ea3ng c\u00e1o v\u00e0 x\u00fac ti\u1ebfn th\u01b0\u01a1ng m\u1ea1i, s\u00e1ch h\u01b0\u1edbng d\u1eabn, \u1ea3nh ch\u1ee5p s\u1ea3n ph\u1ea9m, v..v..).<\/p>\n<p><strong><span style=\"color: #800000;\">2. Th\u1eddi gian<\/span><br \/>\n<\/strong><\/p>\n<p>Th\u1eddi gian \u0111\u1ec3 ho\u00e0n th\u00e0nh vi\u1ec7c ch\u1ee9ng th\u1ef1c n\u00e0y l\u00e0 4-5 th\u00e1ng k\u1ec3 t\u1eeb ng\u00e0y n\u1ed9p \u0111\u01a1n.<\/p>\n<p><span style=\"color: #800000;\"><strong>IV.\u00a0 GHI NH\u1eacN S\u1eecA \u0110\u1ed4I T\u00caN\/\u0110\u1ecaA CH\u1ec8<\/strong><\/span><\/p>\n<p><span style=\"color: #800000;\"><strong>1. T\u00e0i li\u1ec7u y\u00eau c\u1ea7u<\/strong><\/span><\/p>\n<p>(i) \u00a0\u00a0 \u00a0B\u1ea3n g\u1ed1c Gi\u1ea5y \u1ee7y quy\u1ec1n c\u00f3 c\u00f4ng ch\u1ee9ng;<br \/>\n(ii) \u00a0\u00a0 B\u1ea3n g\u1ed1c c\u00f3 c\u00f4ng ch\u1ee9ng Tuy\u00ean b\u1ed1 thay \u0111\u1ed5i T\u00ean\/\u0110\u1ecba ch\u1ec9 ho\u1eb7c c\u00e1c t\u00e0i li\u1ec7u ph\u00e1p l\u00fd kh\u00e1c th\u1ec3 hi\u1ec7n vi\u1ec7c thay \u0111\u1ed5i t\u00ean\/\u0111\u1ecba ch\u1ec9;<br \/>\n(iii) \u00a0 B\u1ea3n g\u1ed1c Gi\u1ea5y ch\u1ee9ng nh\u1eadn \u0111\u0103ng k\u00fd Nh\u00e3n hi\u1ec7u.<\/p>\n<p><span style=\"color: #800000;\"><strong>2. Th\u1eddi gian<\/strong><\/span><\/p>\n<p>Th\u1eddi gian \u0111\u1ec3 ho\u00e0n t\u1ea5t th\u1ee7 t\u1ee5c ghi nh\u1eadn thay \u0111\u1ed5i t\u00ean v\u00e0 \u0111\u1ecba ch\u1ec9 c\u1ee7a \u0111\u0103ng k\u00fd nh\u00e3n hi\u1ec7u t\u1ea1i Cambodia l\u00e0 3-4 th\u00e1ng k\u1ec3 t\u1eeb ng\u00e0y n\u1ed9p \u0111\u01a1n.<\/p>\n<p><span style=\"color: #800000;\"><strong>V. \u0110\u0102NG K\u00dd H\u1ee2P \u0110\u1ed2NG CHUY\u1ec2N NH\u01af\u1ee2NG NH\u00c3N HI\u1ec6U<\/strong><\/span><\/p>\n<p><strong><span style=\"color: #800000;\">1. T\u00e0i li\u1ec7u y\u00eau c\u1ea7u<\/span><br \/>\n<\/strong><\/p>\n<p>(i) \u00a0\u00a0 \u00a0B\u1ea3n g\u1ed1c Gi\u1ea5y \u1ee7y quy\u1ec1n c\u00f3 c\u00f4ng ch\u1ee9ng;<br \/>\n(ii) \u00a0\u00a0 B\u1ea3n g\u1ed1c c\u00f3 c\u00f4ng ch\u1ee9ng\/x\u00e1c nh\u1eadn H\u1ee3p \u0111\u1ed3ng chuy\u1ec3n nh\u01b0\u1ee3ng;<br \/>\n(iii) \u00a0 B\u1ea3n g\u1ed1c Gi\u1ea5y ch\u1ee9ng nh\u1eadn \u0111\u0103ng k\u00fd Nh\u00e3n hi\u1ec7u.<\/p>\n<p><strong><span style=\"color: #800000;\">2. Th\u1eddi gian<\/span><br \/>\n<\/strong><\/p>\n<p>Th\u1eddi gian \u0111\u1ec3 ho\u00e0n t\u1ea5t th\u1ee7 t\u1ee5c \u0111\u0103ng k\u00fd H\u1ee3p \u0111\u1ed3ng chuy\u1ec3n nh\u01b0\u1ee3ng nh\u00e3n hi\u1ec7u t\u1ea1i Cambodia l\u00e0 3-4 th\u00e1ng k\u1ec3 t\u1eeb ng\u00e0y n\u1ed9p \u0111\u01a1n.<\/p>\n<p><span style=\"color: #800000;\"><strong>VI. \u0110\u0102NG K\u00dd H\u1ee2P \u0110\u1ed2NG CHUY\u1ec2N QUY\u1ec0N S\u1eec D\u1ee4NG NH\u00c3N HI\u1ec6U<\/strong><\/span><\/p>\n<p><strong><span style=\"color: #800000;\">1. T\u00e0i li\u1ec7u c\u1ea7n thi\u1ebft<\/span><br \/>\n<\/strong><\/p>\n<p>(i) \u00a0\u00a0 \u00a0B\u1ea3n g\u1ed1c Gi\u1ea5y \u1ee7y quy\u1ec1n c\u00f3 c\u00f4ng ch\u1ee9ng;<br \/>\n(ii) \u00a0\u00a0 B\u1ea3n g\u1ed1c c\u00f3 c\u00f4ng ch\u1ee9ng\/x\u00e1c nh\u1eadn H\u1ee3p \u0111\u1ed3ng chuy\u1ec3n quy\u1ec1n s\u1eed d\u1ee5ng nh\u00e3n hi\u1ec7u;<br \/>\n(iii) \u00a0 B\u1ea3n sao Gi\u1ea5y ch\u1ee9ng nh\u1eadn \u0111\u0103ng k\u00fd Nh\u00e3n hi\u1ec7u.<br \/>\n<strong><br \/>\n<span style=\"color: #800000;\">2. Th\u1eddi gian<\/span><br \/>\n<\/strong><\/p>\n<p>Th\u1eddi gian \u0111\u1ec3 ho\u00e0n th\u00e0nh th\u1ee7 t\u1ee5c \u0111\u0103ng k\u00fd h\u1ee3p \u0111\u1ed3ng chuy\u1ec3n quy\u1ec1n s\u1eed d\u1ee5ng Nh\u00e3n hi\u1ec7u t\u1ea1i Cambodia l\u00e0 6-8 th\u00e1ng k\u1ec3 t\u1eeb n\u00e0y n\u1ed9p \u0111\u01a1n.<\/p>\n<\/div>","protected":false},"excerpt":{"rendered":"<p>I. TH\u1ee6 T\u1ee4C \u0110\u0102NG K\u00dd NH\u00c3N HI\u1ec6U Cambodia th\u00f4ng qua Ph\u00e2n nh\u00f3m S\u1ea3n ph\u1ea9m v\u00e0 D\u1ecbch v\u1ee5 Qu\u1ed1c t\u1ebf theo Th\u1ecfa \u01b0\u1edbc Nice (l\u1ea7n th\u1ee9 8). Nh\u00e3n hi\u1ec7u h\u00e0ng h\u00f3a, Nh\u00e3n hi\u1ec7u d\u1ecbch v\u1ee5 v\u00e0 Nh\u00e3n hi\u1ec7u t\u1eadp th\u1ec3 \u0111\u01b0\u1ee3c \u0111\u0103ng k\u00fd t\u1ea1i Cambodia. Tuy nhi\u00ean, m\u1ed7i \u0111\u01a1n nh\u00e3n hi\u1ec7u ch\u1ec9 \u0111\u01b0\u1ee3c n\u1ed9p cho 1 [&hellip;]<\/p>\n","protected":false},"author":1,"featured_media":0,"parent":2121,"menu_order":29,"comment_status":"closed","ping_status":"closed","template":"","meta":{"footnotes":""},"class_list":["post-2160","page","type-page","status-publish"],"_links":{"self":[{"href":"https:\/\/gintasset.com.vn\/vi\/wp-json\/wp\/v2\/pages\/2160\/"}],"collection":[{"href":"https:\/\/gintasset.com.vn\/vi\/wp-json\/wp\/v2\/pages\/"}],"about":[{"href":"https:\/\/gintasset.com.vn\/vi\/wp-json\/wp\/v2\/types\/page\/"}],"author":[{"embeddable":true,"href":"https:\/\/gintasset.com.vn\/vi\/wp-json\/wp\/v2\/users\/1\/"}],"replies":[{"embeddable":true,"href":"https:\/\/gintasset.com.vn\/vi\/wp-json\/wp\/v2\/comments\/?post=2160"}],"version-history":[{"count":2,"href":"https:\/\/gintasset.com.vn\/vi\/wp-json\/wp\/v2\/pages\/2160\/revisions\/"}],"predecessor-version":[{"id":2192,"href":"https:\/\/gintasset.com.vn\/vi\/wp-json\/wp\/v2\/pages\/2160\/revisions\/2192\/"}],"up":[{"embeddable":true,"href":"https:\/\/gintasset.com.vn\/vi\/wp-json\/wp\/v2\/pages\/2121\/"}],"wp:attachment":[{"href":"https:\/\/gintasset.com.vn\/vi\/wp-json\/wp\/v2\/media\/?parent=2160"}],"curies":[{"name":"wp","href":"https:\/\/api.w.org\/{rel}","templated":true}]}}