{"id":2159,"date":"2019-05-07T01:11:00","date_gmt":"2019-05-07T01:11:22","guid":{"rendered":"https:\/\/gintasset.com.vn\/huong-dan-nop-don\/lao\/kieu-dang-cong-nghiep"},"modified":"2019-05-10T02:16:50","modified_gmt":"2019-05-10T02:16:50","slug":"kieu-dang-cong-nghiep","status":"publish","type":"page","link":"https:\/\/gintasset.com.vn\/vi\/huong-dan-nop-don\/lao\/kieu-dang-cong-nghiep\/","title":{"rendered":"Ki\u1ec3u d\u00e1ng c\u00f4ng nghi\u1ec7p"},"content":{"rendered":"<div class=\"nolwrap\"><p><strong>H\u01af\u1edaNG D\u1eaaN N\u1ed8P \u0110\u01a0N \u0110\u0102NG K\u00dd \u0110\u1ed8C QUY\u1ec0N KI\u1ec2U D\u00c1NG C\u00d4NG\u00a0 NGHI\u1ec6P T\u1ea0I L\u00c0O<\/strong><\/p>\n<p><strong>C\u00e1c th\u00f4ng tin c\u1ea7n cung c\u1ea5p<\/strong><\/p>\n<p>1- H\u1ecd t\u00ean \u0111\u1ea7y \u0111\u1ee7, \u0111\u1ecba ch\u1ec9 v\u00e0 qu\u1ed1c t\u1ecbch c\u1ee7a ng\u01b0\u1eddi n\u1ed9p \u0111\u01a1n;<\/p>\n<p>2- H\u1ecd t\u00ean \u0111\u1ea7y \u0111\u1ee7, \u0111\u1ecba ch\u1ec9 v\u00e0 qu\u1ed1c t\u1ecbch c\u1ee7a t\u00e1c gi\u1ea3 ki\u1ec3u d\u00e1ng;<\/p>\n<p>3- T\u00ean c\u1ee7a ki\u1ec3u d\u00e1ng (th\u1ec3 hi\u1ec7n \u0111\u1ed1i t\u01b0\u1ee3ng c\u1ea7n \u0111\u0103ng k\u00fd);<\/p>\n<p>4- S\u1ed1 \u0111\u01a1n \u01b0u ti\u00ean, ng\u00e0y \u01b0u ti\u00ean v\u00e0 n\u01b0\u1edbc \u01b0u ti\u00ean c\u1ee7a \u0111\u01a1n (trong tr\u01b0\u1eddng h\u1ee3p \u0111\u01a1n c\u00f3 xin h\u01b0\u1edfng quy\u1ec1n \u01b0u ti\u00ean).<\/p>\n<p><strong>C\u00e1c t\u00e0i li\u1ec7u c\u1ea7n cung c\u1ea5p<\/strong><\/p>\n<p>1- B\u1ea3n g\u1ed1c Gi\u1ea5y U\u1ef7 Quy\u1ec1n c\u00f3 c\u00f4ng ch\u1ee9ng;<br \/>\n2- B\u1ea3n g\u1ed1c Gi\u1ea5y x\u00e1c nh\u1eadn vi\u1ec7c chuy\u1ec3n nh\u01b0\u1ee3ng, trong tr\u01b0\u1eddng h\u1ee3p ng\u01b0\u1eddi n\u1ed9p \u0111\u01a1n kh\u00f4ng \u0111\u1ed3ng th\u1eddi l\u00e0 t\u00e1c gi\u1ea3 ki\u1ec3u d\u00e1ng;<\/p>\n<p>3- 07 b\u1ed9 h\u00ecnh v\u1ebd\/\u1ea3nh ch\u1ee5p d\u00f9ng \u0111\u1ec3 minh ho\u1ea1 cho ki\u1ec3u d\u00e1ng. C\u00e1c h\u00ecnh v\u1ebd\/\u1ea3nh ch\u1ee5p ph\u1ea3i \u0111\u01b0\u1ee3c th\u1ec3 hi\u1ec7n tr\u00ean kh\u1ed5 gi\u1ea5y A4 (210mm x 297mm) v\u00e0 t\u1ea5t c\u1ea3 c\u00e1c h\u00ecnh v\u1ebd\/\u1ea3nh ch\u1ee5p ph\u1ea3i c\u00f3 c\u00f9ng t\u1ef7 l\u1ec7. S\u1ed1 l\u01b0\u1ee3ng h\u00ecnh v\u1ebd\/\u1ea3nh ch\u1ee5p trong 01 b\u1ed9 ph\u1ea3i \u0111\u1ee7 \u0111\u1ec3 c\u00f3 th\u1ec3 th\u1ec3 hi\u1ec7n \u0111\u01b0\u1ee3c ki\u1ec3u d\u00e1ng (ki\u1ec3u d\u00e1ng nh\u00ecn t\u1eeb c\u00e1c ph\u00eda kh\u00e1c nhau nh\u01b0: ph\u00eda tr\u00ean, b\u00ean tr\u00e1i, b\u00ean ph\u1ea3i, ph\u00eda tr\u01b0\u1edbc, ph\u00eda sau, v\u00e0 h\u00ecnh \u1ea3nh t\u1ed5ng th\u1ec3 c\u1ee7a ki\u1ec3u d\u00e1ng);<\/p>\n<p>4- B\u1ea3n m\u00f4 t\u1ea3 chi ti\u1ebft;<\/p>\n<p>5- B\u1ea3n sao c\u00f3 x\u00e1c nh\u1eadn c\u1ee7a \u0111\u01a1n\/t\u00e0i li\u1ec7u \u01b0u ti\u00ean.<\/p>\n<p><strong>C\u00e1c th\u00f4ng tin c\u1ea7n chung<\/strong><\/p>\n<p>1- C\u00e1c t\u00e0i li\u1ec7u n\u1ed9p \u0111\u01a1n ph\u1ea3i b\u1eb1ng ti\u1ebfng Anh ho\u1eb7c ti\u1ebfng Ph\u00e1p v\u00e0 b\u1ea3n d\u1ecbch ti\u1ebfng L\u00e0o ph\u1ea3i \u0111\u01b0\u1ee3c b\u1ed5 sung trong th\u1eddi h\u1ea1n l\u00e0 03 th\u00e1ng t\u00ednh t\u1eeb ng\u00e0y n\u1ed9p \u0111\u01a1n;<\/p>\n<p>2- Th\u1eddi h\u1ea1n xin h\u01b0\u1edfng quy\u1ec1n \u01b0u ti\u00ean theo C\u00f4ng \u01b0\u1edbc Paris l\u00e0 06 th\u00e1ng t\u00ednh t\u1eeb ng\u00e0y n\u1ed9p \u0111\u01a1n \u0111\u1ea7u ti\u00ean;<\/p>\n<p>3- Th\u1eddi gian t\u1eeb khi n\u1ed9p \u0111\u01a1n cho \u0111\u1ebfn khi c\u1ea5p b\u1eb1ng l\u00e0 06 th\u00e1ng;<\/p>\n<p>4- Th\u1eddi h\u1ea1n hi\u1ec7u l\u1ef1c c\u1ee7a B\u1eb1ng \u0111\u1ed9c quy\u1ec1n ki\u1ec3u d\u00e1ng c\u00f4ng nghi\u1ec7p l\u00e0 05 n\u0103m v\u00e0 c\u00f3 th\u1ec3 gia h\u1ea1n th\u00eam 02 l\u1ea7n li\u00ean ti\u1ebfp.<\/p>\n<\/div>","protected":false},"excerpt":{"rendered":"<p>H\u01af\u1edaNG D\u1eaaN N\u1ed8P \u0110\u01a0N \u0110\u0102NG K\u00dd \u0110\u1ed8C QUY\u1ec0N KI\u1ec2U D\u00c1NG C\u00d4NG\u00a0 NGHI\u1ec6P T\u1ea0I L\u00c0O C\u00e1c th\u00f4ng tin c\u1ea7n cung c\u1ea5p 1- H\u1ecd t\u00ean \u0111\u1ea7y \u0111\u1ee7, \u0111\u1ecba ch\u1ec9 v\u00e0 qu\u1ed1c t\u1ecbch c\u1ee7a ng\u01b0\u1eddi n\u1ed9p \u0111\u01a1n; 2- H\u1ecd t\u00ean \u0111\u1ea7y \u0111\u1ee7, \u0111\u1ecba ch\u1ec9 v\u00e0 qu\u1ed1c t\u1ecbch c\u1ee7a t\u00e1c gi\u1ea3 ki\u1ec3u d\u00e1ng; 3- T\u00ean c\u1ee7a ki\u1ec3u d\u00e1ng (th\u1ec3 [&hellip;]<\/p>\n","protected":false},"author":1,"featured_media":0,"parent":2120,"menu_order":27,"comment_status":"closed","ping_status":"closed","template":"","meta":{"footnotes":""},"class_list":["post-2159","page","type-page","status-publish"],"_links":{"self":[{"href":"https:\/\/gintasset.com.vn\/vi\/wp-json\/wp\/v2\/pages\/2159\/"}],"collection":[{"href":"https:\/\/gintasset.com.vn\/vi\/wp-json\/wp\/v2\/pages\/"}],"about":[{"href":"https:\/\/gintasset.com.vn\/vi\/wp-json\/wp\/v2\/types\/page\/"}],"author":[{"embeddable":true,"href":"https:\/\/gintasset.com.vn\/vi\/wp-json\/wp\/v2\/users\/1\/"}],"replies":[{"embeddable":true,"href":"https:\/\/gintasset.com.vn\/vi\/wp-json\/wp\/v2\/comments\/?post=2159"}],"version-history":[{"count":3,"href":"https:\/\/gintasset.com.vn\/vi\/wp-json\/wp\/v2\/pages\/2159\/revisions\/"}],"predecessor-version":[{"id":2252,"href":"https:\/\/gintasset.com.vn\/vi\/wp-json\/wp\/v2\/pages\/2159\/revisions\/2252\/"}],"up":[{"embeddable":true,"href":"https:\/\/gintasset.com.vn\/vi\/wp-json\/wp\/v2\/pages\/2120\/"}],"wp:attachment":[{"href":"https:\/\/gintasset.com.vn\/vi\/wp-json\/wp\/v2\/media\/?parent=2159"}],"curies":[{"name":"wp","href":"https:\/\/api.w.org\/{rel}","templated":true}]}}