{"id":2157,"date":"2019-05-07T01:11:00","date_gmt":"2019-05-07T01:11:22","guid":{"rendered":"https:\/\/gintasset.com.vn\/huong-dan-nop-don\/lao\/sang-che-giai-phap-huu-ich"},"modified":"2019-05-10T02:12:32","modified_gmt":"2019-05-10T02:12:32","slug":"sang-che-giai-phap-huu-ich","status":"publish","type":"page","link":"https:\/\/gintasset.com.vn\/vi\/huong-dan-nop-don\/lao\/sang-che-giai-phap-huu-ich\/","title":{"rendered":"S\u00e1ng ch\u1ebf\/Gi\u1ea3i ph\u00e1p h\u1eefu \u00edch"},"content":{"rendered":"<div class=\"nolwrap\"><p align=\"center\"><b><strong><span style=\"color: #ff6600; font-size: x-large;\">H\u01b0\u1edbng d\u1eabn n\u1ed9p \u0111\u01a1n \u0111\u0103ng k\u00fd \u0111\u1ed9c quy\u1ec1n s\u00e1ng ch\u1ebf<br \/>\nv\u00e0 s\u00e1ng ch\u1ebf &#8221;nh\u1ecf&#8221; t\u1ea1i L\u00e0o<\/span><\/strong><\/b><\/p>\n<p><span style=\"color: #000099; font-family: Verdana; font-size: small;\"><b>C\u00e1c th\u00f4ng tin c\u1ea7n cung c\u1ea5p:<\/b><\/span><\/p>\n<p><span style=\"font-family: Verdana; font-size: small;\">1- H\u1ecd t\u00ean \u0111\u1ea7y \u0111\u1ee7, \u0111\u1ecba ch\u1ec9 v\u00e0 qu\u1ed1c t\u1ecbch c\u1ee7a ng\u01b0\u1eddi n\u1ed9p \u0111\u01a1n;<\/span><\/p>\n<p><span style=\"font-family: Verdana; font-size: small;\">2- H\u1ecd t\u00ean \u0111\u1ea7y \u0111\u1ee7, \u0111\u1ecba ch\u1ec9 v\u00e0 qu\u1ed1c t\u1ecbch c\u1ee7a t\u00e1c gi\u1ea3 s\u00e1ng ch\u1ebf\/s\u00e1ng ch\u1ebf &#8220;nh\u1ecf&#8221;;<\/span><\/p>\n<p><span style=\"font-family: Verdana; font-size: small;\">3- T\u00ean c\u1ee7a s\u00e1ng ch\u1ebf\/s\u00e1ng ch\u1ebf &#8220;nh\u1ecf&#8221;;<\/span><\/p>\n<p><span style=\"font-family: Verdana; font-size: small;\">4- S\u1ed1 \u0111\u01a1n \u01b0u ti\u00ean, ng\u00e0y \u01b0u ti\u00ean v\u00e0 n\u01b0\u1edbc \u01b0u ti\u00ean c\u1ee7a \u0111\u01a1n (trong tr\u01b0\u1eddng h\u1ee3p \u0111\u01a1n c\u00f3 xin h\u01b0\u1edfng quy\u1ec1n \u01b0u ti\u00ean);<\/span><\/p>\n<p><span style=\"font-family: Verdana; font-size: small;\">5- S\u1ed1 \u0111\u01a1n qu\u1ed1c t\u1ebf v\u00e0 s\u1ed1 c\u00f4ng b\u1ed1 \u0111\u01a1n qu\u1ed1c t\u1ebf (trong tr\u01b0\u1eddng h\u1ee3p l\u00e0 \u0111\u01a1n PCT). <\/span><\/p>\n<p><b><span style=\"color: #000099; font-family: Verdana; font-size: small;\">C\u00e1c t\u00e0i li\u1ec7u c\u1ea7n cung c\u1ea5p:<\/span><\/b><\/p>\n<p><span style=\"font-family: Verdana; font-size: small;\">1- B\u1ea3n m\u00f4 t\u1ea3 s\u00e1ng ch\u1ebf, bao g\u1ed3m t\u00ean s\u00e1ng ch\u1ebf\/s\u00e1ng ch\u1ebf &#8220;nh\u1ecf&#8221;, ph\u1ea7n m\u00f4 t\u1ea3, ph\u1ea7n Y\u00eau c\u1ea7u b\u1ea3o h\u1ed9 v\u00e0 ph\u1ea7n t\u00f3m t\u1eaft;<\/span><\/p>\n<p><span style=\"font-family: Verdana; font-size: small;\">2- H\u00ecnh v\u1ebd minh ho\u1ea1 (n\u1ebfu c\u00f3);<\/span><\/p>\n<p><span style=\"font-family: Verdana; font-size: small;\">3- B\u1ea3n g\u1ed1c Gi\u1ea5y U\u1ef7 Quy\u1ec1n c\u00f3 c\u00f4ng ch\u1ee9ng;<\/span><\/p>\n<p><span style=\"font-family: Verdana; font-size: small;\">4- B\u1ea3n g\u1ed1c Gi\u1ea5y x\u00e1c nh\u1eadn vi\u1ec7c chuy\u1ec3n nh\u01b0\u1ee3ng <\/span><span style=\"font-family: Verdana; font-size: small;\">trong tr\u01b0\u1eddng h\u1ee3p ng\u01b0\u1eddi n\u1ed9p \u0111\u01a1n kh\u00f4ng \u0111\u1ed3ng th\u1eddi l\u00e0 t\u00e1c gi\u1ea3 s\u00e1ng ch\u1ebf\/s\u00e1ng ch\u1ebf &#8220;nh\u1ecf&#8221;; <\/span><\/p>\n<p><span style=\"font-family: Verdana; font-size: small;\">5- B\u00e1o c\u00e1o K\u1ebft qu\u1ea3 Tra c\u1ee9u S\u00e1ng ch\u1ebf c\u1ee7a b\u1ea5t k\u1ef3 m\u1ed9t c\u01a1 quan tra c\u1ee9u s\u00e1ng ch\u1ebf n\u01b0\u1edbc ngo\u00e0i hay m\u1ed9t t\u1ed5 ch\u1ee9c qu\u1ed1c t\u1ebf c\u00f3 li\u00ean quan n\u00e0o \u0111\u1ec3 l\u00e0m c\u01a1 s\u1edf cho C\u01a1 quan \u0110\u0103ng k\u00fd c\u1ee7a L\u00e0o trong qu\u00e1 tr\u00ecnh x\u00e9t nghi\u1ec7m \u0111\u01a1n (n\u1ebfu c\u00f3).\u00a0<\/span><\/p>\n<p><b><span style=\"color: #000099; font-family: Verdana; font-size: small;\">C\u00e1c th\u00f4ng tin c\u1ea7n chung:<\/span><\/b><\/p>\n<p><span style=\"font-family: Verdana; font-size: small;\">1- Trong tr\u01b0\u1eddng h\u1ee3p kh\u00f4ng c\u00f3 B\u00e1o c\u00e1o K\u1ebft qu\u1ea3 Tra c\u1ee9u th\u00ec C\u01a1 quan \u0110\u0103ng k\u00fd c\u1ee7a L\u00e0o s\u1ebd tr\u1ef1c ti\u1ebfp l\u00e0m vi\u1ec7c v\u1edbi b\u1ea5t k\u1ef3 c\u01a1 quan tra c\u1ee9u s\u00e1ng ch\u1ebf n\u01b0\u1edbc ngo\u00e0i hay m\u1ed9t t\u1ed5 ch\u1ee9c qu\u1ed1c t\u1ebf c\u00f3 li\u00ean quan n\u00e0o. Khi \u0111\u00f3, ng\u01b0\u1eddi n\u1ed9p \u0111\u01a1n s\u1ebd ph\u1ea3i ch\u1ecbu ho\u00e0n to\u00e0n chi ph\u00ed cho c\u00f4ng vi\u1ec7c;<\/span><\/p>\n<p><span style=\"font-family: Verdana; font-size: small;\">2- C\u00f3 th\u1ec3 n\u1ed9p mu\u1ed9n c\u00e1c t\u00e0i li\u1ec7u n\u1ed9p \u0111\u01a1n trong th\u1eddi h\u1ea1n l\u00e0 <b> 90 ng\u00e0y <\/b> t\u00ednh t\u1eeb ng\u00e0y n\u1ed9p \u0111\u01a1n;<\/span><\/p>\n<p><span style=\"font-family: Verdana; font-size: small;\">3- C\u00e1c t\u00e0i li\u1ec7u n\u1ed9p \u0111\u01a1n b\u1eb1ng ng\u00f4n ng\u1eef \u0111\u1ecba ph\u01b0\u01a1ng c\u1ee7a ng\u01b0\u1eddi n\u1ed9p \u0111\u01a1n (t\u1ed1t h\u01a1n l\u00e0 b\u1eb1ng ti\u1ebfng Anh ho\u1eb7c ti\u1ebfng Ph\u00e1p) c\u00f3 th\u1ec3 \u0111\u01b0\u1ee3c ch\u1ea5p nh\u1eadn cho vi\u1ec7c n\u1ed9p \u0111\u01a1n nh\u01b0ng b\u1ea3n d\u1ecbch b\u1eb1ng ti\u1ebfng L\u00e0o ph\u1ea3i \u0111\u01b0\u1ee3c b\u1ed5 sung trong th\u1eddi h\u1ea1n l\u00e0 <b> 90 ng\u00e0y<\/b> t\u00ednh t\u1eeb ng\u00e0y n\u1ed9p \u0111\u01a1n;<\/span><\/p>\n<p><span style=\"font-family: Verdana; font-size: small;\">4- Th\u1eddi h\u1ea1n xin h\u01b0\u1edfng quy\u1ec1n \u01b0u ti\u00ean theo C\u00f4ng \u01b0\u1edbc Paris l\u00e0 <b> 12 th\u00e1ng<\/b> t\u00ednh t\u1eeb ng\u00e0y n\u1ed9p \u0111\u01a1n \u0111\u1ea7u ti\u00ean;<\/span><\/p>\n<p><span style=\"font-family: Verdana; font-size: small;\">5- Th\u1eddi gian t\u00ednh t\u1eeb khi n\u1ed9p \u0111\u01a1n cho \u0111\u1ebfn khi c\u1ea5p b\u1eb1ng l\u00e0<b> 50 th\u00e1ng <\/b> (\u0111\u1ed1i v\u1edbi s\u00e1ng ch\u1ebf) ho\u1eb7c <b> 12 th\u00e1ng<\/b> (\u0111\u1ed1i v\u1edbi s\u00e1ng ch\u1ebf &#8220;nh\u1ecf&#8221;);<\/span><\/p>\n<p><span style=\"font-family: Verdana; font-size: small;\">6- Th\u1eddi h\u1ea1n hi\u1ec7u l\u1ef1c c\u1ee7a B\u1eb1ng \u0111\u1ed9c quy\u1ec1n s\u00e1ng ch\u1ebf l\u00e0 <b> 20 n\u0103m<\/b> v\u00e0 c\u1ee7a B\u1eb1ng \u0111\u1ed9c quy\u1ec1n s\u00e1ng ch\u1ebf &#8220;nh\u1ecf&#8221; l\u00e0 <b> 07 n\u0103m<\/b> t\u00ednh t\u1eeb ng\u00e0y n\u1ed9p \u0111\u01a1n.<\/span><\/p>\n<\/div>","protected":false},"excerpt":{"rendered":"<p>H\u01b0\u1edbng d\u1eabn n\u1ed9p \u0111\u01a1n \u0111\u0103ng k\u00fd \u0111\u1ed9c quy\u1ec1n s\u00e1ng ch\u1ebf v\u00e0 s\u00e1ng ch\u1ebf &#8221;nh\u1ecf&#8221; t\u1ea1i L\u00e0o C\u00e1c th\u00f4ng tin c\u1ea7n cung c\u1ea5p: 1- H\u1ecd t\u00ean \u0111\u1ea7y \u0111\u1ee7, \u0111\u1ecba ch\u1ec9 v\u00e0 qu\u1ed1c t\u1ecbch c\u1ee7a ng\u01b0\u1eddi n\u1ed9p \u0111\u01a1n; 2- H\u1ecd t\u00ean \u0111\u1ea7y \u0111\u1ee7, \u0111\u1ecba ch\u1ec9 v\u00e0 qu\u1ed1c t\u1ecbch c\u1ee7a t\u00e1c gi\u1ea3 s\u00e1ng ch\u1ebf\/s\u00e1ng ch\u1ebf &#8220;nh\u1ecf&#8221;; 3- T\u00ean [&hellip;]<\/p>\n","protected":false},"author":1,"featured_media":0,"parent":2120,"menu_order":25,"comment_status":"closed","ping_status":"closed","template":"","meta":{"footnotes":""},"class_list":["post-2157","page","type-page","status-publish"],"_links":{"self":[{"href":"https:\/\/gintasset.com.vn\/vi\/wp-json\/wp\/v2\/pages\/2157\/"}],"collection":[{"href":"https:\/\/gintasset.com.vn\/vi\/wp-json\/wp\/v2\/pages\/"}],"about":[{"href":"https:\/\/gintasset.com.vn\/vi\/wp-json\/wp\/v2\/types\/page\/"}],"author":[{"embeddable":true,"href":"https:\/\/gintasset.com.vn\/vi\/wp-json\/wp\/v2\/users\/1\/"}],"replies":[{"embeddable":true,"href":"https:\/\/gintasset.com.vn\/vi\/wp-json\/wp\/v2\/comments\/?post=2157"}],"version-history":[{"count":4,"href":"https:\/\/gintasset.com.vn\/vi\/wp-json\/wp\/v2\/pages\/2157\/revisions\/"}],"predecessor-version":[{"id":2250,"href":"https:\/\/gintasset.com.vn\/vi\/wp-json\/wp\/v2\/pages\/2157\/revisions\/2250\/"}],"up":[{"embeddable":true,"href":"https:\/\/gintasset.com.vn\/vi\/wp-json\/wp\/v2\/pages\/2120\/"}],"wp:attachment":[{"href":"https:\/\/gintasset.com.vn\/vi\/wp-json\/wp\/v2\/media\/?parent=2157"}],"curies":[{"name":"wp","href":"https:\/\/api.w.org\/{rel}","templated":true}]}}