{"id":2146,"date":"2019-05-06T03:34:00","date_gmt":"2019-05-06T03:34:16","guid":{"rendered":"https:\/\/gintasset.com.vn\/huong-dan-nop-don\/viet-nam\/dang-ky-hop-dong-lixang"},"modified":"2019-05-10T04:54:24","modified_gmt":"2019-05-10T04:54:24","slug":"dang-ky-hop-dong-lixang","status":"publish","type":"page","link":"https:\/\/gintasset.com.vn\/vi\/huong-dan-nop-don\/viet-nam\/dang-ky-hop-dong-lixang\/","title":{"rendered":"\u0110\u0103ng k\u00fd h\u1ee3p \u0111\u1ed3ng Lix\u0103ng"},"content":{"rendered":"<div class=\"nolwrap\"><p><strong><span style=\"color: #800000;\">N\u1ed9i dung H\u1ee3p \u0111\u1ed3ng Lix\u0103ng<\/span><br \/>\n<\/strong><\/p>\n<p>1. \u00a0\u00a0 T\u00ean v\u00e0 \u0111\u1ecba ch\u1ec9 \u0111\u1ea7y \u0111\u1ee7 c\u1ee7a B\u00ean giao Lix\u0103ng v\u00e0 B\u00ean nh\u1eadn Lix\u0103ng;<br \/>\n2.\u00a0\u00a0 \u00a0Chi ti\u1ebft v\u1ec1 \u0111\u1ed1i t\u01b0\u1ee3ng \u0111\u01b0\u1ee3c lix\u0103ng (th\u00f4ng tin v\u1ec1 \u0111\u0103ng k\u00fd nh\u00e3n hi\u1ec7u ho\u1eb7c b\u1eb1ng \u0111\u1ed9c quy\u1ec1n s\u00e1ng ch\u1ebf\/gi\u1ea3i ph\u00e1p h\u1eefu \u00edch\/ki\u1ec3u d\u00e1ng c\u00f4ng nghi\u1ec7p \u0111\u00e3 \u0111\u01b0\u1ee3c c\u1ea5p);<br \/>\n3.\u00a0\u00a0 \u00a0Ph\u1ea1m vi lix\u0103ng, bao g\u1ed3m:<\/p>\n<ul>\n<li>H\u00ecnh th\u1ee9c lix\u0103ng (\u0111\u1ed9c quy\u1ec1n hay kh\u00f4ng \u0111\u1ed9c quy\u1ec1n);<\/li>\n<li>\u0110\u1ed1i t\u01b0\u1ee3ng lix\u0103ng;<\/li>\n<li>L\u00e3nh th\u1ed5 lix\u0103ng (To\u00e0n b\u1ed9 ho\u1eb7c m\u1ed9t ph\u1ea7n l\u00e3nh th\u1ed5 Vi\u1ec7t Nam);<\/li>\n<li>Th\u1eddi h\u1ea1n lix\u0103ng;<\/li>\n<\/ul>\n<p>(Trong tr\u01b0\u1eddng h\u1ee3p lix\u0103ng th\u1ee9 c\u1ea5p, ph\u1ea1m vi c\u1ee7a lix\u0103ng th\u1ee9 c\u1ea5p ph\u1ea3i n\u1eb1m trong ph\u1ea1m vi c\u1ee7a lix\u0103ng tr\u00ean th\u1ee9 c\u1ea5p t\u01b0\u01a1ng \u1ee9ng).<br \/>\n4.\u00a0\u00a0 \u00a0Gi\u00e1 lix\u0103ng v\u00e0 h\u00ecnh th\u1ee9c thanh to\u00e1n;<br \/>\n5.\u00a0\u00a0 \u00a0Quy\u1ec1n v\u00e0 ngh\u0129a v\u1ee5 c\u1ee7a m\u1ed7i b\u00ean;<br \/>\n6.\u00a0\u00a0 \u00a0\u0110i\u1ec1u ki\u1ec7n s\u1eeda \u0111\u1ed5i v\u00e0 ch\u1ea5m d\u1ee9t H\u1ee3p \u0111\u1ed3ng;<br \/>\n7.\u00a0\u00a0 \u00a0Bi\u1ec7n ph\u00e1p gi\u1ea3i quy\u1ebft tranh ch\u1ea5p;<br \/>\n8.\u00a0\u00a0 \u00a0Th\u1eddi \u0111i\u1ec3m v\u00e0 \u0111\u1ecba \u0111i\u1ec3m k\u00fd k\u1ebft H\u1ee3p \u0111\u1ed3ng;<br \/>\n9.\u00a0\u00a0 \u00a0Ch\u1eef k\u00fd c\u1ee7a \u0111\u1ea1i di\u1ec7n h\u1ee3p ph\u00e1p c\u1ee7a m\u1ed7i b\u00ean.<\/p>\n<p><span style=\"color: #800000;\"><strong>T\u00e0i li\u1ec7u<\/strong><\/span><\/p>\n<p>1. \u00a0\u00a0 Hai (2) b\u1ea3n g\u1ed1c ho\u1eb7c hai (2) b\u1ea3n sao c\u00f3 x\u00e1c nh\u1eadn c\u1ee7a H\u1ee3p \u0111\u1ed3ng Lix\u0103ng \u0111\u00e3 k\u00fd k\u1ebft;<br \/>\n2.\u00a0\u00a0 \u00a0B\u1ea3n sao B\u1eb1ng \u0111\u1ed9c quy\u1ec1n S\u00e1ng ch\u1ebf\/Gi\u1ea3i ph\u00e1p h\u1eefu \u00edch\/Ki\u1ec3u d\u00e1ng c\u00f4ng nghi\u1ec7p ho\u1eb7c Gi\u1ea5y ch\u1ee9ng nh\u1eadn \u0110\u0103ng k\u00fd Nh\u00e3n hi\u1ec7u c\u1ee7a \u0111\u1ed1i t\u01b0\u1ee3ng lix\u0103ng;<br \/>\n3.\u00a0\u00a0 \u00a0Gi\u1ea5y \u1ee7y quy\u1ec1n do B\u00ean giao Lix\u0103ng ho\u1eb7c B\u00ean nh\u1eadn Lix\u0103ng x\u00e1c l\u1eadp.<\/p>\n<p>&nbsp;<\/p>\n<\/div>","protected":false},"excerpt":{"rendered":"<p>N\u1ed9i dung H\u1ee3p \u0111\u1ed3ng Lix\u0103ng 1. \u00a0\u00a0 T\u00ean v\u00e0 \u0111\u1ecba ch\u1ec9 \u0111\u1ea7y \u0111\u1ee7 c\u1ee7a B\u00ean giao Lix\u0103ng v\u00e0 B\u00ean nh\u1eadn Lix\u0103ng; 2.\u00a0\u00a0 \u00a0Chi ti\u1ebft v\u1ec1 \u0111\u1ed1i t\u01b0\u1ee3ng \u0111\u01b0\u1ee3c lix\u0103ng (th\u00f4ng tin v\u1ec1 \u0111\u0103ng k\u00fd nh\u00e3n hi\u1ec7u ho\u1eb7c b\u1eb1ng \u0111\u1ed9c quy\u1ec1n s\u00e1ng ch\u1ebf\/gi\u1ea3i ph\u00e1p h\u1eefu \u00edch\/ki\u1ec3u d\u00e1ng c\u00f4ng nghi\u1ec7p \u0111\u00e3 \u0111\u01b0\u1ee3c c\u1ea5p); 3.\u00a0\u00a0 \u00a0Ph\u1ea1m vi lix\u0103ng, [&hellip;]<\/p>\n","protected":false},"author":1,"featured_media":0,"parent":2126,"menu_order":23,"comment_status":"closed","ping_status":"closed","template":"","meta":{"footnotes":""},"class_list":["post-2146","page","type-page","status-publish"],"_links":{"self":[{"href":"https:\/\/gintasset.com.vn\/vi\/wp-json\/wp\/v2\/pages\/2146\/"}],"collection":[{"href":"https:\/\/gintasset.com.vn\/vi\/wp-json\/wp\/v2\/pages\/"}],"about":[{"href":"https:\/\/gintasset.com.vn\/vi\/wp-json\/wp\/v2\/types\/page\/"}],"author":[{"embeddable":true,"href":"https:\/\/gintasset.com.vn\/vi\/wp-json\/wp\/v2\/users\/1\/"}],"replies":[{"embeddable":true,"href":"https:\/\/gintasset.com.vn\/vi\/wp-json\/wp\/v2\/comments\/?post=2146"}],"version-history":[{"count":3,"href":"https:\/\/gintasset.com.vn\/vi\/wp-json\/wp\/v2\/pages\/2146\/revisions\/"}],"predecessor-version":[{"id":2260,"href":"https:\/\/gintasset.com.vn\/vi\/wp-json\/wp\/v2\/pages\/2146\/revisions\/2260\/"}],"up":[{"embeddable":true,"href":"https:\/\/gintasset.com.vn\/vi\/wp-json\/wp\/v2\/pages\/2126\/"}],"wp:attachment":[{"href":"https:\/\/gintasset.com.vn\/vi\/wp-json\/wp\/v2\/media\/?parent=2146"}],"curies":[{"name":"wp","href":"https:\/\/api.w.org\/{rel}","templated":true}]}}