{"id":2145,"date":"2019-05-06T03:34:00","date_gmt":"2019-05-06T03:34:16","guid":{"rendered":"https:\/\/gintasset.com.vn\/huong-dan-nop-don\/viet-nam\/gia-han-va-duy-tri-hieu-luc-van-bang-bao-ho"},"modified":"2019-05-07T01:40:59","modified_gmt":"2019-05-07T01:40:59","slug":"gia-han-va-duy-tri-hieu-luc-van-bang-bao-ho","status":"publish","type":"page","link":"https:\/\/gintasset.com.vn\/vi\/huong-dan-nop-don\/viet-nam\/gia-han-va-duy-tri-hieu-luc-van-bang-bao-ho\/","title":{"rendered":"Gia h\u1ea1n v\u00e0 duy tr\u00ec hi\u1ec7u l\u1ef1c v\u0103n b\u1eb1ng b\u1ea3o h\u1ed9"},"content":{"rendered":"<div class=\"nolwrap\"><p><span style=\"color: #800000;\"><strong>Nh\u00e3n hi\u1ec7u<\/strong><\/span><\/p>\n<p>1. \u00a0\u00a0 Gi\u1ea5y \u1ee7y quy\u1ec1n do Ch\u1ee7 v\u0103n b\u1eb1ng x\u00e1c l\u1eadp. Gi\u1ea5y \u1ee7y quy\u1ec1n kh\u00f4ng c\u1ea7n ph\u1ea3i \u0111\u01b0\u1ee3c c\u00f4ng ch\u1ee9ng ch\u1eef k\u00fd ho\u1eb7c h\u1ee3p ph\u00e1p h\u00f3a l\u00e3nh s\u1ef1 (ph\u1ea3i c\u00f3 t\u1ea1i th\u1eddi \u0111i\u1ec3m n\u1ed9p \u0111\u01a1n);<br \/>\n2.\u00a0\u00a0 \u00a0B\u1ea3n g\u1ed1c Gi\u1ea5y ch\u1ee9ng nh\u1eadn \u0110\u0103ng k\u00fd Nh\u00e3n hi\u1ec7u (trong tr\u01b0\u1eddng h\u1ee3p Ch\u1ee7 v\u0103n b\u1eb1ng y\u00eau c\u1ea7u ghi nh\u1eadn vi\u1ec7c gia h\u1ea1n tr\u1ef1c ti\u1ebfp v\u00e0o v\u0103n b\u1eb1ng g\u1ed1c).<\/p>\n<p><span style=\"color: #800000;\"><strong>Ki\u1ec3u d\u00e1ng c\u00f4ng nghi\u1ec7p<\/strong><\/span><\/p>\n<p>1. \u00a0\u00a0 Gi\u1ea5y \u1ee7y quy\u1ec1n do Ch\u1ee7 v\u0103n b\u1eb1ng x\u00e1c l\u1eadp. Gi\u1ea5y \u1ee7y quy\u1ec1n kh\u00f4ng c\u1ea7n ph\u1ea3i \u0111\u01b0\u1ee3c c\u00f4ng ch\u1ee9ng ch\u1eef k\u00fd ho\u1eb7c h\u1ee3p ph\u00e1p h\u00f3a l\u00e3nh s\u1ef1 (ph\u1ea3i c\u00f3 t\u1ea1i th\u1eddi \u0111i\u1ec3m n\u1ed9p \u0111\u01a1n);<br \/>\n2.\u00a0\u00a0 \u00a0B\u1ea3n g\u1ed1c B\u1eb1ng \u0111\u1ed9c quy\u1ec1n Ki\u1ec3u d\u00e1ng c\u00f4ng nghi\u1ec7p (trong tr\u01b0\u1eddng h\u1ee3p Ch\u1ee7 v\u0103n b\u1eb1ng y\u00eau c\u1ea7u ghi nh\u1eadn vi\u1ec7c gia h\u1ea1n tr\u1ef1c ti\u1ebfp v\u00e0o v\u0103n b\u1eb1ng g\u1ed1c).<\/p>\n<p><span style=\"color: #800000;\"><strong>B\u1eb1ng \u0111\u1ed9c quy\u1ec1n S\u00e1ng ch\u1ebf\/ Gi\u1ea3i ph\u00e1p h\u1eefu \u00edch\u00a0<\/strong><\/span><\/p>\n<p>Th\u00f4ng tin v\u1ec1 S\u00e1ng ch\u1ebf, g\u1ed3m S\u1ed1 B\u1eb1ng \u0111\u1ed9c quy\u1ec1n S\u00e1ng ch\u1ebf, ch\u1ee7 s\u1edf h\u1eefu B\u1eb1ng \u0111\u1ed9c quy\u1ec1n S\u00e1ng ch\u1ebf, ng\u00e0y \u01b0u ti\u00ean, n\u0103m duy tr\u00ec hi\u1ec7u l\u1ef1c.<\/p>\n<\/div>","protected":false},"excerpt":{"rendered":"<p>Nh\u00e3n hi\u1ec7u 1. \u00a0\u00a0 Gi\u1ea5y \u1ee7y quy\u1ec1n do Ch\u1ee7 v\u0103n b\u1eb1ng x\u00e1c l\u1eadp. Gi\u1ea5y \u1ee7y quy\u1ec1n kh\u00f4ng c\u1ea7n ph\u1ea3i \u0111\u01b0\u1ee3c c\u00f4ng ch\u1ee9ng ch\u1eef k\u00fd ho\u1eb7c h\u1ee3p ph\u00e1p h\u00f3a l\u00e3nh s\u1ef1 (ph\u1ea3i c\u00f3 t\u1ea1i th\u1eddi \u0111i\u1ec3m n\u1ed9p \u0111\u01a1n); 2.\u00a0\u00a0 \u00a0B\u1ea3n g\u1ed1c Gi\u1ea5y ch\u1ee9ng nh\u1eadn \u0110\u0103ng k\u00fd Nh\u00e3n hi\u1ec7u (trong tr\u01b0\u1eddng h\u1ee3p Ch\u1ee7 v\u0103n b\u1eb1ng y\u00eau c\u1ea7u [&hellip;]<\/p>\n","protected":false},"author":1,"featured_media":0,"parent":2126,"menu_order":22,"comment_status":"closed","ping_status":"closed","template":"","meta":{"footnotes":""},"class_list":["post-2145","page","type-page","status-publish"],"_links":{"self":[{"href":"https:\/\/gintasset.com.vn\/vi\/wp-json\/wp\/v2\/pages\/2145\/"}],"collection":[{"href":"https:\/\/gintasset.com.vn\/vi\/wp-json\/wp\/v2\/pages\/"}],"about":[{"href":"https:\/\/gintasset.com.vn\/vi\/wp-json\/wp\/v2\/types\/page\/"}],"author":[{"embeddable":true,"href":"https:\/\/gintasset.com.vn\/vi\/wp-json\/wp\/v2\/users\/1\/"}],"replies":[{"embeddable":true,"href":"https:\/\/gintasset.com.vn\/vi\/wp-json\/wp\/v2\/comments\/?post=2145"}],"version-history":[{"count":2,"href":"https:\/\/gintasset.com.vn\/vi\/wp-json\/wp\/v2\/pages\/2145\/revisions\/"}],"predecessor-version":[{"id":2182,"href":"https:\/\/gintasset.com.vn\/vi\/wp-json\/wp\/v2\/pages\/2145\/revisions\/2182\/"}],"up":[{"embeddable":true,"href":"https:\/\/gintasset.com.vn\/vi\/wp-json\/wp\/v2\/pages\/2126\/"}],"wp:attachment":[{"href":"https:\/\/gintasset.com.vn\/vi\/wp-json\/wp\/v2\/media\/?parent=2145"}],"curies":[{"name":"wp","href":"https:\/\/api.w.org\/{rel}","templated":true}]}}