{"id":2144,"date":"2019-05-06T03:34:00","date_gmt":"2019-05-06T03:34:16","guid":{"rendered":"https:\/\/gintasset.com.vn\/huong-dan-nop-don\/viet-nam\/ban-quyen-tac-gia"},"modified":"2019-05-10T02:08:03","modified_gmt":"2019-05-10T02:08:03","slug":"ban-quyen-tac-gia","status":"publish","type":"page","link":"https:\/\/gintasset.com.vn\/vi\/huong-dan-nop-don\/viet-nam\/ban-quyen-tac-gia\/","title":{"rendered":"B\u1ea3n quy\u1ec1n t\u00e1c gi\u1ea3"},"content":{"rendered":"<div class=\"nolwrap\"><p><span style=\"color: #800000;\"><strong>C\u00e1c th\u1ee7 t\u1ee5c \u0111\u0103ng k\u00fd b\u1ea3n quy\u1ec1n t\u00e1c gi\u1ea3<\/strong><\/span><\/p>\n<p><strong>\u2013\u00a0<\/strong>\u00a0 \u00a0Gi\u1ea5y u\u1ef7 quy\u1ec1n ( theo m\u1eabu \u2013 01 b\u1ea3n);<br \/>\n\u2013\u00a0\u00a0 \u00a0B\u1ea3n sao ch\u1ee9ng minh nh\u00e2n d\u00e2n c\u1ee7a t\u00e1c gi\u1ea3 ( 01 b\u1ea3n);<br \/>\n\u2013\u00a0\u00a0 \u00a0B\u1ea3n sao c\u00f3 C\u00f4ng ch\u1ee9ng Gi\u1ea5y ch\u1ee9ng nh\u1eadn \u0111\u0103ng k\u00fd kinh doanh;<br \/>\n\u2013\u00a0\u00a0 \u00a0Quy\u1ebft \u0111\u1ecbnh giao nh\u1eadn nhi\u1ec7m v\u1ee5 ( theo m\u1eabu \u2013 01 b\u1ea3n);<br \/>\n\u2013\u00a0\u00a0 \u00a0V\u0103n b\u1ea3n cam k\u1ebft (theo m\u1eabu \u2013 01 b\u1ea3n);<br \/>\n\u2013\u00a0\u00a0 \u00a0M\u1eabu t\u00e1c ph\u1ea9m \u0111\u0103ng k\u00fd ( 03 b\u1ea3n in v\u00e0 03 \u0111\u0129a CD\/t\u00e1c ph\u1ea9m);<\/p>\n<\/div>","protected":false},"excerpt":{"rendered":"<p>C\u00e1c th\u1ee7 t\u1ee5c \u0111\u0103ng k\u00fd b\u1ea3n quy\u1ec1n t\u00e1c gi\u1ea3 \u2013\u00a0\u00a0 \u00a0Gi\u1ea5y u\u1ef7 quy\u1ec1n ( theo m\u1eabu \u2013 01 b\u1ea3n); \u2013\u00a0\u00a0 \u00a0B\u1ea3n sao ch\u1ee9ng minh nh\u00e2n d\u00e2n c\u1ee7a t\u00e1c gi\u1ea3 ( 01 b\u1ea3n); \u2013\u00a0\u00a0 \u00a0B\u1ea3n sao c\u00f3 C\u00f4ng ch\u1ee9ng Gi\u1ea5y ch\u1ee9ng nh\u1eadn \u0111\u0103ng k\u00fd kinh doanh; \u2013\u00a0\u00a0 \u00a0Quy\u1ebft \u0111\u1ecbnh giao nh\u1eadn nhi\u1ec7m v\u1ee5 ( theo m\u1eabu [&hellip;]<\/p>\n","protected":false},"author":1,"featured_media":0,"parent":2126,"menu_order":21,"comment_status":"closed","ping_status":"closed","template":"","meta":{"footnotes":""},"class_list":["post-2144","page","type-page","status-publish"],"_links":{"self":[{"href":"https:\/\/gintasset.com.vn\/vi\/wp-json\/wp\/v2\/pages\/2144\/"}],"collection":[{"href":"https:\/\/gintasset.com.vn\/vi\/wp-json\/wp\/v2\/pages\/"}],"about":[{"href":"https:\/\/gintasset.com.vn\/vi\/wp-json\/wp\/v2\/types\/page\/"}],"author":[{"embeddable":true,"href":"https:\/\/gintasset.com.vn\/vi\/wp-json\/wp\/v2\/users\/1\/"}],"replies":[{"embeddable":true,"href":"https:\/\/gintasset.com.vn\/vi\/wp-json\/wp\/v2\/comments\/?post=2144"}],"version-history":[{"count":3,"href":"https:\/\/gintasset.com.vn\/vi\/wp-json\/wp\/v2\/pages\/2144\/revisions\/"}],"predecessor-version":[{"id":2248,"href":"https:\/\/gintasset.com.vn\/vi\/wp-json\/wp\/v2\/pages\/2144\/revisions\/2248\/"}],"up":[{"embeddable":true,"href":"https:\/\/gintasset.com.vn\/vi\/wp-json\/wp\/v2\/pages\/2126\/"}],"wp:attachment":[{"href":"https:\/\/gintasset.com.vn\/vi\/wp-json\/wp\/v2\/media\/?parent=2144"}],"curies":[{"name":"wp","href":"https:\/\/api.w.org\/{rel}","templated":true}]}}