{"id":2143,"date":"2019-05-06T03:34:00","date_gmt":"2019-05-06T03:34:16","guid":{"rendered":"https:\/\/gintasset.com.vn\/huong-dan-nop-don\/viet-nam\/kieu-dang-cong-nghiep"},"modified":"2019-05-10T04:52:12","modified_gmt":"2019-05-10T04:52:12","slug":"kieu-dang-cong-nghiep","status":"publish","type":"page","link":"https:\/\/gintasset.com.vn\/vi\/huong-dan-nop-don\/viet-nam\/kieu-dang-cong-nghiep\/","title":{"rendered":"Ki\u1ec3u d\u00e1ng c\u00f4ng nghi\u1ec7p"},"content":{"rendered":"<div class=\"nolwrap\"><p style=\"text-align: center;\"><span style=\"color: #800000;\"><strong>H\u01af\u1edaNG D\u1eaaN TH\u1ee6 T\u1ee4C N\u1ed8P \u0110\u01a0N XIN <\/strong><strong>C\u1ea4P B\u1eb0NG \u0110\u1ed8C QUY\u1ec0N <\/strong><\/span><span style=\"color: #800000;\"><strong>KI\u1ec2U D\u00c1NG C\u00d4NG NGHI\u1ec6P T\u1ea0I VI\u1ec6T NAM<\/strong><\/span><\/p>\n<p><strong>\u00a0<\/strong><strong>Th\u1eddi h\u1ea1n n\u1ed9p \u0111\u01a1n<\/strong><\/p>\n<p>Tr\u01b0\u1eddng h\u1ee3p xin h\u01b0\u1edfng quy\u1ec1n \u01b0u ti\u00ean theo C\u00f4ng \u01b0\u1edbc Paris, th\u00ec th\u1eddi h\u1ea1n \u0111\u1ec3 n\u1ed9p \u0111\u01a1n l\u00e0 <strong>6 th\u00e1ng<\/strong> k\u1ec3 t\u1eeb ng\u00e0y \u01b0u ti\u00ean. Tr\u01b0\u1eddng h\u1ee3p kh\u00f4ng xin h\u01b0\u1edfng quy\u1ec1n \u01b0u ti\u00ean th\u00ec \u0111\u01a1n c\u1ea7n \u0111\u01b0\u1ee3c n\u1ed9p c\u00e0ng s\u1edbm c\u00e0ng t\u1ed1t.<\/p>\n<p><strong>C\u00e1c th\u00f4ng tin c<\/strong><strong>\u1ea7<\/strong><strong>n cung c<\/strong><strong>\u1ea5<\/strong><strong>p:<\/strong><\/p>\n<ol start=\"5\">\n<li>H\u1ecd t\u00ean \u0111\u1ea7y \u0111\u1ee7, \u0111\u1ecba ch\u1ec9, qu\u1ed1c t\u1ecbch c\u1ee7a ng\u01b0\u1eddi n\u1ed9p \u0111\u01a1n (<em>c\u00f3 th<\/em><em>\u1ec3<\/em><em> l\u00e0 t<\/em><em>\u1ed5<\/em><em> ch<\/em><em>\u1ee9<\/em><em>c ho<\/em><em>\u1eb7<\/em><em>c c\u00e1 nh\u00e2n<\/em>);<\/li>\n<li>H\u1ecd t\u00ean \u0111\u1ea7y \u0111\u1ee7, \u0111\u1ecba ch\u1ec9 , qu\u1ed1c t\u1ecbch c\u1ee7a t\u00e1c gi\u1ea3;<\/li>\n<li>S\u1ed1 \u0111\u01a1n, ng\u00e0y v\u00e0 qu\u1ed1c gia n\u1ed9p \u0111\u01a1n c\u1ee7a \u0111\u01a1n \u01b0u ti\u00ean;<\/li>\n<li>Ph\u00e2n lo\u1ea1i c\u1ee7a ki\u1ec3u d\u00e1ng c\u00f4ng nghi\u1ec7p theo b\u1ea3ng ph\u00e2n lo\u1ea1i Locarno. Trong tr\u01b0\u1eddng h\u1ee3p th\u00f4ng tin n\u00e0y kh\u00f4ng \u0111\u01b0\u1ee3c cung c\u1ea5p, ch\u00fang t\u00f4i s\u1ebd ph\u00e2n lo\u1ea1i v\u00e0 thu ph\u00ed ph\u00e2n lo\u1ea1i khi n\u1ed9p \u0111\u01a1n.<strong><br \/>\n<\/strong><\/li>\n<\/ol>\n<p><strong>C\u00e1c t\u00e0i li<\/strong><strong>\u1ec7<\/strong><strong>u c<\/strong><strong>\u1ea7<\/strong><strong>n cung c<\/strong><strong>\u1ea5<\/strong><strong>p:<\/strong><strong>\u00a0<\/strong><\/p>\n<ol>\n<li>B\u1ed9 h\u00ecnh v\u1ebd\/\u1ea3nh ch\u1ee5p minh h\u1ecda cho ki\u1ec3u d\u00e1n, th\u00f4ng th\u01b0\u1eddng s\u1ebd bao g\u1ed3m c\u00e1c h\u00ecnh sau\n<ul>\n<li>M\u1ed9t ho\u1eb7c nhi\u1ec1u h\u00ecnh ph\u1ed1i c\u1ea3nh<\/li>\n<li>h\u00ecnh chi\u1ebfu t\u1eeb ph\u00eda tr\u01b0\u1edbc<\/li>\n<li>h\u00ecnh chi\u1ebfu t\u1eeb ph\u00eda sau<\/li>\n<li>h\u00ecnh chi\u1ebfu t\u1eeb b\u00ean ph\u1ea3i<\/li>\n<li>h\u00ecnh chi\u1ebfu t\u1eeb b\u00ean tr\u00e1i<\/li>\n<li>h\u00ecnh chi\u1ebfu t\u1eeb tr\u00ean xu\u1ed1ng<\/li>\n<li>h\u00ecnh chi\u1ebfu t\u1eeb d\u01b0\u1edbi l\u00ean<strong><br \/>\n<\/strong><\/li>\n<\/ul>\n<\/li>\n<\/ol>\n<ol start=\"2\">\n<li>M\u00f4 t\u1ea3 ki\u1ec3u d\u00e1ng: N\u1ebfu s\u1ea3n ph\u1ea9m y\u00eau c\u1ea7u b\u1ea3o h\u1ed9 l\u00e0 s\u1ea3n ph\u1ea9m kh\u00f4ng th\u00f4ng th\u01b0\u1eddng, xin vui l\u00f2ng g\u1eedi cho ch\u00fang t\u00f4i m\u00f4 t\u1ea3 ng\u1eafn g\u1ecdn \u0111\u1ec3 h\u1ed7 tr\u1ee3 vi\u1ec7c vi\u1ebft b\u1ea3n m\u00f4 t\u1ea3 ki\u1ec3u d\u00e1ng khi n\u1ed9p \u0111\u01a1n.<\/li>\n<\/ol>\n<ol start=\"3\">\n<li>Gi\u1ea5y \u1ee7y quy\u1ec1n (kh\u00f4ng c\u1ea7n c\u00f4ng ch\u1ee9ng). Th\u1eddi h\u1ea1n \u0111\u1ec3 n\u1ed9p b\u1ea3n g\u1ed1c gi\u1ea5y \u1ee7y quy\u1ec1n l\u00e0 trong v\u00f2ng 1 th\u00e1ng k\u1ec3 t\u1eeb ng\u00e0y n\u1ed9p \u0111\u01a1n v\u00e0 kh\u00f4ng gia h\u1ea1n \u0111\u01b0\u1ee3c.<\/li>\n<\/ol>\n<ol start=\"4\">\n<li>T\u00e0i li\u1ec7u \u01b0u ti\u00ean. Th\u1eddi h\u1ea1n \u0111\u1ec3 b\u1ed5 sung t\u00e0i li\u1ec7u \u01b0u ti\u00ean l\u00e0 3 th\u00e1ng k\u1ec3 t\u1eeb ng\u00e0y n\u1ed9p \u0111\u01a1n. Th\u1eddi h\u1ea1n n\u00e0y kh\u00f4ng gia h\u1ea1n \u0111\u01b0\u1ee3c.<\/li>\n<\/ol>\n<p><strong>L\u01b0u \u00fd:<\/strong><\/p>\n<p>Ki\u1ec3u d\u00e1ng ri\u00eang ph\u1ea7n ch\u01b0a \u0111\u01b0\u1ee3c b\u1ea3o h\u1ed9 t\u1ea1i Vi\u1ec7t Nam. \u1ede Vi\u1ec7t Nam, c\u00f3 3 lo\u1ea1i \u0111\u01a1n ki\u1ec3u d\u00e1ng sau:<\/p>\n<ol>\n<li>\u0110\u01a1n y\u00eau c\u1ea7u b\u1ea3o h\u1ed9 m\u1ed9t ki\u1ec3u d\u00e1ng c\u1ee7a m\u1ed9t s\u1ea3n ph\u1ea9m.<\/li>\n<\/ol>\n<ol start=\"2\">\n<li>\u0110\u01a1n y\u00eau c\u1ea7u b\u1ea3o h\u1ed9 nhi\u1ec1u ki\u1ec3u d\u00e1ng c\u1ee7a m\u1ed9t s\u1ea3n ph\u1ea9m.<\/li>\n<\/ol>\n<ol start=\"3\">\n<li>\u0110\u01a1n y\u00eau c\u1ea7u b\u1ea3o h\u1ed9 m\u1ed9t b\u1ed9 s\u1ea3n ph\u1ea9m: C\u00e1c s\u1ea3n ph\u1ea9m c\u00f3 chung ch\u1ee9c n\u0103ng v\u00e0 c\u00f3 c\u00e1c \u0111\u1eb7c \u0111i\u1ec3m c\u01a1 b\u1ea3n gi\u1ed1ng nhau c\u00f3 th\u1ec3 n\u1ed9p trong c\u00f9ng m\u1ed9t \u0111\u01a1n \u0111\u0103ng k\u00fd. Tuy nhi\u00ean, \u0111i\u1ec1u n\u00e0y l\u00e0 kh\u00f4ng b\u1eaft bu\u1ed9c.<\/li>\n<\/ol>\n<p>Th\u1eddi h\u1ea1n hi\u1ec7u l\u1ef1c c\u1ee7a 1 b\u1eb1ng \u0111\u1ed9c quy\u1ec1n ki\u1ec3u d\u00e1ng l\u00e0 5 n\u0103m k\u1ec3 t\u1eeb ng\u00e0y n\u1ed9p \u0111\u01a1n. B\u1eb1ng ki\u1ec3u d\u00e1ng c\u00f3 hi\u1ec7u l\u1ef1c k\u1ec3 t\u1eeb ng\u00e0y c\u1ea5p b\u1eb1ng v\u00e0 \u0111\u01b0\u1ee3c gia h\u1ea1n hai l\u1ea7n li\u00ean ti\u1ebfp, m\u1ed7i l\u1ea7n 5 n\u0103m (t\u1ed1i \u0111a l\u00e0 15 n\u0103m).<strong>\u00a0<\/strong><\/p>\n<p><strong>Th\u00f4ng tin chung:<\/strong><strong>\u00a0<\/strong><\/p>\n<p>&#8211; Th\u1eddi h\u1ea1n th\u1ea9m \u0111\u1ecbnh h\u00ecnh th\u1ee9c \u0111\u01a1n l\u00e0 <strong>1 th\u00e1ng<\/strong> k\u1ec3 t\u1eeb ng\u00e0y n\u1ed9p \u0111\u01a1n (n\u1ebfu t\u1ea5t c\u1ea3 c\u00e1c t\u00e0i li\u1ec7u y\u00eau c\u1ea7u \u0111\u00e3 \u0111\u01b0\u1ee3c n\u1ed9p) ho\u1eb7c t\u1eeb ng\u00e0y C\u1ee5c SHTT nh\u1eadn \u0111\u01b0\u1ee3c \u0111\u1ea7y \u0111\u1ee7 c\u00e1c t\u00e0i li\u1ec7u y\u00eau c\u1ea7u , t\u00f9y theo ng\u00e0y n\u00e0o mu\u1ed9n h\u01a1n.<\/p>\n<p>&#8211; \u0110\u01a1n ki\u1ec3u d\u00e1ng s\u1ebd \u0111\u01b0\u1ee3c c\u00f4ng b\u1ed1 tr\u00ean C\u00f4ng b\u00e1o SHCN trong v\u00f2ng <strong>2 th\u00e1ng<\/strong> k\u1ec3 t\u1eeb ng\u00e0y ch\u1ea5p nh\u1eadn \u0111\u01a1n h\u1ee3p l\u1ec7<\/p>\n<p>&#8211; Th\u1eddi h\u1ea1n th\u1ea9m \u0111\u1ecbnh n\u1ed9i dung l\u00e0 <strong>7 th\u00e1ng<\/strong> k\u1ec3 t\u1eeb ng\u00e0y c\u00f4ng b\u1ed1.<\/p>\n<p>&#8211; Th\u1ef1c t\u1ebf, th\u1eddi gian t\u1eeb ng\u00e0y n\u1ed9p \u0111\u01a1n \u0111\u1ebfn ng\u00e0y c\u1ea5p b\u1eb1ng th\u01b0\u1eddng trong kho\u1ea3ng <strong>1 n\u0103m \u0111\u00ean 2 n\u0103m<\/strong>.<\/p>\n<\/div>","protected":false},"excerpt":{"rendered":"<p>H\u01af\u1edaNG D\u1eaaN TH\u1ee6 T\u1ee4C N\u1ed8P \u0110\u01a0N XIN C\u1ea4P B\u1eb0NG \u0110\u1ed8C QUY\u1ec0N KI\u1ec2U D\u00c1NG C\u00d4NG NGHI\u1ec6P T\u1ea0I VI\u1ec6T NAM \u00a0Th\u1eddi h\u1ea1n n\u1ed9p \u0111\u01a1n Tr\u01b0\u1eddng h\u1ee3p xin h\u01b0\u1edfng quy\u1ec1n \u01b0u ti\u00ean theo C\u00f4ng \u01b0\u1edbc Paris, th\u00ec th\u1eddi h\u1ea1n \u0111\u1ec3 n\u1ed9p \u0111\u01a1n l\u00e0 6 th\u00e1ng k\u1ec3 t\u1eeb ng\u00e0y \u01b0u ti\u00ean. Tr\u01b0\u1eddng h\u1ee3p kh\u00f4ng xin h\u01b0\u1edfng quy\u1ec1n \u01b0u ti\u00ean [&hellip;]<\/p>\n","protected":false},"author":1,"featured_media":0,"parent":2126,"menu_order":20,"comment_status":"closed","ping_status":"closed","template":"","meta":{"footnotes":""},"class_list":["post-2143","page","type-page","status-publish"],"_links":{"self":[{"href":"https:\/\/gintasset.com.vn\/vi\/wp-json\/wp\/v2\/pages\/2143\/"}],"collection":[{"href":"https:\/\/gintasset.com.vn\/vi\/wp-json\/wp\/v2\/pages\/"}],"about":[{"href":"https:\/\/gintasset.com.vn\/vi\/wp-json\/wp\/v2\/types\/page\/"}],"author":[{"embeddable":true,"href":"https:\/\/gintasset.com.vn\/vi\/wp-json\/wp\/v2\/users\/1\/"}],"replies":[{"embeddable":true,"href":"https:\/\/gintasset.com.vn\/vi\/wp-json\/wp\/v2\/comments\/?post=2143"}],"version-history":[{"count":6,"href":"https:\/\/gintasset.com.vn\/vi\/wp-json\/wp\/v2\/pages\/2143\/revisions\/"}],"predecessor-version":[{"id":2259,"href":"https:\/\/gintasset.com.vn\/vi\/wp-json\/wp\/v2\/pages\/2143\/revisions\/2259\/"}],"up":[{"embeddable":true,"href":"https:\/\/gintasset.com.vn\/vi\/wp-json\/wp\/v2\/pages\/2126\/"}],"wp:attachment":[{"href":"https:\/\/gintasset.com.vn\/vi\/wp-json\/wp\/v2\/media\/?parent=2143"}],"curies":[{"name":"wp","href":"https:\/\/api.w.org\/{rel}","templated":true}]}}