{"id":2142,"date":"2019-05-06T03:34:00","date_gmt":"2019-05-06T03:34:16","guid":{"rendered":"https:\/\/gintasset.com.vn\/huong-dan-nop-don\/viet-nam\/nhan-hieu-hang-hoa"},"modified":"2019-05-24T02:30:30","modified_gmt":"2019-05-24T02:30:30","slug":"nhan-hieu-hang-hoa","status":"publish","type":"page","link":"https:\/\/gintasset.com.vn\/vi\/huong-dan-nop-don\/viet-nam\/nhan-hieu-hang-hoa\/","title":{"rendered":"Nh\u00e3n hi\u1ec7u h\u00e0ng h\u00f3a"},"content":{"rendered":"<div class=\"nolwrap\"><p><span style=\"color: #800000;\"><strong>Th\u00f4ng tin<\/strong><\/span><\/p>\n<p>1. \u00a0\u00a0 T\u00ean, \u0111\u1ecba ch\u1ec9 \u0111\u1ea7y \u0111\u1ee7 v\u00e0 qu\u1ed1c t\u1ecbch c\u1ee7a Ng\u01b0\u1eddi n\u1ed9p \u0111\u01a1n;<br \/>\n2.\u00a0\u00a0 \u00a0M\u00f4 t\u1ea3 nh\u00e3n hi\u1ec7u: m\u00e0u s\u1eafc y\u00eau c\u1ea7u b\u1ea3o h\u1ed9, d\u1ecbch ngh\u0129a v\u00e0 phi\u00ean \u00e2m sang ti\u1ebfng Anh c\u1ee7a c\u00e1c t\u1eeb ti\u1ebfng La tinh n\u1ebfu nh\u01b0 nh\u00e3n hi\u1ec7u bao g\u1ed3m c\u00e1c t\u1eeb kh\u00f4ng ph\u1ea3i b\u1eb1ng ti\u1ebfng Anh;<br \/>\n3\u00a0\u00a0 \u00a0Danh m\u1ee5c h\u00e0ng h\u00f3a\/d\u1ecbch v\u1ee5 mang Nh\u00e3n hi\u1ec7u v\u00e0 nh\u00f3m t\u01b0\u01a1ng \u1ee9ng c\u1ee7a c\u00e1c h\u00e0ng h\u00f3a\/d\u1ecbch v\u1ee5 \u0111\u00f3 theo B\u1ea3ng Ph\u00e2n nh\u00f3m Qu\u1ed1c t\u1ebf (n\u1ebfu \u0111\u00e3 bi\u1ebft).<\/p>\n<p><span style=\"color: #800000;\"><strong>T\u00e0i li\u1ec7u<\/strong><\/span><\/p>\n<p>1. \u00a0\u00a0 M\u01b0\u1eddi l\u0103m (15) m\u1eabu Nh\u00e3n hi\u1ec7u, v\u1edbi k\u00edch th\u01b0\u1edbc kh\u00f4ng l\u1edbn h\u01a1n 80mm x 80mm v\u00e0 kh\u00f4ng nh\u1ecf h\u01a1n 15mm x 15mm (b\u1ea3n fax m\u1eabu nh\u00e3n hi\u1ec7u \u0111\u01b0\u1ee3c ch\u1ea5p nh\u1eadn t\u1ea1i th\u1eddi \u0111i\u1ec3m n\u1ed9p \u0111\u01a1n, v\u1edbi \u0111i\u1ec1u ki\u1ec7n m\u1eabu nh\u00e3n g\u1ed1c \u0111\u01b0\u1ee3c n\u1ed9p trong v\u00f2ng 3 th\u00e1ng k\u1ec3 f\u1eeb ng\u00e0y n\u1ed9p \u0111\u01a1n);<br \/>\n2.\u00a0\u00a0 \u00a0B\u1ea3n sao c\u00f3 x\u00e1c nh\u1eadn c\u1ee7a t\u00e0i li\u1ec7u \u01b0u ti\u00ean nh\u1eb1m h\u01b0\u1edfng quy\u1ec1n \u01b0u ti\u00ean theo C\u00f4ng \u01b0\u1edbc Pari (n\u1ebfu c\u00f3) (th\u00f4ng tin v\u1ec1 quy\u1ec1n \u01b0u ti\u00ean \u0111\u01b0\u1ee3c ch\u1ea5p nh\u1eadn \u1edf th\u1eddi \u0111i\u1ec3m n\u1ed9p \u0111\u01a1n, v\u1edbi \u0111i\u1ec1u ki\u1ec7n b\u1ea3n sao c\u00f3 x\u00e1c nh\u1eadn c\u1ee7a t\u00e0i li\u1ec7u \u01b0u ti\u00ean \u0111\u01b0\u1ee3c n\u1ed9p trong v\u00f2ng 3 th\u00e1ng k\u1ec3 t\u1eeb ng\u00e0y n\u1ed9p \u0111\u01a1n);<br \/>\n3.\u00a0\u00a0 \u00a0Gi\u1ea5y \u1ee7y quy\u1ec1n do Ng\u01b0\u1eddi n\u1ed9p \u0111\u01a1n x\u00e1c l\u1eadp, \u1ee7y quy\u1ec1n cho Gintasset trong vi\u1ec7c n\u1ed9p \u0111\u01a1n nh\u00e3n hi\u1ec7u (b\u1ea3n fax \u0111\u01b0\u1ee3c ch\u1ea5p nh\u1eadn t\u1ea1i th\u1eddi \u0111i\u1ec3m n\u1ed9p \u0111\u01a1n v\u1edbi \u0111i\u1ec1u ki\u1ec7n b\u1ea3n g\u1ed1c Gi\u1ea5y \u1ee7y quy\u1ec1n \u0111\u01b0\u1ee3c n\u1ed9p trong v\u00f2ng 1 th\u00e1ng k\u1ec3 t\u1eeb ng\u00e0y n\u1ed9p \u0111\u01a1n).<\/p>\n<p><span style=\"color: #800000;\"><strong>L\u01b0u \u00fd<\/strong><\/span><\/p>\n<ul>\n<li>M\u1ed7i \u0111\u01a1n nh\u00e3n hi\u1ec7u ch\u1ec9 \u0111\u01b0\u1ee3c n\u1ed9p cho m\u1ed9t nh\u00e3n hi\u1ec7u duy nh\u1ea5t nh\u01b0ng c\u00f3 th\u1ec3 bao g\u1ed3m m\u1ed9t ho\u1eb7c nhi\u1ec1u nh\u00f3m h\u00e0ng h\u00f3a\/d\u1ecbch v\u1ee5.<\/li>\n<li>Vi\u1ec7t Nam \u00e1p d\u1ee5ng B\u1ea3ng ph\u00e2n lo\u1ea1i qu\u1ed1c t\u1ebf H\u00e0ng h\u00f3a\/D\u1ecbch v\u1ee5 theo Th\u1ecfa \u01b0\u1edbc Nice, \u1ea5n b\u1ea3n l\u1ea7n th\u1ee9 9.<\/li>\n<\/ul>\n<\/div>","protected":false},"excerpt":{"rendered":"<p>Th\u00f4ng tin 1. \u00a0\u00a0 T\u00ean, \u0111\u1ecba ch\u1ec9 \u0111\u1ea7y \u0111\u1ee7 v\u00e0 qu\u1ed1c t\u1ecbch c\u1ee7a Ng\u01b0\u1eddi n\u1ed9p \u0111\u01a1n; 2.\u00a0\u00a0 \u00a0M\u00f4 t\u1ea3 nh\u00e3n hi\u1ec7u: m\u00e0u s\u1eafc y\u00eau c\u1ea7u b\u1ea3o h\u1ed9, d\u1ecbch ngh\u0129a v\u00e0 phi\u00ean \u00e2m sang ti\u1ebfng Anh c\u1ee7a c\u00e1c t\u1eeb ti\u1ebfng La tinh n\u1ebfu nh\u01b0 nh\u00e3n hi\u1ec7u bao g\u1ed3m c\u00e1c t\u1eeb kh\u00f4ng ph\u1ea3i b\u1eb1ng ti\u1ebfng Anh; 3\u00a0\u00a0 [&hellip;]<\/p>\n","protected":false},"author":1,"featured_media":0,"parent":2126,"menu_order":19,"comment_status":"closed","ping_status":"closed","template":"","meta":{"footnotes":""},"class_list":["post-2142","page","type-page","status-publish"],"_links":{"self":[{"href":"https:\/\/gintasset.com.vn\/vi\/wp-json\/wp\/v2\/pages\/2142\/"}],"collection":[{"href":"https:\/\/gintasset.com.vn\/vi\/wp-json\/wp\/v2\/pages\/"}],"about":[{"href":"https:\/\/gintasset.com.vn\/vi\/wp-json\/wp\/v2\/types\/page\/"}],"author":[{"embeddable":true,"href":"https:\/\/gintasset.com.vn\/vi\/wp-json\/wp\/v2\/users\/1\/"}],"replies":[{"embeddable":true,"href":"https:\/\/gintasset.com.vn\/vi\/wp-json\/wp\/v2\/comments\/?post=2142"}],"version-history":[{"count":4,"href":"https:\/\/gintasset.com.vn\/vi\/wp-json\/wp\/v2\/pages\/2142\/revisions\/"}],"predecessor-version":[{"id":2580,"href":"https:\/\/gintasset.com.vn\/vi\/wp-json\/wp\/v2\/pages\/2142\/revisions\/2580\/"}],"up":[{"embeddable":true,"href":"https:\/\/gintasset.com.vn\/vi\/wp-json\/wp\/v2\/pages\/2126\/"}],"wp:attachment":[{"href":"https:\/\/gintasset.com.vn\/vi\/wp-json\/wp\/v2\/media\/?parent=2142"}],"curies":[{"name":"wp","href":"https:\/\/api.w.org\/{rel}","templated":true}]}}