{"id":2141,"date":"2019-05-06T03:34:00","date_gmt":"2019-05-06T03:34:16","guid":{"rendered":"https:\/\/gintasset.com.vn\/huong-dan-nop-don\/viet-nam\/sang-che-giai-phap-huu-ich"},"modified":"2019-05-10T05:01:37","modified_gmt":"2019-05-10T05:01:37","slug":"sang-che-giai-phap-huu-ich","status":"publish","type":"page","link":"https:\/\/gintasset.com.vn\/vi\/huong-dan-nop-don\/viet-nam\/sang-che-giai-phap-huu-ich\/","title":{"rendered":"S\u00e1ng ch\u1ebf\/Gi\u1ea3i ph\u00e1p h\u1eefu \u00edch"},"content":{"rendered":"<div class=\"nolwrap\"><p style=\"text-align: center;\"><span style=\"color: #800000;\"><strong><span style=\"text-decoration: underline;\">H\u01af\u1edaNG D\u1eaaN C\u00c1C TH\u1ee6 T\u1ee4C N\u1ed8P \u0110\u01a0N XIN C\u1ea4P<\/span><\/strong><strong><br \/>\n<span style=\"text-decoration: underline;\">B\u1eb0NG \u0110\u1ed8C QUY\u1ec0N S\u00c1NG CH\u1ebe V\u00c0 GI\u1ea2I PH\u00c1P H\u1eeeU \u00cdCH T\u1ea0I VI\u1ec6T NAM<\/span><\/strong><\/span><\/p>\n<p><span style=\"color: #800000;\"><strong>A. <\/strong><strong>\u0110\u01a0N PCT V\u00c0O PHA QU\u1ed0C GIA <\/strong><strong>T<\/strong><strong>\u1ea0<\/strong><strong>I VI<\/strong><strong>\u1ec6<\/strong><strong>T NAM<\/strong><\/span><\/p>\n<p><strong>Th\u1eddi h\u1ea1n n\u1ed9p \u0111\u01a1n<\/strong><\/p>\n<p>1- Th\u1eddi h\u1ea1n \u0111\u1ec3 \u0111\u01a1n PCT v\u00e0o pha qu\u1ed1c gia t\u1ea1i Vi\u1ec7t Nam l\u00e0 31 th\u00e1ng k\u1ec3 t\u1eeb ng\u00e0y \u01b0u ti\u00ean s\u1edbm nh\u1ea5t (ho\u1eb7c k\u1ec3 t\u1eeb ng\u00e0y n\u1ed9p \u0111\u01a1n qu\u1ed1c t\u1ebf n\u1ebfu \u0111\u01a1n qu\u1ed1c t\u1ebf kh\u00f4ng xin h\u01b0\u1edfng quy\u1ec1n \u01b0u ti\u00ean).<\/p>\n<p>2- Ch\u1ee7 \u0111\u01a1n kh\u00f4ng \u0111\u01b0\u1ee3c xin \u00e2n h\u1ea1n th\u1eddi h\u1ea1n \u0111\u1ec3 \u0111\u01a1n PCT v\u00e0o pha qu\u1ed1c gia t\u1ea1i Vi\u1ec7t Nam tr\u1eeb tr\u01b0\u1eddng h\u1ee3p n\u1ed9p mu\u1ed9n \u0111\u01a1n do b\u1ea5t kh\u1ea3 kh\u00e1ng (chi\u1ebfn tranh, thi\u00ean tai, tai n\u1ea1n\u2026).<\/p>\n<p><strong>C\u00e1c th\u00f4ng tin c<\/strong><strong>\u1ea7<\/strong><strong>n cung c<\/strong><strong>\u1ea5<\/strong><strong>p <\/strong><\/p>\n<ol start=\"2\">\n<li>H\u1ecd t\u00ean \u0111\u1ea7y \u0111\u1ee7, \u0111\u1ecba ch\u1ec9 v\u00e0 qu\u1ed1c t\u1ecbch c\u1ee7a ch\u1ee7 \u0111\u01a1n;<\/li>\n<li>H\u1ecd t\u00ean \u0111\u1ea7y \u0111\u1ee7, \u0111\u1ecba ch\u1ec9 v\u00e0 qu\u1ed1c t\u1ecbch c\u1ee7a (c\u00e1c) t\u00e1c gi\u1ea3;<\/li>\n<li>N\u01b0\u1edbc \u01b0u ti\u00ean c\u1ee7a \u0111\u01a1n, s\u1ed1 \u0111\u01a1n \u01b0u ti\u00ean v\u00e0 ng\u00e0y \u01b0u ti\u00ean;<\/li>\n<li>S\u1ed1 \u0111\u01a1n qu\u1ed1c t\u1ebf\/s\u1ed1 c\u00f4ng b\u1ed1 \u0111\u01a1n qu\u1ed1c t\u1ebf.<strong><br \/>\n<\/strong><\/li>\n<\/ol>\n<p><strong>C\u00e1c t\u00e0i li<\/strong><strong>\u1ec7u c<\/strong><strong>\u1ea7n cung c<\/strong><strong>\u1ea5p<\/strong><strong>\u00a0<\/strong><\/p>\n<ol>\n<li>B\u1ea3n ti\u1ebfng Anh c\u1ee7a b\u1ea3n m\u00f4 t\u1ea3 s\u00e1ng ch\u1ebf\/gi\u1ea3i ph\u00e1p h\u1eefu \u00edch (t\u1ed1t nh\u1ea5t l\u00e0 d\u01b0\u1edbi d\u1ea1ng file Word).<\/li>\n<li>B\u1ea3n g\u1ed1c Gi\u1ea5y \u1ee7y quy\u1ec1n (kh\u00f4ng c\u1ea7n c\u00f4ng ch\u1ee9ng).<\/li>\n<li>Th\u00f4ng b\u00e1o ghi nh\u1eadn thay \u0111\u1ed5i (M\u1eabu PCT\/IB\/306), S\u1eeda \u0111\u1ed5i theo Article 19, S\u1eeda \u0111\u1ed5i theo Article 34, n\u1ebfu c\u00f3.<\/li>\n<\/ol>\n<p><strong>L\u01b0u <\/strong><strong>\u00fd: <\/strong>T\u00e0i li\u1ec7u \u01b0u ti\u00ean l\u00e0 <strong>KH\u00d4NG<\/strong> y\u00eau c\u1ea7u<\/p>\n<p><span style=\"color: #800000;\"><strong>B. \u0110\u01a0N XIN H\u01af\u1edeNG QUY\u1ec0N \u01afU TI\u00caN THEO C\u00d4NG \u01af\u1edaC PARIS<\/strong><\/span><\/p>\n<p><strong>Th\u1eddi h\u1ea1n n\u1ed9p \u0111\u01a1n<\/strong><\/p>\n<ol>\n<li>Th\u1eddi h\u1ea1n \u0111\u1ec3 n\u1ed9p \u0111\u01a1n xin h\u01b0\u1edfng quy\u1ec1n \u01b0u ti\u00ean theo c\u00f4ng \u01b0\u1edbc Paris l\u00e0 <strong>12 th\u00e1ng<\/strong> k\u1ec3 t\u1eeb ng\u00e0y \u01b0u ti\u00ean.<\/li>\n<li><strong>Kh\u00f4ng c\u00f3 th<\/strong><strong>\u1edd<\/strong><strong>i gian \u00e2n h<\/strong><strong>\u1ea1<\/strong><strong>n<\/strong> \u0111\u1ec3 xin h\u01b0\u1edfng quy\u1ec1n \u01b0u ti\u00ean tr\u1eeb tr\u01b0\u1eddng h\u1ee3p n\u1ed9p \u0111\u01a1n mu\u1ed9n do b\u1ea5t kh\u1ea3 kh\u00e1ng (chi\u1ebfn tranh, thi\u00ean tai, tai n\u1ea1n\u2026).<\/li>\n<\/ol>\n<p><strong>C\u00e1c th\u00f4ng tin c<\/strong><strong>\u1ea7<\/strong><strong>n cung c<\/strong><strong>\u1ea5<\/strong><strong>p<\/strong><\/p>\n<ol>\n<li>H\u1ecd t\u00ean \u0111\u1ea7y \u0111\u1ee7, \u0111\u1ecba ch\u1ec9 v\u00e0 qu\u1ed1c t\u1ecbch c\u1ee7a ch\u1ee7 \u0111\u01a1n;<\/li>\n<li>H\u1ecd t\u00ean \u0111\u1ea7y \u0111\u1ee7, \u0111\u1ecba ch\u1ec9 v\u00e0 qu\u1ed1c t\u1ecbch c\u1ee7a (c\u00e1c) t\u00e1c gi\u1ea3;<\/li>\n<li>N\u01b0\u1edbc \u01b0u ti\u00ean c\u1ee7a \u0111\u01a1n, s\u1ed1 \u0111\u01a1n \u01b0u ti\u00ean v\u00e0 ng\u00e0y \u01b0u ti\u00ean;<\/li>\n<li>Ph\u00e2n lo\u1ea1i s\u00e1ng ch\u1ebf qu\u1ed1c t\u1ebf (IPC: International Patent Classification) c\u1ee7a \u0111\u01a1n s\u00e1ng ch\u1ebf\/gi\u1ea3i ph\u00e1p h\u1eefu \u00edch. N\u1ebfu Ch\u1ee7 \u0111\u01a1n kh\u00f4ng cung c\u1ea5p th\u00f4ng tin n\u00e0y, s\u1ebd ph\u00e1t sinh ph\u00ed ph\u00e2n lo\u1ea1i s\u00e1ng ch\u1ebf.<\/li>\n<\/ol>\n<p><strong>C\u00e1c t\u00e0i li<\/strong><strong>\u1ec7u c<\/strong><strong>\u1ea7n cung c<\/strong><strong>\u1ea5p<\/strong><strong>\u00a0<\/strong><\/p>\n<ol>\n<li>B\u1ea3n ti\u1ebfng Anh c\u1ee7a b\u1ea3n m\u00f4 t\u1ea3 s\u00e1ng ch\u1ebf\/gi\u1ea3i ph\u00e1p h\u1eefu \u00edch (t\u1ed1t nh\u1ea5t l\u00e0 d\u01b0\u1edbi d\u1ea1ng file Word).<\/li>\n<li>B\u1ea3n g\u1ed1c Gi\u1ea5y \u1ee7y quy\u1ec1n (kh\u00f4ng c\u1ea7n c\u00f4ng ch\u1ee9ng)<\/li>\n<li>Th\u1eddi h\u1ea1n n\u1ed9p b\u1ea3n g\u1ed1c Gi\u1ea5y \u1ee7y quy\u1ec1n l\u00e0 <strong>01 th\u00e1ng<\/strong> k\u1ec3 t\u1eeb ng\u00e0y n\u1ed9p \u0111\u01a1n. Th\u1eddi h\u1ea1n n\u00e0y <strong>kh\u00f4ng \u0111\u01b0\u1ee3c gia h\u1ea1n<\/strong>.<\/li>\n<li>T\u00e0i li\u1ec7u \u01b0u ti\u00ean: Th\u1eddi h\u1ea1n n\u1ed9p (c\u00e1c) t\u00e0i li\u1ec7u \u01b0u ti\u00ean l\u00e0 3 th\u00e1ng k\u1ec3 t\u1eeb ng\u00e0y n\u1ed9p \u0111\u01a1n. Th\u1eddi h\u1ea1n n\u00e0y <strong>kh\u00f4ng \u0111\u01b0\u1ee3c gia h\u1ea1n<\/strong>.<\/li>\n<\/ol>\n<p><span style=\"color: #800000;\"><strong>C. \u0110\u01a0N TH\u01af\u1edcNG<\/strong><\/span><\/p>\n<p><strong>C\u00e1c th\u00f4ng tin c<\/strong><strong>\u1ea7<\/strong><strong>n cung c<\/strong><strong>\u1ea5<\/strong><strong>p<\/strong><\/p>\n<ol>\n<li>H\u1ecd t\u00ean \u0111\u1ea7y \u0111\u1ee7, \u0111\u1ecba ch\u1ec9 v\u00e0 qu\u1ed1c t\u1ecbch c\u1ee7a ch\u1ee7 \u0111\u01a1n;<\/li>\n<li>H\u1ecd t\u00ean \u0111\u1ea7y \u0111\u1ee7, \u0111\u1ecba ch\u1ec9 v\u00e0 qu\u1ed1c t\u1ecbch c\u1ee7a (c\u00e1c) t\u00e1c gi\u1ea3;<\/li>\n<li>Ph\u00e2n lo\u1ea1i s\u00e1ng ch\u1ebf qu\u1ed1c t\u1ebf (IPC: International Patent Classification)<\/li>\n<\/ol>\n<p><strong>C\u00e1c t\u00e0i li<\/strong><strong>\u1ec7u c<\/strong><strong>\u1ea7n cung c<\/strong><strong>\u1ea5p<\/strong><strong>\u00a0<\/strong><\/p>\n<ol>\n<li>B\u1ea3n ti\u1ebfng Anh c\u1ee7a b\u1ea3n m\u00f4 t\u1ea3 (t\u1ed1t nh\u1ea5t l\u00e0 d\u01b0\u1edbi d\u1ea1ng file Word).<\/li>\n<li>B\u1ea3n g\u1ed1c Gi\u1ea5y \u1ee7y quy\u1ec1n (kh\u00f4ng c\u1ea7n c\u00f4ng ch\u1ee9ng)<\/li>\n<\/ol>\n<p><strong>QUY TR\u00ccNH<\/strong><strong>\u00a0<\/strong><\/p>\n<p>\u0110\u01a1n s\u00e1ng ch\u1ebf\/gi\u1ea3i ph\u00e1p h\u1eefu \u00edch s\u1ebd \u0111\u01b0\u1ee3c th\u1ea9m \u0111\u1ecbnh h\u00ecnh th\u1ee9c, c\u00f4ng b\u1ed1 v\u00e0 ti\u1ebfp theo l\u00e0 th\u1ea9m \u0111\u1ecbnh n\u1ed9i dung.<strong>\u00a0<\/strong><\/p>\n<p><strong>Th<\/strong><strong>\u1ea9<\/strong><strong>m \u0111<\/strong><strong>\u1ecb<\/strong><strong>nh h\u00ecnh th<\/strong><strong>\u1ee9<\/strong><strong>c<\/strong><\/p>\n<p>&#8211; \u0110\u1ed1i v\u1edbi \u0111\u01a1n xin h\u01b0\u1edfng quy\u1ec1n \u01b0u ti\u00ean theo c\u00f4ng \u01b0\u1edbc Paris v\u00e0 \u0111\u01a1n th\u01b0\u1eddng, th\u1eddi gian th\u1ea9m \u0111\u1ecbnh h\u00ecnh th\u1ee9c l\u00e0 <strong>1 th\u00e1ng<\/strong> k\u1ec3 t\u1eeb (i) ng\u00e0y n\u1ed9p \u0111\u01a1n (n\u1ebfu \u0111\u00e3 n\u1ed9p to\u00e0n b\u1ed9 t\u00e0i li\u1ec7u y\u00eau c\u1ea7u), ho\u1eb7c (ii) ng\u00e0y C\u1ee5c SHTT nh\u1eadn \u0111\u01b0\u1ee3c to\u00e0n b\u1ed9 t\u00e0i li\u1ec7u y\u00eau c\u1ea7u, t\u00f9y theo ng\u00e0y n\u00e0o mu\u1ed9n h\u01a1n.<\/p>\n<p>&#8211; Th\u1eddi gian b\u1eaft \u0111\u1ea7u th\u1ea9m \u0111\u1ecbnh h\u00ecnh th\u1ee9c \u0111\u01a1n PCT v\u00e0o pha qu\u1ed1c gia t\u1ea1i Vi\u1ec7t Nam l\u00e0 ng\u00e0y \u0111\u1ea7u ti\u00ean c\u1ee7a th\u00e1ng th\u1ee9 32 k\u1ec3 t\u1eeb ng\u00e0y \u01b0u ti\u00ean s\u1edbm nh\u1ea5t. Th\u1eddi gian th\u1ea9m \u0111\u1ecbnh h\u00ecnh th\u1ee9c l\u00e0 1 th\u00e1ng k\u1ec3 t\u1eeb (i) ng\u00e0y b\u1eaft \u0111\u1ea7u (n\u1ebfu \u0111\u00e3 n\u1ed9p to\u00e0n b\u1ed9 t\u00e0i li\u1ec7u y\u00eau c\u1ea7u), ho\u1eb7c (ii) ng\u00e0y C\u1ee5c SHTT nh\u1eadn \u0111\u01b0\u1ee3c to\u00e0n b\u1ed9 t\u00e0i li\u1ec7u y\u00eau c\u1ea7u, t\u00f9y theo ng\u00e0y n\u00e0o mu\u1ed9n h\u01a1n.<\/p>\n<p>&#8211; Theo th\u1ef1c t\u1ebf, th\u1eddi gian th\u1ea9m \u0111\u1ecbnh h\u00ecnh th\u1ee9c th\u01b0\u1eddng b\u1ecb tr\u00ec ho\u00e3n do s\u1ef1 qu\u00e1 t\u1ea3i c\u1ee7a C\u1ee5c SHTT. N\u1ebfu \u0111\u01a1n \u0111\u00e1p \u1ee9ng c\u00e1c quy \u0111\u1ecbnh v\u1ec1 h\u00ecnh th\u1ee9c, C\u1ee5c SHTT s\u1ebd ra Quy\u1ebft \u0111\u1ecbnh ch\u1ea5p nh\u1eadn \u0111\u01a1n. N\u1ebfu \u0111\u01a1n kh\u00f4ng \u0111\u00e1p \u1ee9ng c\u00e1c quy \u0111\u1ecbnh v\u1ec1 h\u00ecnh th\u1ee9c, C\u1ee5c SHTT s\u1ebd Th\u00f4ng b\u00e1o k\u1ebft qu\u1ea3 th\u1ea9m \u0111\u1ecbnh h\u00ecnh th\u1ee9c.<\/p>\n<p><strong>C\u00f4ng b\u1ed1 \u0111\u01a1n<\/strong><\/p>\n<p>\u0110\u01a1n s\u00e1ng ch\u1ebf\/gi\u1ea3i ph\u00e1p h\u1eefu \u00edch h\u1ee3p l\u1ec7 s\u1ebd \u0111\u01b0\u1ee3c c\u00f4ng b\u1ed1 trong <strong>th\u00e1ng th<\/strong><strong>\u1ee9<\/strong><strong> 19<\/strong> k\u1ec3 t\u1eeb ho\u1eb7c (i) ng\u00e0y \u01b0u ti\u00ean s\u1edbm nh\u1ea5t ho\u1eb7c ng\u00e0y n\u1ed9p \u0111\u01a1n (n\u1ebfu \u0111\u01a1n kh\u00f4ng xin h\u01b0\u1edfng quy\u1ec1n \u01b0u ti\u00ean), ho\u1eb7c (ii) trong v\u00f2ng <strong>2 th\u00e1ng<\/strong> k\u1ec3 t\u1eeb \u0111\u01b0\u1ee3c ch\u1ea5p nh\u1eadn l\u00e0 \u0111\u01a1n h\u1ee3p l\u1ec7, t\u00f9y theo ng\u00e0y n\u00e0o mu\u1ed9n h\u01a1n.<\/p>\n<p><strong>Th\u1ea9m \u0111\u1ecbnh n\u1ed9i dung \u0111\u01a1n<\/strong><\/p>\n<p>&#8211; \u0110\u1ed1i v\u1edbi <strong>\u0111\u01a1n \u0111\u0103ng k<\/strong><strong>\u00fd s\u00e1ng ch<\/strong><strong>\u1ebf<\/strong>, th\u1eddi h\u1ea1n n\u1ed9p y\u00eau c\u1ea7u th\u1ea9m \u0111\u1ecbnh n\u1ed9i dung v\u00e0 ph\u00ed th\u1ea9m \u0111\u1ecbnh n\u1ed9i dung l\u00e0 trong v\u00f2ng <strong>42 th\u00e1ng<\/strong> k\u1ec3 t\u1eeb ng\u00e0y \u01b0u ti\u00ean s\u1edbm nh\u1ea5t;<\/p>\n<p>&#8211; \u0110\u1ed1i v\u1edbi <strong>\u0111\u01a1n \u0111\u0103ng k<\/strong><strong>\u00fd gi<\/strong><strong>\u1ea3<\/strong><strong>i ph\u00e1p h<\/strong><strong>\u1eef<\/strong><strong>u \u00edch<\/strong>, th\u1eddi h\u1ea1n n\u1ed9p y\u00eau c\u1ea7u th\u1ea9m \u0111\u1ecbnh n\u1ed9i dung v\u00e0 ph\u00ed th\u1ea9m \u0111\u1ecbnh n\u1ed9i dung l\u00e0 trong v\u00f2ng <strong>36 th\u00e1ng<\/strong> k\u1ec3 t\u1eeb ng\u00e0y \u01b0u ti\u00ean s\u1edbm nh\u1ea5t;<\/p>\n<p>&#8211; Th\u1eddi h\u1ea1n n\u1ed9p y\u00eau c\u1ea7u th\u1ea9m \u0111\u1ecbnh n\u1ed9i dung kh\u00f4ng \u0111\u01b0\u1ee3c gia h\u1ea1n tr\u1eeb khi vi\u1ec7c ch\u1eadm tr\u1ec5 l\u00e0 do c\u00e1c tr\u01b0\u1eddng h\u1ee3p b\u1ea5t kh\u1ea3 kh\u00e1ng (chi\u1ebfn tranh, thi\u00ean tai, tai n\u1ea1n\u2026).<\/p>\n<p>&#8211; Theo quy \u0111\u1ecbnh, th\u1eddi gian th\u1ea9m \u0111\u1ecbnh n\u1ed9i dung l\u00e0 18 th\u00e1ng k\u1ec3 t\u1eeb ho\u1eb7c (i) ng\u00e0y c\u00f4ng b\u1ed1 \u0111\u01a1n (n\u1ebfu y\u00eau c\u1ea7u th\u1ea9m \u0111\u1ecbnh n\u1ed9i dung n\u1ed9p tr\u01b0\u1edbc ng\u00e0y c\u00f4ng b\u1ed1 \u0111\u01a1n), ho\u1eb7c (ii) ng\u00e0y y\u00eau c\u1ea7u (n\u1ebfu y\u00eau c\u1ea7u n\u1ed9p sau ng\u00e0y c\u00f4ng b\u1ed1 \u0111\u01a1n). Tuy nhi\u00ean, tr\u00ean th\u1ef1c t\u1ebf th\u1eddi gian n\u00e0y th\u01b0\u1eddng b\u1ecb ch\u1eadm tr\u1ec5.<\/p>\n<p>&#8211; Th\u1ea9m \u0111\u1ecbnh vi\u00ean th\u01b0\u1eddng s\u1eed d\u1ee5ng k\u1ebft qu\u1ea3 th\u1ea9m \u0111\u1ecbnh n\u1ed9i dung c\u00e1c \u0111\u01a1n \u0111\u1ed3ng d\u1ea1ng th\u1ea9m \u0111\u1ecbnh b\u1edfi c\u00e1c c\u01a1 quan s\u00e1ng ch\u1ebf l\u1edbn nh\u01b0 USPTO, EPO, JPO, KIPO, SIPO\u2026 khi th\u1ea9m \u0111\u1ecbnh n\u1ed9i dung \u0111\u01a1n Vi\u1ec7t Nam. Do \u0111\u00f3, \u0111\u1ec3 th\u00fac \u0111\u1ea9y qu\u00e1 tr\u00ecnh th\u1ea9m \u0111\u1ecbnh n\u1ed9i dung, ch\u1ee7 \u0111\u01a1n n\u00ean cung c\u1ea5p th\u00f4ng tin v\u1ec1 b\u1eb1ng \u0111\u1ed3ng d\u1ea1ng ngay khi b\u1eb1ng \u0111\u1ed3ng d\u1ea1ng \u0111\u01b0\u1ee3c c\u1ea5p.<\/p>\n<p><strong>\u00a0<\/strong><strong>Duy tr\u00ec hi<\/strong><strong>\u1ec7<\/strong><strong>u l<\/strong><strong>\u1ef1<\/strong><strong>c<\/strong><\/p>\n<p>&#8211; Th\u1eddi h\u1ea1n hi\u1ec7u l\u1ef1c c\u1ee7a B\u1eb1ng S\u00e1ng ch\u1ebf l\u00e0 <strong>20 n\u0103m<\/strong> v\u00e0 th\u1eddi h\u1ea1n hi\u1ec7u l\u1ef1c c\u1ee7a B\u1eb1ng Gi\u1ea3i ph\u00e1p h\u1eefu \u00edch l\u00e0 <strong>10 n\u0103m<\/strong> k\u1ec3 t\u1eeb ng\u00e0y n\u1ed9p \u0111\u01a1n.<\/p>\n<p>&#8211; Ch\u1ec9 n\u1ed9p ph\u00ed duy tr\u00ec hi\u1ec7u l\u1ef1c sau khi b\u1eb1ng \u0111\u01b0\u1ee3c c\u1ea5p;<\/p>\n<p>&#8211; Ph\u00ed duy tr\u00ec hi\u1ec7u l\u1ef1c n\u0103m th\u1ee9 1 \u0111\u01b0\u1ee3c n\u1ed9p c\u00f9ng v\u1edbi ph\u00ed c\u1ea5p b\u1eb1ng. Th\u1eddi h\u1ea1n n\u1ed9p ph\u00ed duy tr\u00ec hi\u1ec7u l\u1ef1c c\u00e1c n\u0103m ti\u1ebfp theo l\u00e0 theo ng\u00e0y c\u1ea5p b\u1eb1ng;<\/p>\n<p>&#8211; Ph\u00ed duy tr\u00ec hi\u1ec7u l\u1ef1c c\u00f3 th\u1ec3 \u0111\u01b0\u1ee3c n\u1ed9p mu\u1ed9n <strong>6 th\u00e1ng<\/strong> v\u1edbi chi ph\u00ed l\u00e0 10% ph\u00ed duy tr\u00ec hi\u1ec7u l\u1ef1c c\u1ee7a t\u1eebng th\u00e1ng n\u1ed9p mu\u1ed9n.<\/p>\n<\/div>","protected":false},"excerpt":{"rendered":"<p>H\u01af\u1edaNG D\u1eaaN C\u00c1C TH\u1ee6 T\u1ee4C N\u1ed8P \u0110\u01a0N XIN C\u1ea4P B\u1eb0NG \u0110\u1ed8C QUY\u1ec0N S\u00c1NG CH\u1ebe V\u00c0 GI\u1ea2I PH\u00c1P H\u1eeeU \u00cdCH T\u1ea0I VI\u1ec6T NAM A. \u0110\u01a0N PCT V\u00c0O PHA QU\u1ed0C GIA T\u1ea0I VI\u1ec6T NAM Th\u1eddi h\u1ea1n n\u1ed9p \u0111\u01a1n 1- Th\u1eddi h\u1ea1n \u0111\u1ec3 \u0111\u01a1n PCT v\u00e0o pha qu\u1ed1c gia t\u1ea1i Vi\u1ec7t Nam l\u00e0 31 th\u00e1ng k\u1ec3 t\u1eeb ng\u00e0y [&hellip;]<\/p>\n","protected":false},"author":1,"featured_media":0,"parent":2126,"menu_order":18,"comment_status":"closed","ping_status":"closed","template":"","meta":{"footnotes":""},"class_list":["post-2141","page","type-page","status-publish"],"_links":{"self":[{"href":"https:\/\/gintasset.com.vn\/vi\/wp-json\/wp\/v2\/pages\/2141\/"}],"collection":[{"href":"https:\/\/gintasset.com.vn\/vi\/wp-json\/wp\/v2\/pages\/"}],"about":[{"href":"https:\/\/gintasset.com.vn\/vi\/wp-json\/wp\/v2\/types\/page\/"}],"author":[{"embeddable":true,"href":"https:\/\/gintasset.com.vn\/vi\/wp-json\/wp\/v2\/users\/1\/"}],"replies":[{"embeddable":true,"href":"https:\/\/gintasset.com.vn\/vi\/wp-json\/wp\/v2\/comments\/?post=2141"}],"version-history":[{"count":5,"href":"https:\/\/gintasset.com.vn\/vi\/wp-json\/wp\/v2\/pages\/2141\/revisions\/"}],"predecessor-version":[{"id":2262,"href":"https:\/\/gintasset.com.vn\/vi\/wp-json\/wp\/v2\/pages\/2141\/revisions\/2262\/"}],"up":[{"embeddable":true,"href":"https:\/\/gintasset.com.vn\/vi\/wp-json\/wp\/v2\/pages\/2126\/"}],"wp:attachment":[{"href":"https:\/\/gintasset.com.vn\/vi\/wp-json\/wp\/v2\/media\/?parent=2141"}],"curies":[{"name":"wp","href":"https:\/\/api.w.org\/{rel}","templated":true}]}}